{"id":5315,"date":"2022-05-27T12:53:01","date_gmt":"2022-05-27T10:53:01","guid":{"rendered":"https:\/\/mygreenbrands.com\/?post_type=product&#038;p=5315"},"modified":"2026-02-28T17:09:42","modified_gmt":"2026-02-28T16:09:42","slug":"less-is-more-body-wash-nettoyant-corporel-lavande-250ml","status":"publish","type":"product","link":"https:\/\/awesomegreenbeauty.com\/en\/product\/less-is-more-body-wash-nettoyant-corporel-lavande-250ml\/","title":{"rendered":"LESS IS MORE BODY WASH &#8211; Nettoyant Corporel Lavande &#8211; 250ml"},"content":{"rendered":"<p>The <strong>Gel Bain-Douche<\/strong>\u00a0the <strong>Less is More<\/strong> est un nettoyant corporel biologique doux, con\u00e7u pour apaiser et revitaliser la peau tout en enveloppant votre corps d&rsquo;un parfum d\u00e9licat et relaxant de lavande. Sa formule naturelle nettoie la peau en profondeur sans la dess\u00e9cher, en respectant son \u00e9quilibre. Id\u00e9al pour les peaux sensibles ou s\u00e8ches, ce gel bain-douche transforme votre routine quotidienne en un v\u00e9ritable moment de bien-\u00eatre et de relaxation. Offrez \u00e0 votre peau un nettoyage doux tout en profitant d&rsquo;une exp\u00e9rience sensorielle apaisante.<\/p>\n<p>Avec son parfum pur et naturel, le <strong>Gel Bain-Douche<\/strong>\u00a0vous aide \u00e0 rel\u00e2cher les tensions et vous procure une sensation de calme et de s\u00e9r\u00e9nit\u00e9. Parfait pour un usage quotidien, il laisse la peau propre, douce et d\u00e9licatement parfum\u00e9e.<\/p>\n<h3><strong>Bienfaits du Gel Bain-Douche<\/strong><\/h3>\n<ul>\n<li><strong>Nettoyage Doux et Respectueux<\/strong> : Formule douce qui nettoie sans agresser la peau.<\/li>\n<li><strong>Apaisement et Hydratation<\/strong> : Enrichi en ingr\u00e9dients hydratants qui laissent la peau nourrie et souple.<\/li>\n<li><strong>Parfum Relaxant de Lavande<\/strong> : Offre une exp\u00e9rience sensorielle agr\u00e9able et apaisante.<\/li>\n<li><strong>Convient aux Peaux Sensibles<\/strong> : Id\u00e9al pour les peaux d\u00e9licates et r\u00e9actives.<\/li>\n<\/ul>\n<h3><strong>Key Ingredients<\/strong><\/h3>\n<ul>\n<li><strong>Extrait de Lavande Bio<\/strong> : La lavande est r\u00e9put\u00e9e pour ses vertus apaisantes et relaxantes. Elle calme la peau, r\u00e9duit les inflammations et procure une sensation de bien-\u00eatre avec son parfum doux et agr\u00e9able.<\/li>\n<li><strong>Aloe Vera Bio<\/strong> : <a href=\"https:\/\/naturaloe.org\/pages\/bienfaits-aloe-vera?srsltid=AfmBOooIZJLotM0DJ88-wFHMRhzXDmQOMngKDo8qBYl393QSYDf1Ewim\" target=\"_blank\" rel=\"noopener\"><span style=\"color: #993300;\"><strong>L\u2019aloe vera<\/strong><\/span><\/a> hydrate et apaise les peaux s\u00e8ches et sensibles. Il aide \u00e0 cicatriser et restaurer la peau tout en lui apportant fra\u00eecheur et confort.<\/li>\n<li><strong>Huile d\u2019Olive Bio<\/strong> : Nourrit la peau en profondeur et la prot\u00e8ge des agressions ext\u00e9rieures. Elle maintient la peau douce et souple tout en l\u2019hydratant.<\/li>\n<li><strong>Extrait de Calendula Bio<\/strong> : Connue pour ses propri\u00e9t\u00e9s anti-inflammatoires et cicatrisantes, <a href=\"https:\/\/www.laboratoire-lescuyer.com\/nos-actifs\/calendula?srsltid=AfmBOooRdxf3Y2xfgohPqvqkx1W6-5zZjhz0PU8mGR9d1D0FVzHNFZZi\" target=\"_blank\" rel=\"noopener\"><span style=\"color: #993300;\"><strong>le calendula<\/strong><\/span><\/a> aide \u00e0 apaiser les irritations et \u00e0 restaurer l\u2019\u00e9clat naturel de la peau.<\/li>\n<li><strong>Tensioactifs Doux d\u2019Origine V\u00e9g\u00e9tale<\/strong> : Ces tensioactifs nettoient la peau efficacement tout en pr\u00e9servant son film hydrolipidique naturel et en \u00e9vitant la d\u00e9shydratation.<\/li>\n<\/ul>\n<h3><strong>Conseils d&rsquo;Utilisation<\/strong><\/h3>\n<p>Appliquez le <strong>Gel Bain-Douche <\/strong>sur peau humide, faites mousser d\u00e9licatement, puis rincez abondamment. Pour une exp\u00e9rience compl\u00e8te, associez-le \u00e0 <a href=\"https:\/\/awesomegreenbeauty.com\/en\/product-category\/soins-du-corps\/exfoliants-produits-soins-du-corps\/\" target=\"_blank\" rel=\"noopener\"><strong><span style=\"color: #993300;\">un gommage<\/span><\/strong><\/a> doux ou \u00e0 <a href=\"https:\/\/awesomegreenbeauty.com\/en\/product-category\/soins-du-corps\/huiles-et-cremes-pour-le-corps\/\" target=\"_blank\" rel=\"noopener\"><strong><span style=\"color: #993300;\">une huile nourrissante<\/span><\/strong><\/a>\u00a0pour une peau encore plus douce et soyeuse.<\/p>\n<p>Offrez \u00e0 votre peau le soin qu\u2019elle m\u00e9rite avec le <strong>Gel Bain-Douche<\/strong> \u2013 un nettoyant corporel biologique qui nettoie, hydrate et apaise, tout en apportant une sensation de relaxation profonde.<\/p>","protected":false},"excerpt":{"rendered":"<p><b>LESS IS MORE\u00a0 | Bio | Body wash lavender | Soft and hydrating<\/b><\/p>\n<p>Le gel bain-douche \u00e0 base de plantes\u00a0 avec un effet revigorant et rafra\u00eechissant.<\/p>\n<ul>\n<li><strong>Nettoyage Doux et Respectueux<\/strong> : Formule douce qui nettoie sans agresser la peau.<\/li>\n<li><strong>Apaisement et Hydratation<\/strong> : Enrichi en ingr\u00e9dients hydratants qui laissent la peau nourrie et souple.<\/li>\n<li><strong>Parfum Relaxant de Lavande<\/strong> : Offre une exp\u00e9rience sensorielle agr\u00e9able et apaisante.<\/li>\n<li><strong>Convient aux Peaux Sensibles<\/strong> : Id\u00e9al pour les peaux d\u00e9licates et r\u00e9actives.<\/li>\n<\/ul>","protected":false},"featured_media":5317,"template":"","meta":{"ocean_post_layout":"","ocean_both_sidebars_style":"","ocean_both_sidebars_content_width":0,"ocean_both_sidebars_sidebars_width":0,"ocean_sidebar":"0","ocean_second_sidebar":"0","ocean_disable_margins":"enable","ocean_add_body_class":"","ocean_shortcode_before_top_bar":"","ocean_shortcode_after_top_bar":"","ocean_shortcode_before_header":"","ocean_shortcode_after_header":"","ocean_has_shortcode":"","ocean_shortcode_after_title":"","ocean_shortcode_before_footer_widgets":"","ocean_shortcode_after_footer_widgets":"","ocean_shortcode_before_footer_bottom":"","ocean_shortcode_after_footer_bottom":"","ocean_display_top_bar":"default","ocean_display_header":"default","ocean_header_style":"","ocean_center_header_left_menu":"0","ocean_custom_header_template":"0","ocean_custom_logo":0,"ocean_custom_retina_logo":0,"ocean_custom_logo_max_width":0,"ocean_custom_logo_tablet_max_width":0,"ocean_custom_logo_mobile_max_width":0,"ocean_custom_logo_max_height":0,"ocean_custom_logo_tablet_max_height":0,"ocean_custom_logo_mobile_max_height":0,"ocean_header_custom_menu":"0","ocean_menu_typo_font_family":"0","ocean_menu_typo_font_subset":"","ocean_menu_typo_font_size":0,"ocean_menu_typo_font_size_tablet":0,"ocean_menu_typo_font_size_mobile":0,"ocean_menu_typo_font_size_unit":"px","ocean_menu_typo_font_weight":"","ocean_menu_typo_font_weight_tablet":"","ocean_menu_typo_font_weight_mobile":"","ocean_menu_typo_transform":"","ocean_menu_typo_transform_tablet":"","ocean_menu_typo_transform_mobile":"","ocean_menu_typo_line_height":0,"ocean_menu_typo_line_height_tablet":0,"ocean_menu_typo_line_height_mobile":0,"ocean_menu_typo_line_height_unit":"","ocean_menu_typo_spacing":0,"ocean_menu_typo_spacing_tablet":0,"ocean_menu_typo_spacing_mobile":0,"ocean_menu_typo_spacing_unit":"","ocean_menu_link_color":"","ocean_menu_link_color_hover":"","ocean_menu_link_color_active":"","ocean_menu_link_background":"","ocean_menu_link_hover_background":"","ocean_menu_link_active_background":"","ocean_menu_social_links_bg":"","ocean_menu_social_hover_links_bg":"","ocean_menu_social_links_color":"","ocean_menu_social_hover_links_color":"","ocean_disable_title":"default","ocean_disable_heading":"default","ocean_post_title":"","ocean_post_subheading":"","ocean_post_title_style":"","ocean_post_title_background_color":"","ocean_post_title_background":0,"ocean_post_title_bg_image_position":"","ocean_post_title_bg_image_attachment":"","ocean_post_title_bg_image_repeat":"","ocean_post_title_bg_image_size":"","ocean_post_title_height":0,"ocean_post_title_bg_overlay":0.5,"ocean_post_title_bg_overlay_color":"","ocean_disable_breadcrumbs":"default","ocean_breadcrumbs_color":"","ocean_breadcrumbs_separator_color":"","ocean_breadcrumbs_links_color":"","ocean_breadcrumbs_links_hover_color":"","ocean_display_footer_widgets":"default","ocean_display_footer_bottom":"default","ocean_custom_footer_template":"0"},"product_cat":[21,92],"product_tag":[],"class_list":{"0":"post-5315","1":"product","2":"type-product","3":"status-publish","4":"has-post-thumbnail","6":"product_brand-less-is-more","7":"product_cat-soins-du-corps","8":"product_cat-nettoyants-produits-soins-du-corps","10":"entry","11":"has-media","13":"first","14":"outofstock","15":"taxable","16":"shipping-taxable","17":"purchasable","18":"product-type-simple","19":"has-product-nav","20":"col","21":"span_1_of_4","22":"owp-content-center","23":"owp-thumbs-layout-horizontal","24":"owp-btn-normal","25":"owp-tabs-layout-horizontal","26":"has-no-thumbnails"},"_links":{"self":[{"href":"https:\/\/awesomegreenbeauty.com\/en\/wp-json\/wp\/v2\/product\/5315","targetHints":{"allow":["GET"]}}],"collection":[{"href":"https:\/\/awesomegreenbeauty.com\/en\/wp-json\/wp\/v2\/product"}],"about":[{"href":"https:\/\/awesomegreenbeauty.com\/en\/wp-json\/wp\/v2\/types\/product"}],"version-history":[{"count":0,"href":"https:\/\/awesomegreenbeauty.com\/en\/wp-json\/wp\/v2\/product\/5315\/revisions"}],"wp:featuredmedia":[{"embeddable":true,"href":"https:\/\/awesomegreenbeauty.com\/en\/wp-json\/wp\/v2\/media\/5317"}],"wp:attachment":[{"href":"https:\/\/awesomegreenbeauty.com\/en\/wp-json\/wp\/v2\/media?parent=5315"}],"wp:term":[{"taxonomy":"product_cat","embeddable":true,"href":"https:\/\/awesomegreenbeauty.com\/en\/wp-json\/wp\/v2\/product_cat?post=5315"},{"taxonomy":"product_tag","embeddable":true,"href":"https:\/\/awesomegreenbeauty.com\/en\/wp-json\/wp\/v2\/product_tag?post=5315"}],"curies":[{"name":"wp","href":"https:\/\/api.w.org\/{rel}","templated":true}]}}