{"id":5318,"date":"2022-05-27T13:28:46","date_gmt":"2022-05-27T11:28:46","guid":{"rendered":"https:\/\/mygreenbrands.com\/?post_type=product&#038;p=5318"},"modified":"2023-06-13T16:48:47","modified_gmt":"2023-06-13T14:48:47","slug":"less-is-more-body-cream-creme-pour-le-corps-250ml","status":"publish","type":"product","link":"https:\/\/awesomegreenbeauty.com\/en\/product\/less-is-more-body-cream-creme-pour-le-corps-250ml\/","title":{"rendered":"LESS IS MORE BODY CREAM &#8211; Cr\u00e8me pour le corps &#8211; 250ml"},"content":{"rendered":"<p>La cr\u00e8me pour le corps, qui hydrate intens\u00e9ment, a un effet stimulant et apaisant lorsqu&rsquo;elle est appliqu\u00e9e en massage. Le beurre de cacao soutient la synth\u00e8se de collag\u00e8ne et la fonction de barri\u00e8re de la peau. Des pr\u00e9cieuses huiles v\u00e9g\u00e9tales biologiques press\u00e9es \u00e0 froid maintiennent votre peau merveilleusement, lissent et favorisent l&rsquo;\u00e9quilibre hydrique sans \u00eatre grasses. L&rsquo;aloe vera apaise, des enzymes naturelles renforcent la barri\u00e8re cutan\u00e9e et prot\u00e8gent la peau des influences nocives de l&rsquo;environnement. Convient \u00e0 tous les types de peau et aux enfants.<\/p>\n<p><strong>COCOA BUTTER<\/strong> &#8211; Le cacao contribue au bien-\u00eatre non seulement en tant qu&rsquo;aliment populaire sous forme de chocolat mais aussi en tant que beurre de cacao qui soigne la peau. En le massant directement sur la peau, il donne un effet de soin \u00e0 la fois stimulant et apaisant. Riche en vitamine E, en acides gras om\u00e9ga-3 et -6, les huiles v\u00e9g\u00e9tales biologiques press\u00e9es \u00e0 froid prot\u00e8gent \u00e9galement la peau de mani\u00e8re id\u00e9ale contre les influences ext\u00e9rieures. ,<\/p>\n<p><strong>JOJOBA OIL1, COCONUT OIL1,3, HEMP OIL1<\/strong><\/p>\n<p><strong>JUS D&rsquo;ALOE VERA1<\/strong> - Moisturizer for the skin, promotes cell renewal in the skin, cooling, soothing.<\/p>\n<p><strong>NATURAL ENZYMES<\/strong> &#8211; Telles que l&rsquo;extrait de kimchi et les bact\u00e9ries lactiques &#8211; fournissent \u00e0 la peau des vitamines, des enzymes et des min\u00e9raux importants, renforcent la propre barri\u00e8re cutan\u00e9e du corps et servent d&rsquo;hydratants optimaux.<\/p>\n<p><strong>AROMATIC BENEFIT<\/strong> &#8211; Lavande1, C\u00e8dre de l&rsquo;Atlas1, Patchouli1, Encens1. Purifiante, calmante, chaleureuse, \u00e9quilibrante.<\/p>\n<ol>\n<li>Organic agriculture 3. Fair trade<\/li>\n<\/ol>\n<p><img decoding=\"async\" class=\"alignleft\" src=\"https:\/\/cdn.shopify.com\/s\/files\/1\/0520\/0822\/2903\/files\/Cosmos_90x134.png?v=8975809079372852771\" alt=\"Cosmos\" width=\"62\" height=\"92\" \/><img decoding=\"async\" class=\"alignleft\" src=\"https:\/\/cdn.shopify.com\/s\/files\/1\/0520\/0822\/2903\/files\/Peta-vegan_170x112.png?v=11987833656074716155\" alt=\"Peta Vegan\" width=\"112\" height=\"74\" \/><\/p>","protected":false},"excerpt":{"rendered":"<p><b>LESS IS MORE\u00a0 | Bio |Body cream lavender | Soft and hydrating<\/b><\/p>\n<p>Deeply hydrating, smoothing body cream to nourish &amp; soften the skin.<\/p>","protected":false},"featured_media":5319,"template":"","meta":{"ocean_post_layout":"","ocean_both_sidebars_style":"","ocean_both_sidebars_content_width":0,"ocean_both_sidebars_sidebars_width":0,"ocean_sidebar":"0","ocean_second_sidebar":"0","ocean_disable_margins":"enable","ocean_add_body_class":"","ocean_shortcode_before_top_bar":"","ocean_shortcode_after_top_bar":"","ocean_shortcode_before_header":"","ocean_shortcode_after_header":"","ocean_has_shortcode":"","ocean_shortcode_after_title":"","ocean_shortcode_before_footer_widgets":"","ocean_shortcode_after_footer_widgets":"","ocean_shortcode_before_footer_bottom":"","ocean_shortcode_after_footer_bottom":"","ocean_display_top_bar":"default","ocean_display_header":"default","ocean_header_style":"","ocean_center_header_left_menu":"0","ocean_custom_header_template":"0","ocean_custom_logo":0,"ocean_custom_retina_logo":0,"ocean_custom_logo_max_width":0,"ocean_custom_logo_tablet_max_width":0,"ocean_custom_logo_mobile_max_width":0,"ocean_custom_logo_max_height":0,"ocean_custom_logo_tablet_max_height":0,"ocean_custom_logo_mobile_max_height":0,"ocean_header_custom_menu":"0","ocean_menu_typo_font_family":"0","ocean_menu_typo_font_subset":"","ocean_menu_typo_font_size":0,"ocean_menu_typo_font_size_tablet":0,"ocean_menu_typo_font_size_mobile":0,"ocean_menu_typo_font_size_unit":"px","ocean_menu_typo_font_weight":"","ocean_menu_typo_font_weight_tablet":"","ocean_menu_typo_font_weight_mobile":"","ocean_menu_typo_transform":"","ocean_menu_typo_transform_tablet":"","ocean_menu_typo_transform_mobile":"","ocean_menu_typo_line_height":0,"ocean_menu_typo_line_height_tablet":0,"ocean_menu_typo_line_height_mobile":0,"ocean_menu_typo_line_height_unit":"","ocean_menu_typo_spacing":0,"ocean_menu_typo_spacing_tablet":0,"ocean_menu_typo_spacing_mobile":0,"ocean_menu_typo_spacing_unit":"","ocean_menu_link_color":"","ocean_menu_link_color_hover":"","ocean_menu_link_color_active":"","ocean_menu_link_background":"","ocean_menu_link_hover_background":"","ocean_menu_link_active_background":"","ocean_menu_social_links_bg":"","ocean_menu_social_hover_links_bg":"","ocean_menu_social_links_color":"","ocean_menu_social_hover_links_color":"","ocean_disable_title":"default","ocean_disable_heading":"default","ocean_post_title":"","ocean_post_subheading":"","ocean_post_title_style":"","ocean_post_title_background_color":"","ocean_post_title_background":0,"ocean_post_title_bg_image_position":"","ocean_post_title_bg_image_attachment":"","ocean_post_title_bg_image_repeat":"","ocean_post_title_bg_image_size":"","ocean_post_title_height":0,"ocean_post_title_bg_overlay":0.5,"ocean_post_title_bg_overlay_color":"","ocean_disable_breadcrumbs":"default","ocean_breadcrumbs_color":"","ocean_breadcrumbs_separator_color":"","ocean_breadcrumbs_links_color":"","ocean_breadcrumbs_links_hover_color":"","ocean_display_footer_widgets":"default","ocean_display_footer_bottom":"default","ocean_custom_footer_template":"0"},"product_cat":[21,95],"product_tag":[],"class_list":{"0":"post-5318","1":"product","2":"type-product","3":"status-publish","4":"has-post-thumbnail","6":"product_brand-less-is-more","7":"product_cat-soins-du-corps","8":"product_cat-huiles-et-cremes-pour-le-corps","10":"entry","11":"has-media","13":"first","14":"outofstock","15":"taxable","16":"shipping-taxable","17":"purchasable","18":"product-type-simple","19":"has-product-nav","20":"col","21":"span_1_of_4","22":"owp-content-center","23":"owp-thumbs-layout-horizontal","24":"owp-btn-normal","25":"owp-tabs-layout-horizontal","26":"has-no-thumbnails"},"_links":{"self":[{"href":"https:\/\/awesomegreenbeauty.com\/en\/wp-json\/wp\/v2\/product\/5318","targetHints":{"allow":["GET"]}}],"collection":[{"href":"https:\/\/awesomegreenbeauty.com\/en\/wp-json\/wp\/v2\/product"}],"about":[{"href":"https:\/\/awesomegreenbeauty.com\/en\/wp-json\/wp\/v2\/types\/product"}],"version-history":[{"count":0,"href":"https:\/\/awesomegreenbeauty.com\/en\/wp-json\/wp\/v2\/product\/5318\/revisions"}],"wp:featuredmedia":[{"embeddable":true,"href":"https:\/\/awesomegreenbeauty.com\/en\/wp-json\/wp\/v2\/media\/5319"}],"wp:attachment":[{"href":"https:\/\/awesomegreenbeauty.com\/en\/wp-json\/wp\/v2\/media?parent=5318"}],"wp:term":[{"taxonomy":"product_cat","embeddable":true,"href":"https:\/\/awesomegreenbeauty.com\/en\/wp-json\/wp\/v2\/product_cat?post=5318"},{"taxonomy":"product_tag","embeddable":true,"href":"https:\/\/awesomegreenbeauty.com\/en\/wp-json\/wp\/v2\/product_tag?post=5318"}],"curies":[{"name":"wp","href":"https:\/\/api.w.org\/{rel}","templated":true}]}}