{"id":5332,"date":"2022-06-04T16:24:37","date_gmt":"2022-06-04T14:24:37","guid":{"rendered":"https:\/\/mygreenbrands.com\/?post_type=product&#038;p=5332"},"modified":"2026-02-25T15:59:36","modified_gmt":"2026-02-25T14:59:36","slug":"verite-spa-organics-jasmine-ylang-ylang-creme-reequilibrante-50ml","status":"publish","type":"product","link":"https:\/\/awesomegreenbeauty.com\/en\/product\/verite-spa-organics-jasmine-ylang-ylang-creme-reequilibrante-50ml\/","title":{"rendered":"VERIT\u00c9 SPA ORGANICS &#8211; JASMINE &amp; YLANG-YLANG &#8211; Cr\u00e8me r\u00e9\u00e9quilibrante &#8211; 50ml"},"content":{"rendered":"<p>Cr\u00e8me r\u00e9\u00e9quilibrante pour les peaux mixtes et grasses qui b\u00e9n\u00e9ficieront toutes deux de la valeur Aroma th\u00e9rapeutique du jasmin et de l&rsquo;ylang ylang. Ces deux ingr\u00e9dients aident \u00e0 \u00e9quilibrer la peau tandis que les huiles de jojoba, de beurre de karit\u00e9 et d&rsquo;olive aident \u00e0 fournir des nutriments vitaux et \u00e0 restaurer l&rsquo;\u00e9lasticit\u00e9 de la peau.<\/p>\n<p>Without synthetic fragrance, dyes, sulfates, oxalates or parabens. This product contains only natural and organic ingredients.<\/p>","protected":false},"excerpt":{"rendered":"<p><b>VERIT\u00c9 SPA ORGANICS | Cr\u00e8me r\u00e9\u00e9quilibrante | Peaux mixtes &amp; grasses | 100% Bio<\/b><\/p>\n<p>Cette cr\u00e8me r\u00e9\u00e9quilibrante est particuli\u00e8rement adapt\u00e9e aux peaux mixtes \u00e0 grasses qui b\u00e9n\u00e9ficieront toutes deux de la valeur Aroma th\u00e9rapeutique du jasmin et de l&rsquo;Ylang Ylang.<\/p>\n<p>Ainsi on retrouvera<strong> l\u2019huile essentielle d\u2019Ylang Ylang<\/strong> dans des soins :<\/p>\n<p>+ pour\u00a0 son <strong>action s\u00e9bo-r\u00e9gulatrice<\/strong><\/p>\n<p>+ ses <strong>propri\u00e9t\u00e9s anti-inflammatoires et cicatrisantes<\/strong><\/p>\n<p><strong>Le Jasmin<\/strong> a quant \u00e0 lui est appr\u00e9ci\u00e9 pour<\/p>\n<p><strong>+purifier + tonifier\u00a0 + lutter contre les signes de l&rsquo;\u00e2ge.<\/strong><\/p>\n<p><strong>Que du bon !<\/strong><\/p>\n<p>&nbsp;<\/p>\n<p>&nbsp;<\/p>\n<p>&nbsp;<\/p>","protected":false},"featured_media":5428,"template":"","meta":{"ocean_post_layout":"","ocean_both_sidebars_style":"","ocean_both_sidebars_content_width":0,"ocean_both_sidebars_sidebars_width":0,"ocean_sidebar":"0","ocean_second_sidebar":"0","ocean_disable_margins":"enable","ocean_add_body_class":"","ocean_shortcode_before_top_bar":"","ocean_shortcode_after_top_bar":"","ocean_shortcode_before_header":"","ocean_shortcode_after_header":"","ocean_has_shortcode":"","ocean_shortcode_after_title":"","ocean_shortcode_before_footer_widgets":"","ocean_shortcode_after_footer_widgets":"","ocean_shortcode_before_footer_bottom":"","ocean_shortcode_after_footer_bottom":"","ocean_display_top_bar":"default","ocean_display_header":"default","ocean_header_style":"","ocean_center_header_left_menu":"0","ocean_custom_header_template":"0","ocean_custom_logo":0,"ocean_custom_retina_logo":0,"ocean_custom_logo_max_width":0,"ocean_custom_logo_tablet_max_width":0,"ocean_custom_logo_mobile_max_width":0,"ocean_custom_logo_max_height":0,"ocean_custom_logo_tablet_max_height":0,"ocean_custom_logo_mobile_max_height":0,"ocean_header_custom_menu":"0","ocean_menu_typo_font_family":"0","ocean_menu_typo_font_subset":"","ocean_menu_typo_font_size":0,"ocean_menu_typo_font_size_tablet":0,"ocean_menu_typo_font_size_mobile":0,"ocean_menu_typo_font_size_unit":"px","ocean_menu_typo_font_weight":"","ocean_menu_typo_font_weight_tablet":"","ocean_menu_typo_font_weight_mobile":"","ocean_menu_typo_transform":"","ocean_menu_typo_transform_tablet":"","ocean_menu_typo_transform_mobile":"","ocean_menu_typo_line_height":0,"ocean_menu_typo_line_height_tablet":0,"ocean_menu_typo_line_height_mobile":0,"ocean_menu_typo_line_height_unit":"","ocean_menu_typo_spacing":0,"ocean_menu_typo_spacing_tablet":0,"ocean_menu_typo_spacing_mobile":0,"ocean_menu_typo_spacing_unit":"","ocean_menu_link_color":"","ocean_menu_link_color_hover":"","ocean_menu_link_color_active":"","ocean_menu_link_background":"","ocean_menu_link_hover_background":"","ocean_menu_link_active_background":"","ocean_menu_social_links_bg":"","ocean_menu_social_hover_links_bg":"","ocean_menu_social_links_color":"","ocean_menu_social_hover_links_color":"","ocean_disable_title":"default","ocean_disable_heading":"default","ocean_post_title":"","ocean_post_subheading":"","ocean_post_title_style":"","ocean_post_title_background_color":"","ocean_post_title_background":0,"ocean_post_title_bg_image_position":"","ocean_post_title_bg_image_attachment":"","ocean_post_title_bg_image_repeat":"","ocean_post_title_bg_image_size":"","ocean_post_title_height":0,"ocean_post_title_bg_overlay":0.5,"ocean_post_title_bg_overlay_color":"","ocean_disable_breadcrumbs":"default","ocean_breadcrumbs_color":"","ocean_breadcrumbs_separator_color":"","ocean_breadcrumbs_links_color":"","ocean_breadcrumbs_links_hover_color":"","ocean_display_footer_widgets":"default","ocean_display_footer_bottom":"default","ocean_custom_footer_template":"0"},"product_cat":[79,89,20],"product_tag":[],"class_list":{"0":"post-5332","1":"product","2":"type-product","3":"status-publish","4":"has-post-thumbnail","6":"product_brand-verite-spa-organics","7":"product_cat-hydratants-visage-aux-huiles-bio","8":"product_cat-peaux-grasses-mixtes","9":"product_cat-soins-du-visage","11":"entry","12":"has-media","14":"first","15":"instock","16":"taxable","17":"shipping-taxable","18":"purchasable","19":"product-type-simple","20":"has-product-nav","21":"col","22":"span_1_of_4","23":"owp-content-center","24":"owp-thumbs-layout-horizontal","25":"owp-btn-normal","26":"owp-tabs-layout-horizontal","27":"has-no-thumbnails"},"_links":{"self":[{"href":"https:\/\/awesomegreenbeauty.com\/en\/wp-json\/wp\/v2\/product\/5332","targetHints":{"allow":["GET"]}}],"collection":[{"href":"https:\/\/awesomegreenbeauty.com\/en\/wp-json\/wp\/v2\/product"}],"about":[{"href":"https:\/\/awesomegreenbeauty.com\/en\/wp-json\/wp\/v2\/types\/product"}],"version-history":[{"count":0,"href":"https:\/\/awesomegreenbeauty.com\/en\/wp-json\/wp\/v2\/product\/5332\/revisions"}],"wp:featuredmedia":[{"embeddable":true,"href":"https:\/\/awesomegreenbeauty.com\/en\/wp-json\/wp\/v2\/media\/5428"}],"wp:attachment":[{"href":"https:\/\/awesomegreenbeauty.com\/en\/wp-json\/wp\/v2\/media?parent=5332"}],"wp:term":[{"taxonomy":"product_cat","embeddable":true,"href":"https:\/\/awesomegreenbeauty.com\/en\/wp-json\/wp\/v2\/product_cat?post=5332"},{"taxonomy":"product_tag","embeddable":true,"href":"https:\/\/awesomegreenbeauty.com\/en\/wp-json\/wp\/v2\/product_tag?post=5332"}],"curies":[{"name":"wp","href":"https:\/\/api.w.org\/{rel}","templated":true}]}}