{"id":5334,"date":"2022-06-02T18:21:49","date_gmt":"2022-06-02T16:21:49","guid":{"rendered":"https:\/\/mygreenbrands.com\/?post_type=product&#038;p=5334"},"modified":"2025-10-02T19:31:19","modified_gmt":"2025-10-02T17:31:19","slug":"verite-spa-organics-creme-de-nuit-bio-regenerante-argousier-50ml","status":"publish","type":"product","link":"https:\/\/awesomegreenbeauty.com\/en\/product\/verite-spa-organics-creme-de-nuit-bio-regenerante-argousier-50ml\/","title":{"rendered":"VERIT\u00c9 SPA ORGANICS &#8211; Cr\u00e8me de nuit bio r\u00e9g\u00e9n\u00e9rante Argousier &#8211; 50ml"},"content":{"rendered":"<p><strong data-start=\"460\" data-end=\"493\">Une\u00a0 cr\u00e8me de nuit bio r\u00e9g\u00e9n\u00e9rante<a href=\"https:\/\/www.journaldemontreal.com\/2015\/10\/14\/les-mille-et-une-vertus-de-largousier\" target=\"_blank\" rel=\"noopener\"> Argousier<\/a> <\/strong>. Formul\u00e9e \u00e0 partir d\u2019ingr\u00e9dients nobles et certifi\u00e9s biologiques, elle nourrit intens\u00e9ment, stimule la r\u00e9g\u00e9n\u00e9ration cellulaire et aide \u00e0 pr\u00e9venir les signes de l\u2019\u00e2ge. Au r\u00e9veil, la peau est plus lisse, repulp\u00e9e et \u00e9clatante de vitalit\u00e9. A int\u00e9grer <strong>dans <a href=\"https:\/\/awesomegreenbeauty.com\/en\/les-peaux-matures-2\/\" target=\"_blank\" rel=\"noopener\">la routine beaut\u00e9 peaux matures<\/a><\/strong> !<\/p>\n<p><strong>Les huiles\u00a0 de grenade<\/strong>,<strong> d&rsquo;argousier<\/strong> infused <strong>black cumin seeds<\/strong> aident \u00e0 combattre l&rsquo;apparence des rides et ridules\u00a0 <strong>pour une peau repulp\u00e9e et un teint juste parfai<\/strong>t.<\/p>\n<p>Les huiles essentielles d&rsquo;<strong>Sweet orange<\/strong> et d&rsquo;<strong>Incense<\/strong> help promote collagen renewal.<\/p>\n<h2 data-start=\"739\" data-end=\"766\">Bienfaits principaux de cette <strong data-start=\"460\" data-end=\"493\">cr\u00e8me de nuit bio r\u00e9g\u00e9n\u00e9rante<a href=\"https:\/\/www.journalexpress.ca\/lexpress-magazine\/largousier-un-petit-fruit-aux-mille-vertus\/\" target=\"_blank\" rel=\"noopener\"> Argousier\u00a0<\/a><\/strong><\/h2>\n<ul data-start=\"767\" data-end=\"1360\">\n<li data-start=\"767\" data-end=\"896\">\n<p data-start=\"769\" data-end=\"896\"><strong data-start=\"769\" data-end=\"793\">Deep hydration<\/strong> gr\u00e2ce \u00e0 l\u2019acide hyaluronique et aux huiles pr\u00e9cieuses (jojoba, argan, avocat, noyau d\u2019abricot, lin).<\/p>\n<\/li>\n<li data-start=\"897\" data-end=\"1032\">\n<p data-start=\"899\" data-end=\"1032\"><strong data-start=\"899\" data-end=\"918\">Action anti-\u00e2ge<\/strong> : l\u2019huile de rose musqu\u00e9e, la grenade et le beurre de cacao favorisent la r\u00e9g\u00e9n\u00e9ration cutan\u00e9e et l\u2019\u00e9lasticit\u00e9.<\/p>\n<\/li>\n<li data-start=\"1033\" data-end=\"1148\">\n<p data-start=\"1035\" data-end=\"1148\"><strong data-start=\"1035\" data-end=\"1056\">Nutrition intense<\/strong> avec le karit\u00e9, le marula et le baobab qui renforcent la barri\u00e8re protectrice de la peau.<\/p>\n<\/li>\n<li data-start=\"1149\" data-end=\"1247\">\n<p data-start=\"1151\" data-end=\"1247\"><strong data-start=\"1151\" data-end=\"1178\">Apaisement et \u00e9quilibre<\/strong> gr\u00e2ce \u00e0 la lavande, au n\u00e9roli et \u00e0 l\u2019encens (<em data-start=\"1224\" data-end=\"1243\">Boswellia serrata<\/em>).<\/p>\n<\/li>\n<li data-start=\"1248\" data-end=\"1360\">\n<p data-start=\"1250\" data-end=\"1360\"><strong data-start=\"1250\" data-end=\"1277\">Protection antioxydante<\/strong> offerte par le rooibos et l\u2019argousier contre le stress oxydatif et la pollution.<\/p>\n<\/li>\n<\/ul>\n<h2 data-start=\"1367\" data-end=\"1391\">Ingr\u00e9dients cl\u00e9s\u00a0de cette <strong data-start=\"460\" data-end=\"493\">cr\u00e8me de nuit bio r\u00e9g\u00e9n\u00e9rante Argousier<\/strong><\/h2>\n<ul data-start=\"1392\" data-end=\"1775\">\n<li data-start=\"1392\" data-end=\"1491\">\n<p data-start=\"1394\" data-end=\"1491\"><strong data-start=\"1394\" data-end=\"1422\">Beurre de Karit\u00e9 &amp; Cacao<\/strong> : riches en acides gras, ils nourrissent et assouplissent la peau.<\/p>\n<\/li>\n<li data-start=\"1492\" data-end=\"1645\">\n<p data-start=\"1494\" data-end=\"1645\"><strong data-start=\"1494\" data-end=\"1518\">Huiles v\u00e9g\u00e9tales bio<\/strong> : argan, jojoba, nigelle, avocat, abricot, marula, rose musqu\u00e9e, lin, courge \u2013 un cocktail complet pour revitaliser la peau.<\/p>\n<\/li>\n<li data-start=\"1646\" data-end=\"1711\">\n<p data-start=\"1648\" data-end=\"1711\"><strong data-start=\"1648\" data-end=\"1667\">Actifs anti-\u00e2ge<\/strong> : grenade, argousier, acide hyaluronique.<\/p>\n<\/li>\n<li data-start=\"1712\" data-end=\"1775\">\n<p data-start=\"1714\" data-end=\"1775\"><strong data-start=\"1714\" data-end=\"1736\">Extraits apaisants<\/strong> : lavande fine, n\u00e9roli, ylang-ylang.<\/p>\n<\/li>\n<\/ul>\n<p data-start=\"1777\" data-end=\"1922\">Tous nos ingr\u00e9dients sont <strong data-start=\"1803\" data-end=\"1820\">certifi\u00e9s bio<\/strong> et issus d\u2019une s\u00e9lection rigoureuse pour garantir efficacit\u00e9, puret\u00e9 et respect de l\u2019environnement.<\/p>\n<p>Without synthetic fragrance, dyes, sulfates, oxalates or parabens. This product contains only natural and organic ingredients.<\/p>","protected":false},"excerpt":{"rendered":"<p><b>VERIT\u00c9 SPA ORGANICS | Night cream | All skin types | 100% BIO<\/b><\/p>\n<p style=\"text-align: left;\">A regenerating night cream with <strong>pomegranate oil<\/strong>,<strong> d&rsquo;argousier<\/strong> and <strong>black cumin seeds<\/strong> qui aident \u00e0 combattre l&rsquo;apparence des rides et ridules.<\/p>\n<p style=\"text-align: left;\">R\u00e9sultat une peau repulp\u00e9e et un teint juste parfait.<\/p>","protected":false},"featured_media":5412,"template":"","meta":{"ocean_post_layout":"","ocean_both_sidebars_style":"","ocean_both_sidebars_content_width":0,"ocean_both_sidebars_sidebars_width":0,"ocean_sidebar":"0","ocean_second_sidebar":"0","ocean_disable_margins":"enable","ocean_add_body_class":"","ocean_shortcode_before_top_bar":"","ocean_shortcode_after_top_bar":"","ocean_shortcode_before_header":"","ocean_shortcode_after_header":"","ocean_has_shortcode":"","ocean_shortcode_after_title":"","ocean_shortcode_before_footer_widgets":"","ocean_shortcode_after_footer_widgets":"","ocean_shortcode_before_footer_bottom":"","ocean_shortcode_after_footer_bottom":"","ocean_display_top_bar":"default","ocean_display_header":"default","ocean_header_style":"","ocean_center_header_left_menu":"0","ocean_custom_header_template":"0","ocean_custom_logo":0,"ocean_custom_retina_logo":0,"ocean_custom_logo_max_width":0,"ocean_custom_logo_tablet_max_width":0,"ocean_custom_logo_mobile_max_width":0,"ocean_custom_logo_max_height":0,"ocean_custom_logo_tablet_max_height":0,"ocean_custom_logo_mobile_max_height":0,"ocean_header_custom_menu":"0","ocean_menu_typo_font_family":"0","ocean_menu_typo_font_subset":"","ocean_menu_typo_font_size":0,"ocean_menu_typo_font_size_tablet":0,"ocean_menu_typo_font_size_mobile":0,"ocean_menu_typo_font_size_unit":"px","ocean_menu_typo_font_weight":"","ocean_menu_typo_font_weight_tablet":"","ocean_menu_typo_font_weight_mobile":"","ocean_menu_typo_transform":"","ocean_menu_typo_transform_tablet":"","ocean_menu_typo_transform_mobile":"","ocean_menu_typo_line_height":0,"ocean_menu_typo_line_height_tablet":0,"ocean_menu_typo_line_height_mobile":0,"ocean_menu_typo_line_height_unit":"","ocean_menu_typo_spacing":0,"ocean_menu_typo_spacing_tablet":0,"ocean_menu_typo_spacing_mobile":0,"ocean_menu_typo_spacing_unit":"","ocean_menu_link_color":"","ocean_menu_link_color_hover":"","ocean_menu_link_color_active":"","ocean_menu_link_background":"","ocean_menu_link_hover_background":"","ocean_menu_link_active_background":"","ocean_menu_social_links_bg":"","ocean_menu_social_hover_links_bg":"","ocean_menu_social_links_color":"","ocean_menu_social_hover_links_color":"","ocean_disable_title":"default","ocean_disable_heading":"default","ocean_post_title":"","ocean_post_subheading":"","ocean_post_title_style":"","ocean_post_title_background_color":"","ocean_post_title_background":0,"ocean_post_title_bg_image_position":"","ocean_post_title_bg_image_attachment":"","ocean_post_title_bg_image_repeat":"","ocean_post_title_bg_image_size":"","ocean_post_title_height":0,"ocean_post_title_bg_overlay":0.5,"ocean_post_title_bg_overlay_color":"","ocean_disable_breadcrumbs":"default","ocean_breadcrumbs_color":"","ocean_breadcrumbs_separator_color":"","ocean_breadcrumbs_links_color":"","ocean_breadcrumbs_links_hover_color":"","ocean_display_footer_widgets":"default","ocean_display_footer_bottom":"default","ocean_custom_footer_template":"0"},"product_cat":[79,87,90,409,20],"product_tag":[],"class_list":{"0":"post-5334","1":"product","2":"type-product","3":"status-publish","4":"has-post-thumbnail","6":"product_brand-verite-spa-organics","7":"product_cat-hydratants-visage-aux-huiles-bio","8":"product_cat-peaux-matures","9":"product_cat-peaux-seches-deshydratees","10":"product_cat-peaux-ternes","11":"product_cat-soins-du-visage","13":"entry","14":"has-media","16":"first","17":"outofstock","18":"taxable","19":"shipping-taxable","20":"purchasable","21":"product-type-simple","22":"has-product-nav","23":"col","24":"span_1_of_4","25":"owp-content-center","26":"owp-thumbs-layout-horizontal","27":"owp-btn-normal","28":"owp-tabs-layout-horizontal","29":"has-no-thumbnails"},"_links":{"self":[{"href":"https:\/\/awesomegreenbeauty.com\/en\/wp-json\/wp\/v2\/product\/5334","targetHints":{"allow":["GET"]}}],"collection":[{"href":"https:\/\/awesomegreenbeauty.com\/en\/wp-json\/wp\/v2\/product"}],"about":[{"href":"https:\/\/awesomegreenbeauty.com\/en\/wp-json\/wp\/v2\/types\/product"}],"version-history":[{"count":0,"href":"https:\/\/awesomegreenbeauty.com\/en\/wp-json\/wp\/v2\/product\/5334\/revisions"}],"wp:featuredmedia":[{"embeddable":true,"href":"https:\/\/awesomegreenbeauty.com\/en\/wp-json\/wp\/v2\/media\/5412"}],"wp:attachment":[{"href":"https:\/\/awesomegreenbeauty.com\/en\/wp-json\/wp\/v2\/media?parent=5334"}],"wp:term":[{"taxonomy":"product_cat","embeddable":true,"href":"https:\/\/awesomegreenbeauty.com\/en\/wp-json\/wp\/v2\/product_cat?post=5334"},{"taxonomy":"product_tag","embeddable":true,"href":"https:\/\/awesomegreenbeauty.com\/en\/wp-json\/wp\/v2\/product_tag?post=5334"}],"curies":[{"name":"wp","href":"https:\/\/api.w.org\/{rel}","templated":true}]}}