{"id":5336,"date":"2022-06-02T18:57:39","date_gmt":"2022-06-02T16:57:39","guid":{"rendered":"https:\/\/mygreenbrands.com\/?post_type=product&#038;p=5336"},"modified":"2025-11-14T16:39:14","modified_gmt":"2025-11-14T15:39:14","slug":"verite-spa-organics-baume-nettoyant-demaquillant-50ml","status":"publish","type":"product","link":"https:\/\/awesomegreenbeauty.com\/en\/product\/verite-spa-organics-baume-nettoyant-demaquillant-50ml\/","title":{"rendered":"VERIT\u00c9 SPA ORGANICS &#8211; Baume nettoyant jojoba &amp; olive &#8211; 50ml"},"content":{"rendered":"<p>A luxurious 2-in-1 balm with oils <strong>de jojoba, de ricin et d&rsquo;olive<\/strong>, <strong>lemon<\/strong> and <strong>d&rsquo;eucalyptus<\/strong> qui nettoie et d\u00e9maquille. Savamment formul\u00e9, il r\u00e9gule la production de s\u00e9bum et\u00a0 peut \u00eatre utilis\u00e9 quotidiennement par tous les types de peau gr\u00e2ce \u00e0 sa combinaison d&rsquo;huiles \u00e9quilibrantes.<\/p>\n<p>Wonderfully multifunctional - it can be equally used for<strong> cleanse the eyes<\/strong>, <strong>as a hydrating mask or <\/strong><strong>as an after shave balm<\/strong> as well!<\/p>\n<p>Without synthetic fragrance, dyes, sulfates, oxalates or parabens. This product contains only natural and organic ingredients.<\/p>","protected":false},"excerpt":{"rendered":"<p><b>VERIT\u00c9 SPA ORGANICS | Baume nettoyant &amp; d\u00e9maquillant\u00a0 | Tout type de peau| 100% Bio<\/b><\/p>\n<p><strong>A 2-in-1 balm\u00a0<\/strong> with <strong>de jojoba, de ricin, d&rsquo;olive<\/strong>, <strong>lemon<\/strong>. Savamment formul\u00e9, il r\u00e9gule la production de s\u00e9bum et\u00a0 peut \u00eatre utilis\u00e9 quotidiennement par tous les types de peau gr\u00e2ce \u00e0 sa combinaison d&rsquo;huiles \u00e9quilibrantes.<\/p>\n<p>&nbsp;<\/p>","protected":false},"featured_media":5410,"template":"","meta":{"ocean_post_layout":"","ocean_both_sidebars_style":"","ocean_both_sidebars_content_width":0,"ocean_both_sidebars_sidebars_width":0,"ocean_sidebar":"0","ocean_second_sidebar":"0","ocean_disable_margins":"enable","ocean_add_body_class":"","ocean_shortcode_before_top_bar":"","ocean_shortcode_after_top_bar":"","ocean_shortcode_before_header":"","ocean_shortcode_after_header":"","ocean_has_shortcode":"","ocean_shortcode_after_title":"","ocean_shortcode_before_footer_widgets":"","ocean_shortcode_after_footer_widgets":"","ocean_shortcode_before_footer_bottom":"","ocean_shortcode_after_footer_bottom":"","ocean_display_top_bar":"default","ocean_display_header":"default","ocean_header_style":"","ocean_center_header_left_menu":"0","ocean_custom_header_template":"0","ocean_custom_logo":0,"ocean_custom_retina_logo":0,"ocean_custom_logo_max_width":0,"ocean_custom_logo_tablet_max_width":0,"ocean_custom_logo_mobile_max_width":0,"ocean_custom_logo_max_height":0,"ocean_custom_logo_tablet_max_height":0,"ocean_custom_logo_mobile_max_height":0,"ocean_header_custom_menu":"0","ocean_menu_typo_font_family":"0","ocean_menu_typo_font_subset":"","ocean_menu_typo_font_size":0,"ocean_menu_typo_font_size_tablet":0,"ocean_menu_typo_font_size_mobile":0,"ocean_menu_typo_font_size_unit":"px","ocean_menu_typo_font_weight":"","ocean_menu_typo_font_weight_tablet":"","ocean_menu_typo_font_weight_mobile":"","ocean_menu_typo_transform":"","ocean_menu_typo_transform_tablet":"","ocean_menu_typo_transform_mobile":"","ocean_menu_typo_line_height":0,"ocean_menu_typo_line_height_tablet":0,"ocean_menu_typo_line_height_mobile":0,"ocean_menu_typo_line_height_unit":"","ocean_menu_typo_spacing":0,"ocean_menu_typo_spacing_tablet":0,"ocean_menu_typo_spacing_mobile":0,"ocean_menu_typo_spacing_unit":"","ocean_menu_link_color":"","ocean_menu_link_color_hover":"","ocean_menu_link_color_active":"","ocean_menu_link_background":"","ocean_menu_link_hover_background":"","ocean_menu_link_active_background":"","ocean_menu_social_links_bg":"","ocean_menu_social_hover_links_bg":"","ocean_menu_social_links_color":"","ocean_menu_social_hover_links_color":"","ocean_disable_title":"default","ocean_disable_heading":"default","ocean_post_title":"","ocean_post_subheading":"","ocean_post_title_style":"","ocean_post_title_background_color":"","ocean_post_title_background":0,"ocean_post_title_bg_image_position":"","ocean_post_title_bg_image_attachment":"","ocean_post_title_bg_image_repeat":"","ocean_post_title_bg_image_size":"","ocean_post_title_height":0,"ocean_post_title_bg_overlay":0.5,"ocean_post_title_bg_overlay_color":"","ocean_disable_breadcrumbs":"default","ocean_breadcrumbs_color":"","ocean_breadcrumbs_separator_color":"","ocean_breadcrumbs_links_color":"","ocean_breadcrumbs_links_hover_color":"","ocean_display_footer_widgets":"default","ocean_display_footer_bottom":"default","ocean_custom_footer_template":"0"},"product_cat":[34,36,87,90,119,29,20],"product_tag":[],"class_list":{"0":"post-5336","1":"product","2":"type-product","3":"status-publish","4":"has-post-thumbnail","6":"product_brand-verite-spa-organics","7":"product_cat-pere","8":"product_cat-nettoyants-visage-bio-naturels","9":"product_cat-peaux-matures","10":"product_cat-peaux-seches-deshydratees","11":"product_cat-soins-du-visage-pere","12":"product_cat-soins-par-type-de-peaux","13":"product_cat-soins-du-visage","15":"entry","16":"has-media","18":"first","19":"instock","20":"taxable","21":"shipping-taxable","22":"purchasable","23":"product-type-simple","24":"has-product-nav","25":"col","26":"span_1_of_4","27":"owp-content-center","28":"owp-thumbs-layout-horizontal","29":"owp-btn-normal","30":"owp-tabs-layout-horizontal","31":"has-no-thumbnails"},"_links":{"self":[{"href":"https:\/\/awesomegreenbeauty.com\/en\/wp-json\/wp\/v2\/product\/5336","targetHints":{"allow":["GET"]}}],"collection":[{"href":"https:\/\/awesomegreenbeauty.com\/en\/wp-json\/wp\/v2\/product"}],"about":[{"href":"https:\/\/awesomegreenbeauty.com\/en\/wp-json\/wp\/v2\/types\/product"}],"version-history":[{"count":0,"href":"https:\/\/awesomegreenbeauty.com\/en\/wp-json\/wp\/v2\/product\/5336\/revisions"}],"wp:featuredmedia":[{"embeddable":true,"href":"https:\/\/awesomegreenbeauty.com\/en\/wp-json\/wp\/v2\/media\/5410"}],"wp:attachment":[{"href":"https:\/\/awesomegreenbeauty.com\/en\/wp-json\/wp\/v2\/media?parent=5336"}],"wp:term":[{"taxonomy":"product_cat","embeddable":true,"href":"https:\/\/awesomegreenbeauty.com\/en\/wp-json\/wp\/v2\/product_cat?post=5336"},{"taxonomy":"product_tag","embeddable":true,"href":"https:\/\/awesomegreenbeauty.com\/en\/wp-json\/wp\/v2\/product_tag?post=5336"}],"curies":[{"name":"wp","href":"https:\/\/api.w.org\/{rel}","templated":true}]}}