{"id":5339,"date":"2022-06-04T18:47:41","date_gmt":"2022-06-04T16:47:41","guid":{"rendered":"https:\/\/mygreenbrands.com\/?post_type=product&#038;p=5339"},"modified":"2026-03-19T17:03:56","modified_gmt":"2026-03-19T16:03:56","slug":"huile-visage-bio-eclat-antiage-argan-jojoba-carotte","status":"publish","type":"product","link":"https:\/\/awesomegreenbeauty.com\/en\/product\/huile-visage-bio-eclat-antiage-argan-jojoba-carotte\/","title":{"rendered":"VERIT\u00c9 SPA ORGANICS &#8211; S\u00e9rum collag\u00e8ne &#8211; 30ml"},"content":{"rendered":"<p data-start=\"558\" data-end=\"709\">D\u00e9couvrez ce s\u00e9rum huile visage Bio \u00e9clat &amp; anti-\u00e2ge, tr\u00e8s efficace, 100% naturelle et certifi\u00e9e biologique, riche en huiles pr\u00e9cieuses et extraits v\u00e9g\u00e9taux.<\/p>\n<p data-start=\"558\" data-end=\"709\">Le formule unique associe :<\/p>\n<ul data-start=\"711\" data-end=\"1057\">\n<li data-start=\"711\" data-end=\"780\">\n<p data-start=\"713\" data-end=\"780\"><strong data-start=\"716\" data-end=\"742\">Huile d\u2019argan &amp; jojoba<\/strong>* : nourrissent et prot\u00e8gent la peau<\/p>\n<\/li>\n<li data-start=\"781\" data-end=\"853\">\n<p data-start=\"783\" data-end=\"853\"><strong data-start=\"786\" data-end=\"818\">Huile de carotte &amp; argousier<\/strong>* : apportent \u00e9clat et vitamine C<\/p>\n<\/li>\n<li data-start=\"854\" data-end=\"920\">\n<p data-start=\"856\" data-end=\"920\"><strong data-start=\"859\" data-end=\"887\"><a href=\"https:\/\/www.rfi.fr\/fr\/emission\/20120709-rep-afr-0907-swaziland-huile-marula?\" target=\"_blank\" rel=\"noopener\">Marula<\/a>, avocat &amp; abricot<\/strong>* : r\u00e9g\u00e9n\u00e8rent et assouplissent.<\/p>\n<\/li>\n<\/ul>\n<p>L&rsquo;huile de marula est une huile naturelle provenant de l&rsquo;arbre marula que l&rsquo;on trouve en Afrique tropicale subsaharienne. L&rsquo;huile peut provenir soit des noix, soit des graines, soit du fruit dudit arbre. Riche en <strong data-start=\"785\" data-end=\"811\">acides gras\u00a0 \u00a0 \u00a0 \u00a0 \u00a0 essentiels<\/strong>, en <strong data-start=\"816\" data-end=\"830\">vitamine E<\/strong> and <strong data-start=\"837\" data-end=\"863\">powerful antioxidants<\/strong>, l\u2019huile de Marula poss\u00e8de une structure l\u00e9g\u00e8re qui p\u00e9n\u00e8tre rapidement sans laisser de film gras. R\u00e9sultat : une peau intens\u00e9ment nourrie, assouplie et prot\u00e9g\u00e9e\u00a0 \u00a0 \u00a0 \u00a0 \u00a0 contre les radicaux libres, responsables du vieillissement pr\u00e9matur\u00e9<\/p>\n<ul data-start=\"711\" data-end=\"1057\">\n<li data-start=\"921\" data-end=\"988\">\n<p data-start=\"923\" data-end=\"988\"><a href=\"https:\/\/www.lesielle.com\/int\/en\/padina-pavonica-thallus-extract-in-skincare-what-is-inci-1202?\" target=\"_blank\" rel=\"noopener\"><strong data-start=\"926\" data-end=\"945\">Padina pavonica<\/strong> :<\/a> algue raffermissante et restructurante. Ingr\u00e9dient naturel <strong data-start=\"1609\" data-end=\"1629\">d\u00e9riv\u00e9 de la mer.<\/strong><\/p>\n<\/li>\n<\/ul>\n<p data-start=\"492\" data-end=\"629\">\u00a0 \u00a0 \u00a0 \u00a0 \u00a0Padina pavonica est tr\u00e8s pris\u00e9e dans les soins naturels et cosm\u00e9tiques haut de gamme pour ses <strong data-start=\"586\" data-end=\"625\">vertus r\u00e9g\u00e9n\u00e9rantes et protectrices<\/strong> :<\/p>\n<ul data-start=\"631\" data-end=\"1084\">\n<li data-start=\"631\" data-end=\"731\">\n<p data-start=\"633\" data-end=\"731\"><strong data-start=\"633\" data-end=\"651\">Raffermissante<\/strong> : stimule la synth\u00e8se de collag\u00e8ne et d\u2019\u00e9lastine, am\u00e9liore la fermet\u00e9 cutan\u00e9e<\/p>\n<\/li>\n<li data-start=\"732\" data-end=\"801\">\n<p data-start=\"734\" data-end=\"801\"><strong data-start=\"734\" data-end=\"748\">Hydratante<\/strong> : aide \u00e0 maintenir l\u2019\u00e9quilibre hydrique de la peau<\/p>\n<\/li>\n<li data-start=\"802\" data-end=\"910\">\n<p data-start=\"804\" data-end=\"910\"><strong data-start=\"804\" data-end=\"832\">Anti-\u00e2ge \/ anti-oxydante<\/strong> : riche en polysaccharides et min\u00e9raux, elle neutralise les radicaux libres<\/p>\n<\/li>\n<li data-start=\"911\" data-end=\"985\">\n<p data-start=\"913\" data-end=\"985\"><strong data-start=\"913\" data-end=\"926\">Apaisante<\/strong> : limite les irritations et renforce la barri\u00e8re cutan\u00e9e<\/p>\n<\/li>\n<li data-start=\"986\" data-end=\"1084\">\n<p data-start=\"988\" data-end=\"1084\"><strong data-start=\"988\" data-end=\"1004\">D\u00e9toxifiante<\/strong> : contribue \u00e0 \u00e9liminer les toxines cutan\u00e9es et \u00e0 prot\u00e9ger contre la pollution<\/p>\n<\/li>\n<\/ul>\n<ul data-start=\"711\" data-end=\"1057\">\n<li data-start=\"921\" data-end=\"988\">\n<p data-start=\"923\" data-end=\"988\"><strong data-start=\"994\" data-end=\"1017\">Calendula &amp; rooibos<\/strong>* : apaisants et antioxydants naturels<\/p>\n<\/li>\n<\/ul>\n<p data-start=\"1059\" data-end=\"1183\">Une texture soyeuse qui p\u00e9n\u00e8tre rapidement, sans effet gras, laissant la peau douce, lumineuse et visiblement revitalis\u00e9e.<\/p>\n<p>L&rsquo;extrait stimulant <strong>de collag\u00e8ne de Padina Pavonica<\/strong> aide \u00e0 restaurer l&rsquo;\u00e9lasticit\u00e9 et la fermet\u00e9 de la peau et les <strong>organic botanical kiwi seeds<\/strong> and the<strong> Rooibos<\/strong> infused <strong>Marula<\/strong> and <strong>carrots seed extracts<\/strong> leaving your skin luminous and revitalised. <em data-start=\"694\" data-end=\"711\">Padina pavonica<\/em> est une algue calcifi\u00e9e que l&rsquo;on trouve principalement dans les eaux chaudes de la M\u00e9diterran\u00e9e, de l&rsquo;Atlantique Nord-Est et de certaines zones c\u00f4ti\u00e8res tropicales. Sa structure unique, compos\u00e9e de cristaux d&rsquo;aragonite riches en calcium, magn\u00e9sium et phosphore, lui conf\u00e8re des propri\u00e9t\u00e9s remin\u00e9ralisantes exceptionnelles. Cette composition min\u00e9rale est id\u00e9ale pour renforcer la peau, stimuler la production de collag\u00e8ne et lutter contre les signes du vieillissement cutan\u00e9.<\/p>\n<h2>\u00a0Bienfaits principaux<\/h2>\n<ul data-start=\"1224\" data-end=\"1521\">\n<li data-start=\"1224\" data-end=\"1289\">\n<p data-start=\"1226\" data-end=\"1289\">Hydrate et nourrit intens\u00e9ment gr\u00e2ce aux huiles v\u00e9g\u00e9tales bio<\/p>\n<\/li>\n<li data-start=\"1290\" data-end=\"1342\">\n<p data-start=\"1292\" data-end=\"1342\">Apporte un effet bonne mine et un teint lumineux<\/p>\n<\/li>\n<li data-start=\"1343\" data-end=\"1413\">\n<p data-start=\"1345\" data-end=\"1413\">Prot\u00e8ge du stress oxydatif (vitamine E, polyph\u00e9nols, carot\u00e9no\u00efdes)<\/p>\n<\/li>\n<li data-start=\"1414\" data-end=\"1465\">\n<p data-start=\"1416\" data-end=\"1465\">Raffermit et aide \u00e0 lisser les rides et ridules<\/p>\n<\/li>\n<li data-start=\"1466\" data-end=\"1521\">\n<p data-start=\"1468\" data-end=\"1521\">Apaise les peaux sensibles ou sujettes aux rougeurs<\/p>\n<\/li>\n<\/ul>\n<h2 data-start=\"1528\" data-end=\"1553\">Engagements<\/h2>\n<p data-start=\"1556\" data-end=\"1598\">\u2714\ufe0f Ingr\u00e9dients certifi\u00e9s biologiques (*)<\/p>\n<p data-start=\"1601\" data-end=\"1643\">\u2714\ufe0f 100% naturel, sans additifs chimiques<\/p>\n<p data-start=\"1646\" data-end=\"1671\">\u2714\ufe0f Vegan &amp; cruelty-free<\/p>\n<p data-start=\"1674\" data-end=\"1720\">\u2714\ufe0f Fabriqu\u00e9 avec des huiles press\u00e9es \u00e0 froid<\/p>\n<p>Excellent for combination, acneic and oily skin, but fits all skin types. With Theramin complex\u2122*<\/p>\n<p>Without synthetic fragrance, dyes, sulfates, oxalates or parabens. This product contains only natural and organic ingredients.<\/p>\n<p>&nbsp;<\/p>\n<p>&nbsp;<\/p>\n<p>&nbsp;<\/p>","protected":false},"excerpt":{"rendered":"<p><strong><b>VERIT\u00c9 SPA ORGANICS | S\u00e9rum huile anti-\u00e2ge | Peaux mixtes, acn\u00e9iques ou grasses | Bio | 100% Naturel<\/b><\/strong><\/p>\n<p data-start=\"330\" data-end=\"464\">Huile visage bio : marula, argan, jojoba, carotte &amp; argousier. Nourrit, r\u00e9pare et illumine le teint. Efficace et Id\u00e9ale peaux ternes,\u00a0 matures &amp; mixtes. L&rsquo;extrait stimulant <strong>de collag\u00e8ne de Padina Pavonica<\/strong> aide \u00e0 restaurer l&rsquo;\u00e9lasticit\u00e9 et la fermet\u00e9 de la peau et les <strong>organic botanical kiwi seeds<\/strong> botaniques biologiques,\u00a0 les extraits de<strong> Rooibos<\/strong> infused <strong>carotte, <\/strong>and <strong>Rooibos,<\/strong> laissent votre peau lumineuse et revitalis\u00e9e<\/p>\n<p>\u00a0Ce S\u00e9rum visage aide \u00e0 restaurer l&rsquo;\u00e9lasticit\u00e9 et la fermet\u00e9 de la peau et son glow naturel.<\/p>\n<p>Excellent for combination, acneic and oily skin, but fits all skin types. With Theramin complex\u2122*<\/p>\n<p>Without synthetic fragrance, dyes, sulfates, oxalates or parabens. This product contains only natural and organic ingredients.<\/p>","protected":false},"featured_media":5430,"template":"","meta":{"ocean_post_layout":"","ocean_both_sidebars_style":"","ocean_both_sidebars_content_width":0,"ocean_both_sidebars_sidebars_width":0,"ocean_sidebar":"0","ocean_second_sidebar":"0","ocean_disable_margins":"enable","ocean_add_body_class":"","ocean_shortcode_before_top_bar":"","ocean_shortcode_after_top_bar":"","ocean_shortcode_before_header":"","ocean_shortcode_after_header":"","ocean_has_shortcode":"","ocean_shortcode_after_title":"","ocean_shortcode_before_footer_widgets":"","ocean_shortcode_after_footer_widgets":"","ocean_shortcode_before_footer_bottom":"","ocean_shortcode_after_footer_bottom":"","ocean_display_top_bar":"default","ocean_display_header":"default","ocean_header_style":"","ocean_center_header_left_menu":"0","ocean_custom_header_template":"0","ocean_custom_logo":0,"ocean_custom_retina_logo":0,"ocean_custom_logo_max_width":0,"ocean_custom_logo_tablet_max_width":0,"ocean_custom_logo_mobile_max_width":0,"ocean_custom_logo_max_height":0,"ocean_custom_logo_tablet_max_height":0,"ocean_custom_logo_mobile_max_height":0,"ocean_header_custom_menu":"0","ocean_menu_typo_font_family":"0","ocean_menu_typo_font_subset":"","ocean_menu_typo_font_size":0,"ocean_menu_typo_font_size_tablet":0,"ocean_menu_typo_font_size_mobile":0,"ocean_menu_typo_font_size_unit":"px","ocean_menu_typo_font_weight":"","ocean_menu_typo_font_weight_tablet":"","ocean_menu_typo_font_weight_mobile":"","ocean_menu_typo_transform":"","ocean_menu_typo_transform_tablet":"","ocean_menu_typo_transform_mobile":"","ocean_menu_typo_line_height":0,"ocean_menu_typo_line_height_tablet":0,"ocean_menu_typo_line_height_mobile":0,"ocean_menu_typo_line_height_unit":"","ocean_menu_typo_spacing":0,"ocean_menu_typo_spacing_tablet":0,"ocean_menu_typo_spacing_mobile":0,"ocean_menu_typo_spacing_unit":"","ocean_menu_link_color":"","ocean_menu_link_color_hover":"","ocean_menu_link_color_active":"","ocean_menu_link_background":"","ocean_menu_link_hover_background":"","ocean_menu_link_active_background":"","ocean_menu_social_links_bg":"","ocean_menu_social_hover_links_bg":"","ocean_menu_social_links_color":"","ocean_menu_social_hover_links_color":"","ocean_disable_title":"default","ocean_disable_heading":"default","ocean_post_title":"","ocean_post_subheading":"","ocean_post_title_style":"","ocean_post_title_background_color":"","ocean_post_title_background":0,"ocean_post_title_bg_image_position":"","ocean_post_title_bg_image_attachment":"","ocean_post_title_bg_image_repeat":"","ocean_post_title_bg_image_size":"","ocean_post_title_height":0,"ocean_post_title_bg_overlay":0.5,"ocean_post_title_bg_overlay_color":"","ocean_disable_breadcrumbs":"default","ocean_breadcrumbs_color":"","ocean_breadcrumbs_separator_color":"","ocean_breadcrumbs_links_color":"","ocean_breadcrumbs_links_hover_color":"","ocean_display_footer_widgets":"default","ocean_display_footer_bottom":"default","ocean_custom_footer_template":"0"},"product_cat":[89,87,84,20],"product_tag":[],"class_list":{"0":"post-5339","1":"product","2":"type-product","3":"status-publish","4":"has-post-thumbnail","6":"product_brand-verite-spa-organics","7":"product_cat-peaux-grasses-mixtes","8":"product_cat-peaux-matures","9":"product_cat-serums-bio-huiles-de-beaute","10":"product_cat-soins-du-visage","12":"entry","13":"has-media","15":"first","16":"instock","17":"taxable","18":"shipping-taxable","19":"purchasable","20":"product-type-simple","21":"has-product-nav","22":"col","23":"span_1_of_4","24":"owp-content-center","25":"owp-thumbs-layout-horizontal","26":"owp-btn-normal","27":"owp-tabs-layout-horizontal","28":"has-no-thumbnails"},"_links":{"self":[{"href":"https:\/\/awesomegreenbeauty.com\/en\/wp-json\/wp\/v2\/product\/5339","targetHints":{"allow":["GET"]}}],"collection":[{"href":"https:\/\/awesomegreenbeauty.com\/en\/wp-json\/wp\/v2\/product"}],"about":[{"href":"https:\/\/awesomegreenbeauty.com\/en\/wp-json\/wp\/v2\/types\/product"}],"version-history":[{"count":0,"href":"https:\/\/awesomegreenbeauty.com\/en\/wp-json\/wp\/v2\/product\/5339\/revisions"}],"wp:featuredmedia":[{"embeddable":true,"href":"https:\/\/awesomegreenbeauty.com\/en\/wp-json\/wp\/v2\/media\/5430"}],"wp:attachment":[{"href":"https:\/\/awesomegreenbeauty.com\/en\/wp-json\/wp\/v2\/media?parent=5339"}],"wp:term":[{"taxonomy":"product_cat","embeddable":true,"href":"https:\/\/awesomegreenbeauty.com\/en\/wp-json\/wp\/v2\/product_cat?post=5339"},{"taxonomy":"product_tag","embeddable":true,"href":"https:\/\/awesomegreenbeauty.com\/en\/wp-json\/wp\/v2\/product_tag?post=5339"}],"curies":[{"name":"wp","href":"https:\/\/api.w.org\/{rel}","templated":true}]}}