{"id":5345,"date":"2022-06-04T16:19:06","date_gmt":"2022-06-04T14:19:06","guid":{"rendered":"https:\/\/mygreenbrands.com\/?post_type=product&#038;p=5345"},"modified":"2025-11-14T16:38:58","modified_gmt":"2025-11-14T15:38:58","slug":"verite-spa-organics-serum-levres-yeux-20ml","status":"publish","type":"product","link":"https:\/\/awesomegreenbeauty.com\/en\/product\/verite-spa-organics-serum-levres-yeux-20ml\/","title":{"rendered":"VERIT\u00c9 SPA ORGANICS &#8211; S\u00e9rum l\u00e8vres &amp; yeux &#8211; 20ml"},"content":{"rendered":"<p>S\u00e9rum aux probiotiques pour les yeux et les l\u00e8vres aux graines de kiwi et au baobab.\u00a0 D\u00e9licat, facilement absorb\u00e9 cette formule nourrissante l\u00e9g\u00e8re, revitalise et nourrie la peau d\u00e9licate du contour des yeux et des l\u00e8vres. Formul\u00e9 sp\u00e9cifiquement pour les yeux et les l\u00e8vres, ce s\u00e9rum cible les rides et ridules en boostant la production de collag\u00e8ne et l&rsquo;\u00e9lastine et en favorisant la microcirculation, l&rsquo;\u00e9clat et la fermet\u00e9 de la peau.<\/p>\n<p>Created with a mixture of <strong>organic plants<\/strong> as<strong> l&rsquo;huile de baobab<\/strong>, <strong>the<\/strong> <strong>organic botanical kiwi seeds<\/strong> <strong>and<\/strong> <strong>d&rsquo;argan<\/strong>, and <strong>l&rsquo;extrait marin Pseudoalteromonas Ferment Extract<\/strong> increases\u00a0<strong> Collagen I, Collagen IV <\/strong>and<strong> l&rsquo;\u00e9lastine. <\/strong>Les pr\u00e9 et probiotiques ont un effet lissant\u00a0 et l&rsquo;extrait de <strong>green coffee bean extract<\/strong> which is high in antioxidants and helps repair UV damage.<\/p>\n<p>Without synthetic fragrance, dyes, sulfates, oxalates or parabens. This product contains only natural and organic ingredients.<\/p>","protected":false},"excerpt":{"rendered":"<p><b>VERIT\u00c9 SPA ORGANICS | Eyes &amp; lips serum | 100% Bio<\/b><\/p>\n<p>Formul\u00e9 sp\u00e9cifiquement pour les yeux et les l\u00e8vres, ce s\u00e9rum cible les rides et ridules en boostant la production de collag\u00e8ne et l&rsquo;\u00e9lastine et en favorisant la microcirculation, l&rsquo;\u00e9clat et la fermet\u00e9 de la peau.<\/p>","protected":false},"featured_media":5433,"template":"","meta":{"ocean_post_layout":"","ocean_both_sidebars_style":"","ocean_both_sidebars_content_width":0,"ocean_both_sidebars_sidebars_width":0,"ocean_sidebar":"0","ocean_second_sidebar":"0","ocean_disable_margins":"enable","ocean_add_body_class":"","ocean_shortcode_before_top_bar":"","ocean_shortcode_after_top_bar":"","ocean_shortcode_before_header":"","ocean_shortcode_after_header":"","ocean_has_shortcode":"","ocean_shortcode_after_title":"","ocean_shortcode_before_footer_widgets":"","ocean_shortcode_after_footer_widgets":"","ocean_shortcode_before_footer_bottom":"","ocean_shortcode_after_footer_bottom":"","ocean_display_top_bar":"default","ocean_display_header":"default","ocean_header_style":"","ocean_center_header_left_menu":"0","ocean_custom_header_template":"0","ocean_custom_logo":0,"ocean_custom_retina_logo":0,"ocean_custom_logo_max_width":0,"ocean_custom_logo_tablet_max_width":0,"ocean_custom_logo_mobile_max_width":0,"ocean_custom_logo_max_height":0,"ocean_custom_logo_tablet_max_height":0,"ocean_custom_logo_mobile_max_height":0,"ocean_header_custom_menu":"0","ocean_menu_typo_font_family":"0","ocean_menu_typo_font_subset":"","ocean_menu_typo_font_size":0,"ocean_menu_typo_font_size_tablet":0,"ocean_menu_typo_font_size_mobile":0,"ocean_menu_typo_font_size_unit":"px","ocean_menu_typo_font_weight":"","ocean_menu_typo_font_weight_tablet":"","ocean_menu_typo_font_weight_mobile":"","ocean_menu_typo_transform":"","ocean_menu_typo_transform_tablet":"","ocean_menu_typo_transform_mobile":"","ocean_menu_typo_line_height":0,"ocean_menu_typo_line_height_tablet":0,"ocean_menu_typo_line_height_mobile":0,"ocean_menu_typo_line_height_unit":"","ocean_menu_typo_spacing":0,"ocean_menu_typo_spacing_tablet":0,"ocean_menu_typo_spacing_mobile":0,"ocean_menu_typo_spacing_unit":"","ocean_menu_link_color":"","ocean_menu_link_color_hover":"","ocean_menu_link_color_active":"","ocean_menu_link_background":"","ocean_menu_link_hover_background":"","ocean_menu_link_active_background":"","ocean_menu_social_links_bg":"","ocean_menu_social_hover_links_bg":"","ocean_menu_social_links_color":"","ocean_menu_social_hover_links_color":"","ocean_disable_title":"default","ocean_disable_heading":"default","ocean_post_title":"","ocean_post_subheading":"","ocean_post_title_style":"","ocean_post_title_background_color":"","ocean_post_title_background":0,"ocean_post_title_bg_image_position":"","ocean_post_title_bg_image_attachment":"","ocean_post_title_bg_image_repeat":"","ocean_post_title_bg_image_size":"","ocean_post_title_height":0,"ocean_post_title_bg_overlay":0.5,"ocean_post_title_bg_overlay_color":"","ocean_disable_breadcrumbs":"default","ocean_breadcrumbs_color":"","ocean_breadcrumbs_separator_color":"","ocean_breadcrumbs_links_color":"","ocean_breadcrumbs_links_hover_color":"","ocean_display_footer_widgets":"default","ocean_display_footer_bottom":"default","ocean_custom_footer_template":"0"},"product_cat":[81,80,20],"product_tag":[],"class_list":{"0":"post-5345","1":"product","2":"type-product","3":"status-publish","4":"has-post-thumbnail","6":"product_brand-verite-spa-organics","7":"product_cat-soins-des-levres","8":"product_cat-soins-des-yeux","9":"product_cat-soins-du-visage","11":"entry","12":"has-media","14":"first","15":"instock","16":"taxable","17":"shipping-taxable","18":"purchasable","19":"product-type-simple","20":"has-product-nav","21":"col","22":"span_1_of_4","23":"owp-content-center","24":"owp-thumbs-layout-horizontal","25":"owp-btn-normal","26":"owp-tabs-layout-horizontal","27":"has-no-thumbnails"},"_links":{"self":[{"href":"https:\/\/awesomegreenbeauty.com\/en\/wp-json\/wp\/v2\/product\/5345","targetHints":{"allow":["GET"]}}],"collection":[{"href":"https:\/\/awesomegreenbeauty.com\/en\/wp-json\/wp\/v2\/product"}],"about":[{"href":"https:\/\/awesomegreenbeauty.com\/en\/wp-json\/wp\/v2\/types\/product"}],"version-history":[{"count":0,"href":"https:\/\/awesomegreenbeauty.com\/en\/wp-json\/wp\/v2\/product\/5345\/revisions"}],"wp:featuredmedia":[{"embeddable":true,"href":"https:\/\/awesomegreenbeauty.com\/en\/wp-json\/wp\/v2\/media\/5433"}],"wp:attachment":[{"href":"https:\/\/awesomegreenbeauty.com\/en\/wp-json\/wp\/v2\/media?parent=5345"}],"wp:term":[{"taxonomy":"product_cat","embeddable":true,"href":"https:\/\/awesomegreenbeauty.com\/en\/wp-json\/wp\/v2\/product_cat?post=5345"},{"taxonomy":"product_tag","embeddable":true,"href":"https:\/\/awesomegreenbeauty.com\/en\/wp-json\/wp\/v2\/product_tag?post=5345"}],"curies":[{"name":"wp","href":"https:\/\/api.w.org\/{rel}","templated":true}]}}