{"id":5368,"date":"2022-06-01T16:22:29","date_gmt":"2022-06-01T14:22:29","guid":{"rendered":"https:\/\/mygreenbrands.com\/?post_type=product&#038;p=5368"},"modified":"2025-10-29T20:22:03","modified_gmt":"2025-10-29T19:22:03","slug":"verite-spa-organics-masque-antioxydant-unifiant-cacao-et-fleur-doranger-50ml","status":"publish","type":"product","link":"https:\/\/awesomegreenbeauty.com\/en\/product\/verite-spa-organics-masque-antioxydant-unifiant-cacao-et-fleur-doranger-50ml\/","title":{"rendered":"VERIT\u00c9 SPA ORGANICS &#8211; Masque Antioxydant Teint parfait Cacao cru &amp; fleur d&rsquo;oranger- 50ml"},"content":{"rendered":"<p>Un masque anti-oxydant et unifiant au chocolat et \u00e0 la fleur d&rsquo;oranger adapt\u00e9 \u00e0 tout type de peau pour un teint parfait !<\/p>\n<p>Une formulation sans eau dont les principes actifs sont pr\u00e9serv\u00e9s et qui s&rsquo;activent qu&rsquo;au\u00a0 moment de l&rsquo;application pour former un m\u00e9lange l\u00e9g\u00e8rement mousseux.<\/p>\n<p>Benefits :<\/p>\n<p>+ Brighter skin<\/p>\n<p>+ A unifrom skin<\/p>\n<p>+ Faded pores<\/p>\n<p>Without synthetic fragrance, dyes, sulfates, oxalates or parabens. This product contains only natural and organic ingredients.<\/p>","protected":false},"excerpt":{"rendered":"<p><b>VERIT\u00c9 SPA ORGANICS | Cacao &amp; fleur d&rsquo;oranger |Masque antioxydant &amp; unifiant | 100 % Bio | Tout type de peau<\/b><\/p>\n<p>A mask rich in antioxidants, vitamins, minerals and trace elements to remove dead skin, to sooth and brighten the skin.<\/p>","protected":false},"featured_media":5422,"template":"","meta":{"ocean_post_layout":"","ocean_both_sidebars_style":"","ocean_both_sidebars_content_width":0,"ocean_both_sidebars_sidebars_width":0,"ocean_sidebar":"0","ocean_second_sidebar":"0","ocean_disable_margins":"enable","ocean_add_body_class":"","ocean_shortcode_before_top_bar":"","ocean_shortcode_after_top_bar":"","ocean_shortcode_before_header":"","ocean_shortcode_after_header":"","ocean_has_shortcode":"","ocean_shortcode_after_title":"","ocean_shortcode_before_footer_widgets":"","ocean_shortcode_after_footer_widgets":"","ocean_shortcode_before_footer_bottom":"","ocean_shortcode_after_footer_bottom":"","ocean_display_top_bar":"default","ocean_display_header":"default","ocean_header_style":"","ocean_center_header_left_menu":"0","ocean_custom_header_template":"0","ocean_custom_logo":0,"ocean_custom_retina_logo":0,"ocean_custom_logo_max_width":0,"ocean_custom_logo_tablet_max_width":0,"ocean_custom_logo_mobile_max_width":0,"ocean_custom_logo_max_height":0,"ocean_custom_logo_tablet_max_height":0,"ocean_custom_logo_mobile_max_height":0,"ocean_header_custom_menu":"0","ocean_menu_typo_font_family":"0","ocean_menu_typo_font_subset":"","ocean_menu_typo_font_size":0,"ocean_menu_typo_font_size_tablet":0,"ocean_menu_typo_font_size_mobile":0,"ocean_menu_typo_font_size_unit":"px","ocean_menu_typo_font_weight":"","ocean_menu_typo_font_weight_tablet":"","ocean_menu_typo_font_weight_mobile":"","ocean_menu_typo_transform":"","ocean_menu_typo_transform_tablet":"","ocean_menu_typo_transform_mobile":"","ocean_menu_typo_line_height":0,"ocean_menu_typo_line_height_tablet":0,"ocean_menu_typo_line_height_mobile":0,"ocean_menu_typo_line_height_unit":"","ocean_menu_typo_spacing":0,"ocean_menu_typo_spacing_tablet":0,"ocean_menu_typo_spacing_mobile":0,"ocean_menu_typo_spacing_unit":"","ocean_menu_link_color":"","ocean_menu_link_color_hover":"","ocean_menu_link_color_active":"","ocean_menu_link_background":"","ocean_menu_link_hover_background":"","ocean_menu_link_active_background":"","ocean_menu_social_links_bg":"","ocean_menu_social_hover_links_bg":"","ocean_menu_social_links_color":"","ocean_menu_social_hover_links_color":"","ocean_disable_title":"default","ocean_disable_heading":"default","ocean_post_title":"","ocean_post_subheading":"","ocean_post_title_style":"","ocean_post_title_background_color":"","ocean_post_title_background":0,"ocean_post_title_bg_image_position":"","ocean_post_title_bg_image_attachment":"","ocean_post_title_bg_image_repeat":"","ocean_post_title_bg_image_size":"","ocean_post_title_height":0,"ocean_post_title_bg_overlay":0.5,"ocean_post_title_bg_overlay_color":"","ocean_disable_breadcrumbs":"default","ocean_breadcrumbs_color":"","ocean_breadcrumbs_separator_color":"","ocean_breadcrumbs_links_color":"","ocean_breadcrumbs_links_hover_color":"","ocean_display_footer_widgets":"default","ocean_display_footer_bottom":"default","ocean_custom_footer_template":"0"},"product_cat":[410,76,87,91,409,20],"product_tag":[],"class_list":{"0":"post-5368","1":"product","2":"type-product","3":"status-publish","4":"has-post-thumbnail","6":"product_brand-verite-spa-organics","7":"product_cat-hyperpigmentation-taches-pigmentaires","8":"product_cat-masques-traitants-naturels-bio","9":"product_cat-peaux-matures","10":"product_cat-tout-type-de-peau","11":"product_cat-peaux-ternes","12":"product_cat-soins-du-visage","14":"entry","15":"has-media","17":"first","18":"instock","19":"taxable","20":"shipping-taxable","21":"purchasable","22":"product-type-simple","23":"has-product-nav","24":"col","25":"span_1_of_4","26":"owp-content-center","27":"owp-thumbs-layout-horizontal","28":"owp-btn-normal","29":"owp-tabs-layout-horizontal","30":"has-no-thumbnails"},"_links":{"self":[{"href":"https:\/\/awesomegreenbeauty.com\/en\/wp-json\/wp\/v2\/product\/5368","targetHints":{"allow":["GET"]}}],"collection":[{"href":"https:\/\/awesomegreenbeauty.com\/en\/wp-json\/wp\/v2\/product"}],"about":[{"href":"https:\/\/awesomegreenbeauty.com\/en\/wp-json\/wp\/v2\/types\/product"}],"version-history":[{"count":0,"href":"https:\/\/awesomegreenbeauty.com\/en\/wp-json\/wp\/v2\/product\/5368\/revisions"}],"wp:featuredmedia":[{"embeddable":true,"href":"https:\/\/awesomegreenbeauty.com\/en\/wp-json\/wp\/v2\/media\/5422"}],"wp:attachment":[{"href":"https:\/\/awesomegreenbeauty.com\/en\/wp-json\/wp\/v2\/media?parent=5368"}],"wp:term":[{"taxonomy":"product_cat","embeddable":true,"href":"https:\/\/awesomegreenbeauty.com\/en\/wp-json\/wp\/v2\/product_cat?post=5368"},{"taxonomy":"product_tag","embeddable":true,"href":"https:\/\/awesomegreenbeauty.com\/en\/wp-json\/wp\/v2\/product_tag?post=5368"}],"curies":[{"name":"wp","href":"https:\/\/api.w.org\/{rel}","templated":true}]}}