{"id":5370,"date":"2022-05-31T19:05:15","date_gmt":"2022-05-31T17:05:15","guid":{"rendered":"https:\/\/mygreenbrands.com\/?post_type=product&#038;p=5370"},"modified":"2026-02-25T18:15:11","modified_gmt":"2026-02-25T17:15:11","slug":"verite-spa-organics-everyday-perfect-creme-de-jour-hydratante-antioxydante-30ml","status":"publish","type":"product","link":"https:\/\/awesomegreenbeauty.com\/en\/product\/verite-spa-organics-everyday-perfect-creme-de-jour-hydratante-antioxydante-30ml\/","title":{"rendered":"VERIT\u00c9 SPA ORGANICS &#8211; Cr\u00e8me de jour \u00ab\u00a0Everyday Perfect\u00a0\u00bb &#8211; 30ml"},"content":{"rendered":"<p>Une cr\u00e8me de jour \u00e0 la texture l\u00e9g\u00e8re, tr\u00e8s hydratante et facilement absorb\u00e9e. Les extraits botaniques aident \u00e0 r\u00e9\u00e9quilibrer et illuminer\u00a0 le teint . Les <strong>plant and mushroom extracts<\/strong> <a href=\"https:\/\/awesomegreenbeauty.com\/en\/les-peaux-matures-2\/\" target=\"_blank\" rel=\"noopener\"><strong>riches en antioxydants<\/strong> et nutriments <strong>anti aging<\/strong> <\/a>help protect and defend the skin against exterior elements. The skin is fresh and<strong> hydrated for the entire day!<\/strong>.<\/p>\n<h4>Ingr\u00e9dients et B\u00e9n\u00e9fices<\/h4>\n<h3 data-start=\"485\" data-end=\"527\"><strong data-start=\"492\" data-end=\"525\"><a href=\"https:\/\/www.pandatea.fr\/blogs\/thes\/rooibos-bienfaits-sante\" target=\"_blank\" rel=\"noopener\">Aspalathus linearis<\/a> (Rooibos)<\/strong> : <span style=\"font-size: 16px;\">Un ingr\u00e9dient puissant en antioxydants. Il poss\u00e8de des propri\u00e9t\u00e9s anti-inflammatoires et apaisantes pour la peau, tout en aidant \u00e0 neutraliser les radicaux libres.<\/span><\/h3>\n<h3 data-start=\"698\" data-end=\"737\"><strong data-start=\"705\" data-end=\"735\">Prunus Armeniaca (Abricot)<\/strong> : <span style=\"font-size: 16px;\">L&rsquo;huile d&rsquo;abricot est riche en vitamines A et E, et est souvent utilis\u00e9e pour nourrir et adoucir la peau, tout en favorisant un teint \u00e9clatant.<\/span><\/h3>\n<h3 data-start=\"888\" data-end=\"930\"><strong data-start=\"895\" data-end=\"928\">Simmondsia Chinensis (Jojoba)<\/strong> : <span style=\"font-size: 16px;\">L&rsquo;huile de jojoba est particuli\u00e8rement appr\u00e9ci\u00e9e pour sa capacit\u00e9 \u00e0 hydrater et nourrir la peau, tout en \u00e9quilibrant la production de s\u00e9bum. Elle est \u00e9galement utilis\u00e9e pour ses effets apaisants.<\/span><\/h3>\n<h3 data-start=\"1477\" data-end=\"1520\"><strong data-start=\"1484\" data-end=\"1518\">Rosa Damascena (Rose de Damas)<\/strong> : <span style=\"font-size: 16px;\">L&rsquo;huile essentielle de rose est c\u00e9l\u00e8bre pour ses propri\u00e9t\u00e9s apaisantes et anti-\u00e2ge. Elle aide \u00e0 tonifier la peau et \u00e0 maintenir son \u00e9lasticit\u00e9.<\/span><\/h3>\n<h3 data-start=\"1671\" data-end=\"1710\"><strong data-start=\"1678\" data-end=\"1708\">Oenothera Biennis (Onagre)<\/strong> : <span style=\"font-size: 16px;\">L&rsquo;huile d&rsquo;onagre est r\u00e9put\u00e9e pour ses propri\u00e9t\u00e9s nourrissantes et r\u00e9paratrices, en particulier pour les peaux s\u00e8ches et matures.<\/span><\/h3>\n<h3 data-start=\"1846\" data-end=\"1897\"><strong data-start=\"1853\" data-end=\"1895\"><a href=\"https:\/\/tapeautonfruit.com\/zoom-sur-la-prune-de-kakadu\/?\" target=\"_blank\" rel=\"noopener\">Terminalia Ferdinandiana<\/a> (Plum Kakadu)<\/strong> : <span style=\"font-size: 16px;\">Ce fruit est extr\u00eamement riche en vitamine C, un puissant antioxydant, et est souvent utilis\u00e9 pour stimuler la production de collag\u00e8ne et am\u00e9liorer la texture de la peau.<\/span><\/h3>\n<h3 data-start=\"2075\" data-end=\"2129\"><strong data-start=\"2083\" data-end=\"2127\">Rubus Idaeus Seed (Graines de framboise)<\/strong> : <span style=\"font-size: 16px;\">Les graines de framboise sont une source d&rsquo;acides gras essentiels et d&rsquo;antioxydants. Elles aident \u00e0 prot\u00e9ger la peau contre les agressions ext\u00e9rieures et \u00e0 maintenir son hydratation.<\/span><\/h3>\n<h3 data-start=\"2319\" data-end=\"2356\"><strong data-start=\"2327\" data-end=\"2354\">Isom\u00e9rate de saccharide<\/strong> : <span style=\"font-size: 16px;\">Un agent hydratant naturel, il forme une barri\u00e8re protectrice sur la peau pour maintenir son hydratation.<\/span><\/h3>\n<h3 data-start=\"2469\" data-end=\"2515\"><strong data-start=\"2477\" data-end=\"2513\">Extrait de Lycopersicum (Tomate)<\/strong> : <span style=\"font-size: 16px;\">&lsquo;extrait de tomate est riche en lycop\u00e8ne, un antioxydant qui aide \u00e0 prot\u00e9ger la peau des radicaux libres et des effets des rayons UV.<\/span><\/h3>\n<h3 data-start=\"2657\" data-end=\"2700\"><strong data-start=\"2665\" data-end=\"2698\">Helianthus Annuus (Tournesol)<\/strong> : <span style=\"font-size: 16px;\">L&rsquo;huile de tournesol est un excellent \u00e9mollient, nourrissant la peau et la maintenant souple et hydrat\u00e9e.<\/span><\/h3>\n<h3 data-start=\"2813\" data-end=\"2845\"><strong data-start=\"2821\" data-end=\"2843\">Sclerotium Rolfsii<\/strong> : <span style=\"font-size: 16px;\">Un extrait fongique utilis\u00e9 pour ses propri\u00e9t\u00e9s \u00e9paississantes et texturantes dans les formulations cosm\u00e9tiques.<\/span><\/h3>\n<h3 data-start=\"2965\" data-end=\"3030\"><strong data-start=\"2973\" data-end=\"3028\">Extrait de Lactobacillus\/Ganoderma Lucidum (Reishi)<\/strong> : <span style=\"font-size: 16px;\">Le champignon Reishi est reconnu pour ses propri\u00e9t\u00e9s anti-\u00e2ge, renfor\u00e7ant la barri\u00e8re cutan\u00e9e et favorisant l&rsquo;\u00e9quilibre de la peau.<\/span><\/h3>\n<h3 data-start=\"3169\" data-end=\"3220\"><strong data-start=\"3177\" data-end=\"3218\">Extrait de Lentinus Edodes (Shiitak\u00e9)<\/strong> : <span style=\"font-size: 16px;\">Un autre champignon avec des propri\u00e9t\u00e9s anti-\u00e2ge et r\u00e9g\u00e9n\u00e9rantes pour la peau. Il est riche en antioxydants et en polysaccharides.<\/span><\/h3>\n<h3 data-start=\"3358\" data-end=\"3407\"><strong data-start=\"3366\" data-end=\"3405\">Extrait de Malva Sylvestris (Mauve)<\/strong> : <span style=\"font-size: 16px;\">La mauve est connue pour ses propri\u00e9t\u00e9s apaisantes et hydratantes, particuli\u00e8rement b\u00e9n\u00e9fique pour les peaux sensibles ou irrit\u00e9es.<\/span><\/h3>\n<h3 data-start=\"3546\" data-end=\"3602\"><strong data-start=\"3554\" data-end=\"3600\">Extrait d&rsquo;Alchemilla Vulgaris (Alch\u00e9mille)<\/strong> : <span style=\"font-size: 16px;\">L&rsquo;extrait de cette plante est utilis\u00e9 pour ses effets tonifiants, astringents et pour aider \u00e0 r\u00e9guler la production de s\u00e9bum.<\/span><\/h3>\n<h3 data-start=\"3735\" data-end=\"3803\"><strong data-start=\"3743\" data-end=\"3801\">Extrait d&rsquo;Achillea Millefolium (Achill\u00e9e millefeuille)<\/strong> : <span style=\"font-size: 16px;\">Utilis\u00e9e pour ses propri\u00e9t\u00e9s r\u00e9paratrices et apaisantes, cette plante est id\u00e9ale pour les peaux irrit\u00e9es ou enflamm\u00e9es.<\/span><\/h3>\n<h3 data-start=\"3930\" data-end=\"3966\"><strong data-start=\"3938\" data-end=\"3964\">Lycium Barbarum (Goji)<\/strong> : <span style=\"font-size: 16px;\">Riche en vitamines et antioxydants, le goji aide \u00e0 revitaliser la peau et \u00e0 lui donner un \u00e9clat sain.<\/span><\/h3>\n<h3 data-start=\"4075\" data-end=\"4105\"><strong data-start=\"4083\" data-end=\"4103\">Moringa Oleifera<\/strong> : <span style=\"font-size: 16px;\">Le moringa est un ingr\u00e9dient puissant pour revitaliser la peau gr\u00e2ce \u00e0 ses acides gras et ses antioxydants. Il est \u00e9galement utilis\u00e9 pour ses propri\u00e9t\u00e9s hydratantes et nourrissantes.<\/span><\/h3>\n<h3 data-start=\"4075\" data-end=\"4105\"><strong data-start=\"4303\" data-end=\"4332\">Linum Usitatissimum (Lin)<\/strong> : <span style=\"font-size: 16px;\">L&rsquo;huile de lin est riche en acides gras om\u00e9ga-3, offrant des propri\u00e9t\u00e9s apaisantes et nourrissantes pour la peau.<\/span><\/h3>\n<h3 data-start=\"4455\" data-end=\"4507\"><strong data-start=\"4463\" data-end=\"4505\">Graine de Camellia Oleifera (Th\u00e9 vert)<\/strong> : <span style=\"font-size: 16px;\">L&rsquo;extrait de th\u00e9 vert est un antioxydant puissant, id\u00e9al pour prot\u00e9ger la peau des agressions environnementales et r\u00e9duire les signes du vieillissement.<\/span><\/h3>\n<h3 data-start=\"4667\" data-end=\"4711\"><strong data-start=\"4675\" data-end=\"4709\">Rosa Damascena (Rose de Damas)<\/strong> : <span style=\"font-size: 16px;\">Encore une fois mentionn\u00e9e, la rose de Damas est utilis\u00e9e pour ses propri\u00e9t\u00e9s apaisantes et anti-\u00e2ge.<\/span><\/h3>\n<h3 data-start=\"4667\" data-end=\"4711\"><strong data-start=\"5006\" data-end=\"5043\">Helichrysum Italicum (Immortelle)<\/strong> : Cette plante est utilis\u00e9e pour ses propri\u00e9t\u00e9s anti-inflammatoires et cicatrisantes, parfaites pour les peaux sensibles et matures.<\/h3>\n<h3 data-start=\"5183\" data-end=\"5238\">27. <strong data-start=\"5191\" data-end=\"5236\">Citrus Aurantium (Neroli ou Orange am\u00e8re)<\/strong> : <span style=\"font-size: 16px;\">L&rsquo;huile essentielle de n\u00e9roli est connue pour ses effets apaisants et r\u00e9g\u00e9n\u00e9rants, id\u00e9ale pour les peaux s\u00e8ches ou sensibles.<\/span><\/h3>\n<p>Without synthetic fragrance, dyes, sulfates, oxalates or parabens. This product contains only natural and organic ingredients.<\/p>","protected":false},"excerpt":{"rendered":"<p><b>VERIT\u00c9 SPA ORGANICS | Daily moisturiser antioxidant &amp; anti aging| Normal to dry skin | 100 % Bio\u00a0<\/b><\/p>\n<p>Phyto + Cr\u00e8me hydratante adapt\u00e9e \u00e0 un usage quotidien. Les extraits botaniques\u00a0 aident \u00e0 r\u00e9\u00e9quilibrer et illuminer\u00a0 le teint. Riche en antioxydants, agents\u00a0 r\u00e9g\u00e9n\u00e9rants et anti-inflammatoires.<\/p>\n<p>The skin is fresh and<strong> hydrated for the entire day!<\/strong>.<\/p>\n<p>Benefits:\u00a0<strong>+ Anti-pollution + <\/strong><strong>Glow\u00a0<\/strong><strong>+ Anti aging hydration <\/strong><strong>+ Firming<\/strong><\/p>","protected":false},"featured_media":5423,"template":"","meta":{"ocean_post_layout":"","ocean_both_sidebars_style":"","ocean_both_sidebars_content_width":0,"ocean_both_sidebars_sidebars_width":0,"ocean_sidebar":"0","ocean_second_sidebar":"0","ocean_disable_margins":"enable","ocean_add_body_class":"","ocean_shortcode_before_top_bar":"","ocean_shortcode_after_top_bar":"","ocean_shortcode_before_header":"","ocean_shortcode_after_header":"","ocean_has_shortcode":"","ocean_shortcode_after_title":"","ocean_shortcode_before_footer_widgets":"","ocean_shortcode_after_footer_widgets":"","ocean_shortcode_before_footer_bottom":"","ocean_shortcode_after_footer_bottom":"","ocean_display_top_bar":"default","ocean_display_header":"default","ocean_header_style":"","ocean_center_header_left_menu":"0","ocean_custom_header_template":"0","ocean_custom_logo":0,"ocean_custom_retina_logo":0,"ocean_custom_logo_max_width":0,"ocean_custom_logo_tablet_max_width":0,"ocean_custom_logo_mobile_max_width":0,"ocean_custom_logo_max_height":0,"ocean_custom_logo_tablet_max_height":0,"ocean_custom_logo_mobile_max_height":0,"ocean_header_custom_menu":"0","ocean_menu_typo_font_family":"0","ocean_menu_typo_font_subset":"","ocean_menu_typo_font_size":0,"ocean_menu_typo_font_size_tablet":0,"ocean_menu_typo_font_size_mobile":0,"ocean_menu_typo_font_size_unit":"px","ocean_menu_typo_font_weight":"","ocean_menu_typo_font_weight_tablet":"","ocean_menu_typo_font_weight_mobile":"","ocean_menu_typo_transform":"","ocean_menu_typo_transform_tablet":"","ocean_menu_typo_transform_mobile":"","ocean_menu_typo_line_height":0,"ocean_menu_typo_line_height_tablet":0,"ocean_menu_typo_line_height_mobile":0,"ocean_menu_typo_line_height_unit":"","ocean_menu_typo_spacing":0,"ocean_menu_typo_spacing_tablet":0,"ocean_menu_typo_spacing_mobile":0,"ocean_menu_typo_spacing_unit":"","ocean_menu_link_color":"","ocean_menu_link_color_hover":"","ocean_menu_link_color_active":"","ocean_menu_link_background":"","ocean_menu_link_hover_background":"","ocean_menu_link_active_background":"","ocean_menu_social_links_bg":"","ocean_menu_social_hover_links_bg":"","ocean_menu_social_links_color":"","ocean_menu_social_hover_links_color":"","ocean_disable_title":"default","ocean_disable_heading":"default","ocean_post_title":"","ocean_post_subheading":"","ocean_post_title_style":"","ocean_post_title_background_color":"","ocean_post_title_background":0,"ocean_post_title_bg_image_position":"","ocean_post_title_bg_image_attachment":"","ocean_post_title_bg_image_repeat":"","ocean_post_title_bg_image_size":"","ocean_post_title_height":0,"ocean_post_title_bg_overlay":0.5,"ocean_post_title_bg_overlay_color":"","ocean_disable_breadcrumbs":"default","ocean_breadcrumbs_color":"","ocean_breadcrumbs_separator_color":"","ocean_breadcrumbs_links_color":"","ocean_breadcrumbs_links_hover_color":"","ocean_display_footer_widgets":"default","ocean_display_footer_bottom":"default","ocean_custom_footer_template":"0"},"product_cat":[79,87,90,20],"product_tag":[],"class_list":{"0":"post-5370","1":"product","2":"type-product","3":"status-publish","4":"has-post-thumbnail","6":"product_brand-verite-spa-organics","7":"product_cat-hydratants-visage-aux-huiles-bio","8":"product_cat-peaux-matures","9":"product_cat-peaux-seches-deshydratees","10":"product_cat-soins-du-visage","12":"entry","13":"has-media","15":"first","16":"instock","17":"taxable","18":"shipping-taxable","19":"purchasable","20":"product-type-simple","21":"has-product-nav","22":"col","23":"span_1_of_4","24":"owp-content-center","25":"owp-thumbs-layout-horizontal","26":"owp-btn-normal","27":"owp-tabs-layout-horizontal","28":"has-no-thumbnails"},"_links":{"self":[{"href":"https:\/\/awesomegreenbeauty.com\/en\/wp-json\/wp\/v2\/product\/5370","targetHints":{"allow":["GET"]}}],"collection":[{"href":"https:\/\/awesomegreenbeauty.com\/en\/wp-json\/wp\/v2\/product"}],"about":[{"href":"https:\/\/awesomegreenbeauty.com\/en\/wp-json\/wp\/v2\/types\/product"}],"version-history":[{"count":0,"href":"https:\/\/awesomegreenbeauty.com\/en\/wp-json\/wp\/v2\/product\/5370\/revisions"}],"wp:featuredmedia":[{"embeddable":true,"href":"https:\/\/awesomegreenbeauty.com\/en\/wp-json\/wp\/v2\/media\/5423"}],"wp:attachment":[{"href":"https:\/\/awesomegreenbeauty.com\/en\/wp-json\/wp\/v2\/media?parent=5370"}],"wp:term":[{"taxonomy":"product_cat","embeddable":true,"href":"https:\/\/awesomegreenbeauty.com\/en\/wp-json\/wp\/v2\/product_cat?post=5370"},{"taxonomy":"product_tag","embeddable":true,"href":"https:\/\/awesomegreenbeauty.com\/en\/wp-json\/wp\/v2\/product_tag?post=5370"}],"curies":[{"name":"wp","href":"https:\/\/api.w.org\/{rel}","templated":true}]}}