{"id":5376,"date":"2022-05-31T18:03:25","date_gmt":"2022-05-31T16:03:25","guid":{"rendered":"https:\/\/mygreenbrands.com\/?post_type=product&#038;p=5376"},"modified":"2025-10-29T20:22:02","modified_gmt":"2025-10-29T19:22:02","slug":"verite-spa-organics-creme-mains-bio-70ml","status":"publish","type":"product","link":"https:\/\/awesomegreenbeauty.com\/en\/product\/verite-spa-organics-creme-mains-bio-70ml\/","title":{"rendered":"VERIT\u00c9 SPA ORGANICS &#8211; Cr\u00e8me mains au jasmin &amp; citron japonais &#8211; 70ml"},"content":{"rendered":"<p>Cr\u00e8me mains bio nourrissante : karit\u00e9, cacao &amp; huile de chanvre. Hydratation intense, parfum rose-yuzu. Prot\u00e8ge et r\u00e9pare les mains s\u00e8ches &amp; ab\u00eem\u00e9es.<\/p>\n<p>An organic hand cream, rich in vegetal nourishing oils and butters,such as New Zealand Flax , Baobab, Hemp seed, Meadowfoam and Shea butter.<\/p>\n<p>The exquisitly scented oils of, Jasmine , Vanilla, Pachouli and Japanese Lemon, also encourage skin regeneration and collagen production.<\/p>\n<p><strong>Pourquoi cette cr\u00e8me mains est-elle efficace ?<\/strong><\/p>\n<p>La restauration des niveaux d&rsquo;hydratation et la protection de la peau sont assur\u00e9es par une combinaison unique d&rsquo;hydrolat de rose de Damas, d&rsquo;acide hyaluronique et d&rsquo;isom\u00e9rase de saccharide, qui renforcent la fonction barri\u00e8re de la peau, la prot\u00e9geant des facteurs externes tels que la pollution et les intemp\u00e9ries.<\/p>\n<p>Sans parfum synth\u00e9tiques, colorants, sulfates, oxalates et parab\u00e8nes. Cet hydratant ne contient que des ingr\u00e9dients naturels et biologiques.<\/p>\n<h2 data-start=\"993\" data-end=\"1026\">Bienfaits principaux :<\/h2>\n<ul data-start=\"1027\" data-end=\"1329\">\n<li data-start=\"1027\" data-end=\"1086\">\n<p data-start=\"1029\" data-end=\"1086\">Hydrate intens\u00e9ment les mains s\u00e8ches et d\u00e9shydrat\u00e9es<\/p>\n<\/li>\n<li data-start=\"1087\" data-end=\"1154\">\n<p data-start=\"1089\" data-end=\"1154\">R\u00e9pare et prot\u00e8ge gr\u00e2ce aux beurres v\u00e9g\u00e9taux (karit\u00e9, cacao)<\/p>\n<\/li>\n<li data-start=\"1155\" data-end=\"1219\">\n<p data-start=\"1157\" data-end=\"1219\">Apaise et illumine gr\u00e2ce \u00e0 l\u2019eau florale de rose de Damas<\/p>\n<\/li>\n<li data-start=\"1220\" data-end=\"1272\">\n<p data-start=\"1222\" data-end=\"1272\">\u00a0Antioxydante (vitamine E, huiles pr\u00e9cieuses)<\/p>\n<\/li>\n<li data-start=\"1273\" data-end=\"1329\">\n<p data-start=\"1275\" data-end=\"1329\">\u00a0Texture l\u00e9g\u00e8re, absorption rapide, sans effet gras<\/p>\n<\/li>\n<\/ul>\n<h2 data-start=\"1336\" data-end=\"1361\">Engagements<\/h2>\n<ul data-start=\"1362\" data-end=\"1529\">\n<li data-start=\"1362\" data-end=\"1400\">\n<p data-start=\"1364\" data-end=\"1400\">\u2714\ufe0f Ingr\u00e9dients naturels et bio (*)<\/p>\n<\/li>\n<li data-start=\"1401\" data-end=\"1453\">\n<p data-start=\"1403\" data-end=\"1453\">\u2714\ufe0f Sans parab\u00e8nes, silicones ni huiles min\u00e9rales<\/p>\n<\/li>\n<li data-start=\"1454\" data-end=\"1481\">\n<p data-start=\"1456\" data-end=\"1481\">\u2714\ufe0f Vegan &amp; cruelty-free<\/p>\n<\/li>\n<li data-start=\"1482\" data-end=\"1529\">\n<p data-start=\"1484\" data-end=\"1529\">\u2714\ufe0f Emballage respectueux de l\u2019environnement<\/p>\n<\/li>\n<\/ul>\n<h1>Cr\u00e8me mains naturelle r\u00e9paratrice &amp; hydratante<\/h1>\n<p>Prenez soin de vos mains avec cette <strong>cr\u00e8me naturelle et biologique<\/strong>, formul\u00e9e en Nouvelle-Z\u00e9lande.<br \/>\nEnrichie en <strong>shea butter<\/strong>, <strong>huile de chanvre<\/strong> and<br \/>\n<strong>eau florale de rose de Damas<\/strong>, elle nourrit en profondeur tout en laissant un fini doux, non gras.<\/p>\n<p>Son parfum subtil m\u00eale la fra\u00eecheur du <strong>yuzu<\/strong>, la douceur de la <strong>vanilla<\/strong><br \/>\net l\u2019\u00e9l\u00e9gance du <strong>jasmin<\/strong>, pour transformer chaque application en un v\u00e9ritable moment de bien-\u00eatre.<\/p>\n<p>&nbsp;<\/p>\n<p>&nbsp;<\/p>","protected":false},"excerpt":{"rendered":"<p><b>Cr\u00e8me mains naturelle r\u00e9paratrice &amp; hydratante<\/b><\/p>\n<p><b>VERIT\u00c9 SPA ORGANICS | Hand cream | 100 % Bio\u00a0<\/b><!--more--><\/p>\n<p>Prenez soin de vos mains avec cette <strong>cr\u00e8me naturelle et biologique<\/strong>, formul\u00e9e en Nouvelle-Z\u00e9lande.<br \/>\nEnrichie en <strong>shea butter<\/strong>, <strong>huile de chanvre<\/strong> and<br \/>\n<strong>eau florale de rose de Damas<\/strong>, elle nourrit en profondeur tout en laissant un fini doux, non gras.<\/p>\n<p>Son parfum subtil m\u00eale la fra\u00eecheur du <strong>yuzu<\/strong>, la douceur de la <strong>vanilla<\/strong><br \/>\net l\u2019\u00e9l\u00e9gance du <strong>jasmin<\/strong>, pour transformer chaque application en un v\u00e9ritable moment de bien-\u00eatre.<\/p>\n<p>C&rsquo;est pour moi !<\/p>\n<p>&nbsp;<\/p>","protected":false},"featured_media":5426,"template":"","meta":{"ocean_post_layout":"","ocean_both_sidebars_style":"","ocean_both_sidebars_content_width":0,"ocean_both_sidebars_sidebars_width":0,"ocean_sidebar":"0","ocean_second_sidebar":"0","ocean_disable_margins":"enable","ocean_add_body_class":"","ocean_shortcode_before_top_bar":"","ocean_shortcode_after_top_bar":"","ocean_shortcode_before_header":"","ocean_shortcode_after_header":"","ocean_has_shortcode":"","ocean_shortcode_after_title":"","ocean_shortcode_before_footer_widgets":"","ocean_shortcode_after_footer_widgets":"","ocean_shortcode_before_footer_bottom":"","ocean_shortcode_after_footer_bottom":"","ocean_display_top_bar":"default","ocean_display_header":"default","ocean_header_style":"","ocean_center_header_left_menu":"0","ocean_custom_header_template":"0","ocean_custom_logo":0,"ocean_custom_retina_logo":0,"ocean_custom_logo_max_width":0,"ocean_custom_logo_tablet_max_width":0,"ocean_custom_logo_mobile_max_width":0,"ocean_custom_logo_max_height":0,"ocean_custom_logo_tablet_max_height":0,"ocean_custom_logo_mobile_max_height":0,"ocean_header_custom_menu":"0","ocean_menu_typo_font_family":"0","ocean_menu_typo_font_subset":"","ocean_menu_typo_font_size":0,"ocean_menu_typo_font_size_tablet":0,"ocean_menu_typo_font_size_mobile":0,"ocean_menu_typo_font_size_unit":"px","ocean_menu_typo_font_weight":"","ocean_menu_typo_font_weight_tablet":"","ocean_menu_typo_font_weight_mobile":"","ocean_menu_typo_transform":"","ocean_menu_typo_transform_tablet":"","ocean_menu_typo_transform_mobile":"","ocean_menu_typo_line_height":0,"ocean_menu_typo_line_height_tablet":0,"ocean_menu_typo_line_height_mobile":0,"ocean_menu_typo_line_height_unit":"","ocean_menu_typo_spacing":0,"ocean_menu_typo_spacing_tablet":0,"ocean_menu_typo_spacing_mobile":0,"ocean_menu_typo_spacing_unit":"","ocean_menu_link_color":"","ocean_menu_link_color_hover":"","ocean_menu_link_color_active":"","ocean_menu_link_background":"","ocean_menu_link_hover_background":"","ocean_menu_link_active_background":"","ocean_menu_social_links_bg":"","ocean_menu_social_hover_links_bg":"","ocean_menu_social_links_color":"","ocean_menu_social_hover_links_color":"","ocean_disable_title":"default","ocean_disable_heading":"default","ocean_post_title":"","ocean_post_subheading":"","ocean_post_title_style":"","ocean_post_title_background_color":"","ocean_post_title_background":0,"ocean_post_title_bg_image_position":"","ocean_post_title_bg_image_attachment":"","ocean_post_title_bg_image_repeat":"","ocean_post_title_bg_image_size":"","ocean_post_title_height":0,"ocean_post_title_bg_overlay":0.5,"ocean_post_title_bg_overlay_color":"","ocean_disable_breadcrumbs":"default","ocean_breadcrumbs_color":"","ocean_breadcrumbs_separator_color":"","ocean_breadcrumbs_links_color":"","ocean_breadcrumbs_links_hover_color":"","ocean_display_footer_widgets":"default","ocean_display_footer_bottom":"default","ocean_custom_footer_template":"0"},"product_cat":[21,96],"product_tag":[459],"class_list":{"0":"post-5376","1":"product","2":"type-product","3":"status-publish","4":"has-post-thumbnail","6":"product_brand-verite-spa-organics","7":"product_cat-soins-du-corps","8":"product_cat-pieds-mains","9":"product_tag-creme-mains-naturelle-reparatrice-hydratante","11":"entry","12":"has-media","14":"first","15":"instock","16":"taxable","17":"shipping-taxable","18":"purchasable","19":"product-type-simple","20":"has-product-nav","21":"col","22":"span_1_of_4","23":"owp-content-center","24":"owp-thumbs-layout-horizontal","25":"owp-btn-normal","26":"owp-tabs-layout-horizontal","27":"has-no-thumbnails"},"_links":{"self":[{"href":"https:\/\/awesomegreenbeauty.com\/en\/wp-json\/wp\/v2\/product\/5376","targetHints":{"allow":["GET"]}}],"collection":[{"href":"https:\/\/awesomegreenbeauty.com\/en\/wp-json\/wp\/v2\/product"}],"about":[{"href":"https:\/\/awesomegreenbeauty.com\/en\/wp-json\/wp\/v2\/types\/product"}],"version-history":[{"count":0,"href":"https:\/\/awesomegreenbeauty.com\/en\/wp-json\/wp\/v2\/product\/5376\/revisions"}],"wp:featuredmedia":[{"embeddable":true,"href":"https:\/\/awesomegreenbeauty.com\/en\/wp-json\/wp\/v2\/media\/5426"}],"wp:attachment":[{"href":"https:\/\/awesomegreenbeauty.com\/en\/wp-json\/wp\/v2\/media?parent=5376"}],"wp:term":[{"taxonomy":"product_cat","embeddable":true,"href":"https:\/\/awesomegreenbeauty.com\/en\/wp-json\/wp\/v2\/product_cat?post=5376"},{"taxonomy":"product_tag","embeddable":true,"href":"https:\/\/awesomegreenbeauty.com\/en\/wp-json\/wp\/v2\/product_tag?post=5376"}],"curies":[{"name":"wp","href":"https:\/\/api.w.org\/{rel}","templated":true}]}}