{"id":5584,"date":"2022-08-23T16:17:41","date_gmt":"2022-08-23T14:17:41","guid":{"rendered":"https:\/\/mygreenbrands.com\/?post_type=product&#038;p=5584"},"modified":"2025-02-18T17:38:38","modified_gmt":"2025-02-18T16:38:38","slug":"masque-purifiant-kokoleka-leahlani-skincare","status":"publish","type":"product","link":"https:\/\/awesomegreenbeauty.com\/en\/product\/masque-purifiant-kokoleka-leahlani-skincare\/","title":{"rendered":"LEAHLANI SKINCARE &#8211; Kokoleka Masque Purifiant  &#8211; 118ml"},"content":{"rendered":"<p>Offrez \u00e0 votre peau un v\u00e9ritable rituel de purification avec <strong>Kokoleka<\/strong>, le <strong>masque purifiant<\/strong> sign\u00e9 <strong>Leahlani<\/strong>. Formul\u00e9 avec un m\u00e9lange puissant de <strong>charbon actif, d\u2019argiles purifiantes, de caf\u00e9 vert et de lait de coco<\/strong>, ce soin luxueux nettoie en profondeur, absorbe l\u2019exc\u00e8s de s\u00e9bum et revitalise l\u2019\u00e9piderme tout en douceur.<\/p>\n<p>Inspir\u00e9 des tr\u00e9sors naturels d\u2019Hawa\u00ef, Kokoleka tire son nom du mot hawa\u00efen signifiant <em>chocolat<\/em>, un clin d\u2019\u0153il \u00e0 sa texture gourmande et \u00e0 son parfum exquis m\u00ealant cacao et agrumes. Kokoleka t\u00e9moigne du pouvoir des soins naturels de la peau, offrant une \u00e9vasion d\u00e9toxifiante qui non seulement r\u00e9pond aux probl\u00e8mes de peau, mais dorlote et rajeunit \u00e9galement. Adoptez ce rituel luxueux et permettez \u00e0 Kokoleka de transformer votre routine de soins de la peau en un acte d&rsquo;amour-propre et de renouveau.<\/p>\n<ol>\n<li><strong>Purifie et d\u00e9toxifie<\/strong> la peau en profondeur<\/li>\n<li><strong>D\u00e9congestionne les pores<\/strong> et absorbe les impuret\u00e9s<\/li>\n<li><strong>Hydrate et revitalise<\/strong> gr\u00e2ce \u00e0 un cocktail de min\u00e9raux et d\u2019antioxydants<\/li>\n<li><strong>Prot\u00e8ge contre le vieillissement cutan\u00e9<\/strong> et stimule l\u2019\u00e9clat du teint<\/li>\n<\/ol>\n<h3><strong>Key ingredients<\/strong><\/h3>\n<ul>\n<li data-start=\"944\" data-end=\"1165\"><strong data-start=\"947\" data-end=\"964\">Charbon actif<\/strong> \u2013 Connu pour ses incroyables propri\u00e9t\u00e9s d\u00e9toxifiantes, <span style=\"color: #993300;\"><strong><a style=\"color: #993300;\" href=\"https:\/\/www.journaldesfemmes.fr\/beaute\/conseils-soins\/1833738-charbon-masque-gommage\/\" target=\"_blank\" rel=\"noopener\">le charbon actif<\/a><\/strong><\/span> dans ce masque purifiant absorbe les impuret\u00e9s, les toxines et l\u2019exc\u00e8s de s\u00e9bum. Il aide \u00e0 purifier la peau en profondeur tout en resserrant les pores.<\/li>\n<li data-start=\"1167\" data-end=\"1566\"><strong data-start=\"1170\" data-end=\"1231\">Argiles volcaniques (4 types d\u2019argiles)<\/strong> \u2013 Riche en min\u00e9raux essentiels, ce complexe unique d\u2019argiles aide \u00e0 \u00e9quilibrer la production de s\u00e9bum, \u00e0 absorber l\u2019exc\u00e8s d\u2019huile et \u00e0 purifier la peau en douceur. L\u2019argile Black Fango est particuli\u00e8rement puissante gr\u00e2ce \u00e0 sa concentration en acide fulvique et humique, connus pour leurs vertus r\u00e9g\u00e9n\u00e9rantes et anti-inflammatoires.<\/li>\n<li data-start=\"1568\" data-end=\"1800\"><strong data-start=\"1571\" data-end=\"1587\">Lait de coco<\/strong> \u2013 Ultra-nourrissant et apaisant, le lait de coco regorge de vitamines et d\u2019acides gras qui hydratent en profondeur et aident \u00e0 renforcer la barri\u00e8re cutan\u00e9e, tout en procurant une sensation de confort imm\u00e9diat.<\/li>\n<li data-start=\"1802\" data-end=\"2039\"><strong data-start=\"1804\" data-end=\"1828\">Extrait de caf\u00e9 vert<\/strong> \u2013 <span style=\"color: #993300;\"><strong><a style=\"color: #993300;\" href=\"https:\/\/www.laboratoire-lescuyer.com\/nos-actifs\/cafe-vert\" target=\"_blank\" rel=\"noopener\">Antioxydant naturel puissant<\/a><\/strong><\/span>, le caf\u00e9 vert favorise la microcirculation et aide \u00e0 r\u00e9veiller l\u2019\u00e9clat du teint tout en luttant contre le vieillissement cutan\u00e9 gr\u00e2ce \u00e0 sa richesse en polyph\u00e9nols et en caf\u00e9ine.<\/li>\n<li data-start=\"2041\" data-end=\"2290\"><strong data-start=\"2044\" data-end=\"2063\">Orange &amp; Citron<\/strong> \u2013 Ces agrumes, riches en vitamine C et en acides naturels, ont des propri\u00e9t\u00e9s tonifiantes, \u00e9claircissantes et purifiantes. Ils stimulent la production de collag\u00e8ne, am\u00e9liorent l\u2019\u00e9clat de la peau et aident \u00e0 unifier le teint.<\/li>\n<li data-start=\"2292\" data-end=\"2570\"><strong data-start=\"2295\" data-end=\"2324\">Sel volcanique de Molokai<\/strong> \u2013 Ce sel exceptionnel, directement issu des terres volcaniques hawa\u00efennes, est gorg\u00e9 de min\u00e9raux et d\u2019oligo-\u00e9l\u00e9ments qui aident \u00e0 remin\u00e9raliser et hydrater la peau en profondeur, tout en lui procurant une sensation de fra\u00eecheur et de vitalit\u00e9.<\/li>\n<li data-start=\"2572\" data-end=\"2824\"><strong data-start=\"2575\" data-end=\"2591\">Baies d\u2019a\u00e7a\u00ef<\/strong> \u2013 V\u00e9ritables super-aliments pour la peau, les baies d\u2019a\u00e7a\u00ef regorgent d\u2019antioxydants qui aident \u00e0 neutraliser les radicaux libres, ralentissant ainsi le vieillissement cutan\u00e9 et prot\u00e9geant la peau contre les agressions ext\u00e9rieures.<\/li>\n<\/ul>\n<h3><strong>B\u00e9n\u00e9fices de ce masque visage<\/strong><\/h3>\n<ol>\n<li><strong>Purifie et d\u00e9toxifie<\/strong> la peau en profondeur<\/li>\n<li><strong>D\u00e9congestionne les pores<\/strong> et absorbe les impuret\u00e9s<\/li>\n<li><strong>Hydrate et revitalise<\/strong> gr\u00e2ce \u00e0 un cocktail de min\u00e9raux et d\u2019antioxydants<\/li>\n<li><strong>Prot\u00e8ge contre le vieillissement cutan\u00e9<\/strong> et stimule l\u2019\u00e9clat du teint<\/li>\n<\/ol>\n<h3><strong>Use<\/strong><\/h3>\n<ol>\n<li><strong>Pr\u00e9paration<\/strong> : Dans un petit bol, m\u00e9lange <strong>une cuill\u00e8re \u00e0 caf\u00e9<\/strong> de poudre Kokoleka masque purifiant avec <strong>quelques gouttes d\u2019eau<\/strong> jusqu\u2019\u00e0 obtenir une texture cr\u00e9meuse.<\/li>\n<li><strong>Application<\/strong> : Appliquez sur peau propre et s\u00e8che en couche uniforme, en \u00e9vitant le contour des yeux.<\/li>\n<li><strong>Temps de pose<\/strong> : Laissez agir <strong>10 \u00e0 15 minutes<\/strong> (le masque ne doit pas s\u00e9cher compl\u00e8tement sur la peau).<\/li>\n<li><strong>Rinsing<\/strong> : Rincez \u00e0 l\u2019eau ti\u00e8de en effectuant des mouvements circulaires pour un effet exfoliant doux.<\/li>\n<li><strong>Hydration<\/strong> : Poursuivez avec votre s\u00e9rum ou cr\u00e8me hydratante habituelle pour une peau encore plus lumineuse.<\/li>\n<\/ol>\n<p>Transformez <strong><span style=\"color: #993300;\"><a style=\"color: #993300;\" href=\"https:\/\/awesomegreenbeauty.com\/en\/les-peaux-a-imperfections\/\" target=\"_blank\" rel=\"noopener\">votre routine beaut\u00e9<\/a><\/span><\/strong> en une v\u00e9ritable exp\u00e9rience sensorielle avec Kokoleka masque purifiant!<\/p>","protected":false},"excerpt":{"rendered":"<p><b>LEAHLANI SKINCARE | Cleanser, detoxifying &amp; purifying mask | All skin types | Especially for combination skin | Organic\u00a0<\/b><\/p>\n<p>A cleansing mask 4-in-1 for a healty, glowy and bright skin!<\/p>\n<p>Purifiez et revitalisez votre peau avec <strong data-start=\"41\" data-end=\"53\">Kokoleka<\/strong>, le <strong data-start=\"58\" data-end=\"78\">masque purifiant<\/strong> de Leahlani, riche en charbon actif, argiles volcaniques et super-ingr\u00e9dients naturels.<\/p>","protected":false},"featured_media":5586,"template":"","meta":{"ocean_post_layout":"","ocean_both_sidebars_style":"","ocean_both_sidebars_content_width":0,"ocean_both_sidebars_sidebars_width":0,"ocean_sidebar":"0","ocean_second_sidebar":"0","ocean_disable_margins":"enable","ocean_add_body_class":"","ocean_shortcode_before_top_bar":"","ocean_shortcode_after_top_bar":"","ocean_shortcode_before_header":"","ocean_shortcode_after_header":"","ocean_has_shortcode":"","ocean_shortcode_after_title":"","ocean_shortcode_before_footer_widgets":"","ocean_shortcode_after_footer_widgets":"","ocean_shortcode_before_footer_bottom":"","ocean_shortcode_after_footer_bottom":"","ocean_display_top_bar":"default","ocean_display_header":"default","ocean_header_style":"","ocean_center_header_left_menu":"0","ocean_custom_header_template":"0","ocean_custom_logo":0,"ocean_custom_retina_logo":0,"ocean_custom_logo_max_width":0,"ocean_custom_logo_tablet_max_width":0,"ocean_custom_logo_mobile_max_width":0,"ocean_custom_logo_max_height":0,"ocean_custom_logo_tablet_max_height":0,"ocean_custom_logo_mobile_max_height":0,"ocean_header_custom_menu":"0","ocean_menu_typo_font_family":"0","ocean_menu_typo_font_subset":"","ocean_menu_typo_font_size":0,"ocean_menu_typo_font_size_tablet":0,"ocean_menu_typo_font_size_mobile":0,"ocean_menu_typo_font_size_unit":"px","ocean_menu_typo_font_weight":"","ocean_menu_typo_font_weight_tablet":"","ocean_menu_typo_font_weight_mobile":"","ocean_menu_typo_transform":"","ocean_menu_typo_transform_tablet":"","ocean_menu_typo_transform_mobile":"","ocean_menu_typo_line_height":0,"ocean_menu_typo_line_height_tablet":0,"ocean_menu_typo_line_height_mobile":0,"ocean_menu_typo_line_height_unit":"","ocean_menu_typo_spacing":0,"ocean_menu_typo_spacing_tablet":0,"ocean_menu_typo_spacing_mobile":0,"ocean_menu_typo_spacing_unit":"","ocean_menu_link_color":"","ocean_menu_link_color_hover":"","ocean_menu_link_color_active":"","ocean_menu_link_background":"","ocean_menu_link_hover_background":"","ocean_menu_link_active_background":"","ocean_menu_social_links_bg":"","ocean_menu_social_hover_links_bg":"","ocean_menu_social_links_color":"","ocean_menu_social_hover_links_color":"","ocean_disable_title":"default","ocean_disable_heading":"default","ocean_post_title":"","ocean_post_subheading":"","ocean_post_title_style":"","ocean_post_title_background_color":"","ocean_post_title_background":0,"ocean_post_title_bg_image_position":"","ocean_post_title_bg_image_attachment":"","ocean_post_title_bg_image_repeat":"","ocean_post_title_bg_image_size":"","ocean_post_title_height":0,"ocean_post_title_bg_overlay":0.5,"ocean_post_title_bg_overlay_color":"","ocean_disable_breadcrumbs":"default","ocean_breadcrumbs_color":"","ocean_breadcrumbs_separator_color":"","ocean_breadcrumbs_links_color":"","ocean_breadcrumbs_links_hover_color":"","ocean_display_footer_widgets":"default","ocean_display_footer_bottom":"default","ocean_custom_footer_template":"0"},"product_cat":[76,91,20],"product_tag":[],"class_list":{"0":"post-5584","1":"product","2":"type-product","3":"status-publish","4":"has-post-thumbnail","6":"product_brand-leahlani","7":"product_cat-masques-traitants-naturels-bio","8":"product_cat-tout-type-de-peau","9":"product_cat-soins-du-visage","11":"entry","12":"has-media","14":"first","15":"instock","16":"taxable","17":"shipping-taxable","18":"purchasable","19":"product-type-simple","20":"has-product-nav","21":"col","22":"span_1_of_4","23":"owp-content-center","24":"owp-thumbs-layout-horizontal","25":"owp-btn-normal","26":"owp-tabs-layout-horizontal"},"_links":{"self":[{"href":"https:\/\/awesomegreenbeauty.com\/en\/wp-json\/wp\/v2\/product\/5584","targetHints":{"allow":["GET"]}}],"collection":[{"href":"https:\/\/awesomegreenbeauty.com\/en\/wp-json\/wp\/v2\/product"}],"about":[{"href":"https:\/\/awesomegreenbeauty.com\/en\/wp-json\/wp\/v2\/types\/product"}],"version-history":[{"count":0,"href":"https:\/\/awesomegreenbeauty.com\/en\/wp-json\/wp\/v2\/product\/5584\/revisions"}],"wp:featuredmedia":[{"embeddable":true,"href":"https:\/\/awesomegreenbeauty.com\/en\/wp-json\/wp\/v2\/media\/5586"}],"wp:attachment":[{"href":"https:\/\/awesomegreenbeauty.com\/en\/wp-json\/wp\/v2\/media?parent=5584"}],"wp:term":[{"taxonomy":"product_cat","embeddable":true,"href":"https:\/\/awesomegreenbeauty.com\/en\/wp-json\/wp\/v2\/product_cat?post=5584"},{"taxonomy":"product_tag","embeddable":true,"href":"https:\/\/awesomegreenbeauty.com\/en\/wp-json\/wp\/v2\/product_tag?post=5584"}],"curies":[{"name":"wp","href":"https:\/\/api.w.org\/{rel}","templated":true}]}}