{"id":5588,"date":"2022-08-23T17:01:43","date_gmt":"2022-08-23T15:01:43","guid":{"rendered":"https:\/\/mygreenbrands.com\/?post_type=product&#038;p=5588"},"modified":"2025-09-21T00:04:07","modified_gmt":"2025-09-20T22:04:07","slug":"serum-anti-age-serum-sattva-glow-d-bakuchiol-30ml","status":"publish","type":"product","link":"https:\/\/awesomegreenbeauty.com\/en\/product\/serum-anti-age-serum-sattva-glow-d-bakuchiol-30ml\/","title":{"rendered":"VERIT\u00c9 SPA ORGANICS &#8211; S\u00e9rum SATTVA Glow + D Bakuchiol &#8211; 30ml"},"content":{"rendered":"<p>Discover the <strong>Sattva Glow + D Bakuchiol Serum<\/strong> de Verit\u00e9 Spa Organics, un soin innovant, v\u00e9ritable \u00ab\u00a0Game changer\u00a0\u00bb. Inspir\u00e9 du concept sanskrit \u00ab\u00a0<em>Sattva<\/em>\u00a0\u00bb (qui signifie litt\u00e9ralement l&rsquo;existence, la r\u00e9alit\u00e9, la nature, le principe vital ou encore la conscience); ce s\u00e9rum anti-\u00e2ge \u00e0 la texture l\u00e9g\u00e8re est con\u00e7u pour apporter un \u00e9clat naturel \u00e0 votre peau tout en favorisant le renouvellement de la peau.\u00a0 Les ingr\u00e9dients phare tels que <a href=\"https:\/\/www.doctissimo.fr\/beaute\/beaute-naturelle\/le-bakuchiol-lincontournable-ingredient-anti-age-naturel\/f4ffdd_ar.html\" target=\"_blank\" rel=\"noopener\"><strong>le bakuchiol<\/strong><\/a>, actif v\u00e9g\u00e9tal extrait des graines de la plante <em>Psoralea corylifolia<\/em> (Babchi), originaire d\u2019Asie,\u00a0 est reconnu comme une alternative naturelle au r\u00e9tinol.<\/p>\n<p>Les champignons <strong>Reishi<\/strong> and <strong>Shiitake<\/strong> ont des <strong>propri\u00e9t\u00e9s antioxydantes, anti-inflammatoires et revitalisantes<\/strong>. Traditionnellement employ\u00e9s dans la m\u00e9decine asiatique, ces champignons sont appr\u00e9ci\u00e9s pour leurs bienfaits sur la peau.<\/p>\n<h4><strong>Key Ingredients<\/strong><\/h4>\n<ul>\n<li><strong>Vitamine D<\/strong> : Contribue \u00e0 la sant\u00e9 g\u00e9n\u00e9rale de la peau.<\/li>\n<li><strong>Champignons Reishi et Shiitake<\/strong> : restaurent et favorisent le <a href=\"https:\/\/www.elle.fr\/Beaute\/News-beaute\/Soins\/Ce-legume-est-le-nouvel-actif-anti-age-en-vogue-4217378\" target=\"_blank\" rel=\"noopener\">cell renewal<\/a>.<\/li>\n<li><strong>Bakuchiol<\/strong> : Une alternative naturelle \u00e0 la vitamine A synth\u00e9tique (R\u00e9tinol). C&rsquo;est le principal ingr\u00e9dient actif de ce s\u00e9rum anti-\u00e2ge.<\/li>\n<li><strong>Hyaluronic Acid<\/strong> : Hydrate intens\u00e9ment la peau, am\u00e9liorant son \u00e9lasticit\u00e9 et sa fermet\u00e9.<\/li>\n<li><strong>Jasmin<\/strong> : Son parfum floral et exotique a des vertus relaxantes et antistress.<\/li>\n<\/ul>\n<h4><strong>Benefits<\/strong><\/h4>\n<ul>\n<li><strong>\u00c9quilibre et Harmonie:<\/strong>\u00a0soutient la fonction immunitaire cutan\u00e9e.<\/li>\n<li><strong>Antioxydant puissant : <\/strong>il prot\u00e8ge la peau contre les radicaux libres et les agressions ext\u00e9rieures.<\/li>\n<li><strong>Unifie le teint : <\/strong>aide \u00e0 r\u00e9duire les taches pigmentaires et les irr\u00e9gularit\u00e9s du teint, offrant une peau plus lumineuse et uniforme.<\/li>\n<li><strong>Anti-\u00e2ge :<\/strong> Lisse et favorise le renouvellement cellulaire: et r\u00e9duit l&rsquo;apparence des rides et ridules.<\/li>\n<li><strong>Hydratation Profonde<\/strong> : L&rsquo;acide hyaluronique dans ce s\u00e9rum anti-\u00e2ge assure une hydratation optimale, laissant la peau douce et souple.<\/li>\n<li><strong>\u00a0Elasticit\u00e9 &amp; \u00c9clat Naturel<\/strong> : Les extraits de champignons Reishi et Shiitake revitalisent la peau en lui redonnant de l&rsquo;\u00e9clat<\/li>\n<li><strong>Anti-inflammatoire et apaisant <\/strong>Id\u00e9al pour les peaux sensibles ou sujettes \u00e0 l\u2019acn\u00e9. R\u00e9duit les inflammations et apaise les irritations.<\/li>\n<li>Suitable for all skin types.<\/li>\n<\/ul>\n<h4><strong>Use<\/strong><\/h4>\n<p>Apr\u00e8s le nettoyage du visage et l&rsquo;application d&rsquo;un hydrolat ou mist, appliquez une petite quantit\u00e9 de Sattva Glow + D Bakuchiol Serum. Massez d\u00e9licatement jusqu&rsquo;\u00e0 absorption compl\u00e8te. A appliquer le soir avant la <a href=\"https:\/\/awesomegreenbeauty.com\/en\/product\/verite-spa-organics-creme-de-nuit-regenerante-grenade-argousier-50ml\/\" target=\"_blank\" rel=\"noopener\">cr\u00e8me hydratante<\/a> afin d&rsquo;optimiser les r\u00e9sultats.<\/p>\n<p>Int\u00e9grez le s\u00e9rum anti-\u00e2ge de Verit\u00e9 Spa Organic \u00e0 votre <a href=\"https:\/\/awesomegreenbeauty.com\/en\/les-peaux-matures-2\/\" target=\"_blank\" rel=\"noopener\">routine<\/a> tous les jours pour une peau lisse &amp; \u00e9clatante de sant\u00e9. <a href=\"https:\/\/awesomegreenbeauty.com\/en\/marques\/verite-spa-organics\/\" target=\"_blank\" rel=\"noopener\">A d\u00e9couvrir la gamme de produits naturels de Verit\u00e9<\/a>.<\/p>","protected":false},"excerpt":{"rendered":"<div class=\"flex max-w-full flex-col flex-grow\">\n<div class=\"min-h-8 text-message flex w-full flex-col items-end gap-2 whitespace-normal break-words text-start [.text-message+&amp;]:mt-5\" dir=\"auto\" data-message-author-role=\"assistant\" data-message-id=\"b5d49329-6b72-4101-bb89-17f7cd253926\" data-message-model-slug=\"gpt-4o\">\n<div class=\"flex w-full flex-col gap-1 empty:hidden first:pt-[3px]\">\n<div class=\"markdown prose w-full break-words dark:prose-invert light\">\n<p>S\u00e9rum anti-\u00e2ge | Bio | 100% Naturel | \u00e0 base de Bakuchiol (alternative au r\u00e9tinol synth\u00e9tique), aux Reishi et Shiitake et \u00e0 la vitamine D<\/p>\n<p>D\u00e9couvrez le <strong>Sattva Glow + D Bakuchiol Serum<\/strong> de Verit\u00e9 Spa Organics, un soin innovant inspir\u00e9 du concept sanskrit <em>Sattva.<\/em>\u00a0Sa texture l\u00e9g\u00e8re illumine le teint et favorise le renouvellement cellulaire. Enrichi en <strong>bakuchiol<\/strong>, l\u2019alternative v\u00e9g\u00e9tale au r\u00e9tinol, et en <strong>champignons Reishi et Shiitake<\/strong>, il hydrate, apaise et prot\u00e8ge la peau gr\u00e2ce \u00e0 ses puissantes propri\u00e9t\u00e9s antioxydantes et revitalisantes. Une v\u00e9ritable r\u00e9volution pour une peau lisse, \u00e9clatante et naturellement radieuse.<\/p>\n<\/div>\n<\/div>\n<\/div>\n<\/div>\n","protected":false},"featured_media":5590,"template":"","meta":{"ocean_post_layout":"","ocean_both_sidebars_style":"","ocean_both_sidebars_content_width":0,"ocean_both_sidebars_sidebars_width":0,"ocean_sidebar":"0","ocean_second_sidebar":"0","ocean_disable_margins":"enable","ocean_add_body_class":"","ocean_shortcode_before_top_bar":"","ocean_shortcode_after_top_bar":"","ocean_shortcode_before_header":"","ocean_shortcode_after_header":"","ocean_has_shortcode":"","ocean_shortcode_after_title":"","ocean_shortcode_before_footer_widgets":"","ocean_shortcode_after_footer_widgets":"","ocean_shortcode_before_footer_bottom":"","ocean_shortcode_after_footer_bottom":"","ocean_display_top_bar":"default","ocean_display_header":"default","ocean_header_style":"","ocean_center_header_left_menu":"0","ocean_custom_header_template":"0","ocean_custom_logo":0,"ocean_custom_retina_logo":0,"ocean_custom_logo_max_width":0,"ocean_custom_logo_tablet_max_width":0,"ocean_custom_logo_mobile_max_width":0,"ocean_custom_logo_max_height":0,"ocean_custom_logo_tablet_max_height":0,"ocean_custom_logo_mobile_max_height":0,"ocean_header_custom_menu":"0","ocean_menu_typo_font_family":"0","ocean_menu_typo_font_subset":"","ocean_menu_typo_font_size":0,"ocean_menu_typo_font_size_tablet":0,"ocean_menu_typo_font_size_mobile":0,"ocean_menu_typo_font_size_unit":"px","ocean_menu_typo_font_weight":"","ocean_menu_typo_font_weight_tablet":"","ocean_menu_typo_font_weight_mobile":"","ocean_menu_typo_transform":"","ocean_menu_typo_transform_tablet":"","ocean_menu_typo_transform_mobile":"","ocean_menu_typo_line_height":0,"ocean_menu_typo_line_height_tablet":0,"ocean_menu_typo_line_height_mobile":0,"ocean_menu_typo_line_height_unit":"","ocean_menu_typo_spacing":0,"ocean_menu_typo_spacing_tablet":0,"ocean_menu_typo_spacing_mobile":0,"ocean_menu_typo_spacing_unit":"","ocean_menu_link_color":"","ocean_menu_link_color_hover":"","ocean_menu_link_color_active":"","ocean_menu_link_background":"","ocean_menu_link_hover_background":"","ocean_menu_link_active_background":"","ocean_menu_social_links_bg":"","ocean_menu_social_hover_links_bg":"","ocean_menu_social_links_color":"","ocean_menu_social_hover_links_color":"","ocean_disable_title":"default","ocean_disable_heading":"default","ocean_post_title":"","ocean_post_subheading":"","ocean_post_title_style":"","ocean_post_title_background_color":"","ocean_post_title_background":0,"ocean_post_title_bg_image_position":"","ocean_post_title_bg_image_attachment":"","ocean_post_title_bg_image_repeat":"","ocean_post_title_bg_image_size":"","ocean_post_title_height":0,"ocean_post_title_bg_overlay":0.5,"ocean_post_title_bg_overlay_color":"","ocean_disable_breadcrumbs":"default","ocean_breadcrumbs_color":"","ocean_breadcrumbs_separator_color":"","ocean_breadcrumbs_links_color":"","ocean_breadcrumbs_links_hover_color":"","ocean_display_footer_widgets":"default","ocean_display_footer_bottom":"default","ocean_custom_footer_template":"0"},"product_cat":[410,87,91,90,409,84,20],"product_tag":[],"class_list":{"0":"post-5588","1":"product","2":"type-product","3":"status-publish","4":"has-post-thumbnail","6":"product_brand-verite-spa-organics","7":"product_cat-hyperpigmentation-taches-pigmentaires","8":"product_cat-peaux-matures","9":"product_cat-tout-type-de-peau","10":"product_cat-peaux-seches-deshydratees","11":"product_cat-peaux-ternes","12":"product_cat-serums-bio-huiles-de-beaute","13":"product_cat-soins-du-visage","15":"entry","16":"has-media","18":"first","19":"instock","20":"featured","21":"taxable","22":"shipping-taxable","23":"purchasable","24":"product-type-simple","25":"has-product-nav","26":"col","27":"span_1_of_4","28":"owp-content-center","29":"owp-thumbs-layout-horizontal","30":"owp-btn-normal","31":"owp-tabs-layout-horizontal","32":"has-no-thumbnails"},"_links":{"self":[{"href":"https:\/\/awesomegreenbeauty.com\/en\/wp-json\/wp\/v2\/product\/5588","targetHints":{"allow":["GET"]}}],"collection":[{"href":"https:\/\/awesomegreenbeauty.com\/en\/wp-json\/wp\/v2\/product"}],"about":[{"href":"https:\/\/awesomegreenbeauty.com\/en\/wp-json\/wp\/v2\/types\/product"}],"version-history":[{"count":0,"href":"https:\/\/awesomegreenbeauty.com\/en\/wp-json\/wp\/v2\/product\/5588\/revisions"}],"wp:featuredmedia":[{"embeddable":true,"href":"https:\/\/awesomegreenbeauty.com\/en\/wp-json\/wp\/v2\/media\/5590"}],"wp:attachment":[{"href":"https:\/\/awesomegreenbeauty.com\/en\/wp-json\/wp\/v2\/media?parent=5588"}],"wp:term":[{"taxonomy":"product_cat","embeddable":true,"href":"https:\/\/awesomegreenbeauty.com\/en\/wp-json\/wp\/v2\/product_cat?post=5588"},{"taxonomy":"product_tag","embeddable":true,"href":"https:\/\/awesomegreenbeauty.com\/en\/wp-json\/wp\/v2\/product_tag?post=5588"}],"curies":[{"name":"wp","href":"https:\/\/api.w.org\/{rel}","templated":true}]}}