{"id":581,"date":"2019-09-04T12:17:02","date_gmt":"2019-09-04T10:17:02","guid":{"rendered":"https:\/\/www.mygreenbrands.fr\/?post_type=product&#038;p=581"},"modified":"2025-11-14T16:47:17","modified_gmt":"2025-11-14T15:47:17","slug":"hydratant-dafnas-nutrition-creme-reparatrice-et-relaxante-50-ml","status":"publish","type":"product","link":"https:\/\/awesomegreenbeauty.com\/en\/product\/hydratant-dafnas-nutrition-creme-reparatrice-et-relaxante-50-ml\/","title":{"rendered":"DAFNA\u2019S \u2013 Nutrition \u2013 50 ml \u2013 Night Repair Cream"},"content":{"rendered":"<div class=\"flex max-w-full flex-col flex-grow\">\n<div class=\"min-h-8 text-message flex w-full flex-col items-end gap-2 whitespace-normal break-words text-start [.text-message+&amp;]:mt-5\" dir=\"auto\" data-message-author-role=\"assistant\" data-message-id=\"8ab3f5f0-bcf2-415b-88e7-b13db1a2f403\" data-message-model-slug=\"gpt-4o\">\n<div class=\"flex w-full flex-col gap-1 empty:hidden first:pt-[3px]\">\n<div class=\"markdown prose w-full break-words dark:prose-invert light\">\n<p>Dafna\u2019s Nutrition n\u2019est pas simplement une cr\u00e8me hydratante Vegan. Il s&rsquo;agit d&rsquo;un v\u00e9ritable concentr\u00e9 de soin hydratant de nuit, riche en antioxydants. Sa formule innovante associe le pouvoir des extraits botaniques, de <a href=\"https:\/\/www.quechoisir.org\/actualite-acide-hyaluronique-quels-sont-ses-benefices-n127658\/\" target=\"_blank\" rel=\"noopener\">l\u2019acide hyaluronique<\/a> et des huiles essentielles pour un r\u00e9sultat optimal. Cet hydratant est facilement absorb\u00e9, garantissant une hydratation intense et durable, en profondeur. De ce fait, il agit efficacement contre les signes visibles du vieillissement.<\/p>\n<h4><strong>Ingr\u00e9dients Cl\u00e9s<\/strong><\/h4>\n<p>Parmi ses ingr\u00e9dients cl\u00e9s, l\u2019huile de rose musqu\u00e9e et <a href=\"https:\/\/www.doctissimo.fr\/beaute\/beaute-naturelle\/cosmetiques-naturels\/le-ginseng-un-allie-naturel-pour-en-finir-avec-le-teint-terne-et-le-relachement-cutane\/876969_ar.html\" target=\"_blank\" rel=\"noopener\">l\u2019extrait de ginseng<\/a> apportent une action revitalisante puissante. L\u2019huile de rose musqu\u00e9e est riche en acides gras essentiels et en vitamines. Grace \u00e0 ces acides gras, la peau est reg\u00e9n\u00e9r\u00e9e et l\u2019apparence des rides et des taches pigmentaires estomp\u00e9es.<\/p>\n<p>La pr\u00e9sence d\u2019extrait de ginseng dans ce soin hydratant stimule la circulation sanguine et redonne aux peaux fatigu\u00e9es un teint et un \u00e9clat frais.<\/p>\n<h4>La technologie utilis\u00e9e<\/h4>\n<p>Au c\u0153ur de cette formule se trouve la <a href=\"https:\/\/awesomegreenbeauty.com\/dafnas\/\" target=\"_blank\" rel=\"noopener\">TenseUp Technology<\/a>. Cette avanc\u00e9e scientifique associe les bienfaits de la plante Tara et de la racine de chicor\u00e9e. Gr\u00e2ce \u00e0 cette technologie, ce soin agit comme un bouclier contre <a href=\"https:\/\/www.santemagazine.fr\/alimentation\/nutriments\/antioxydants\/luttez-contre-le-stress-oxydatif-171714\" target=\"_blank\" rel=\"noopener\">le stress oxydatif<\/a>, l\u2019une des principales causes du vieillissement cutan\u00e9 pr\u00e9matur\u00e9. En effet, en neutralisant les radicaux libres, cet hydratant aide \u00e0 pr\u00e9server l\u2019\u00e9lasticit\u00e9 et la fermet\u00e9 de la peau, tout en stimulant le renouvellement cellulaire. En cons\u00e9quence, la peau para\u00eet plus jeune, plus lumineuse et mieux prot\u00e9g\u00e9e des agressions ext\u00e9rieures telles que la pollution ou les variations climatiques.<\/p>\n<\/div>\n<h4><strong>B\u00e9n\u00e9fices\u00a0<\/strong><\/h4>\n<p>Le r\u00e9sultat ?<\/p>\n<p>Une peau visiblement repulp\u00e9e, plus lisse et \u00e9clatante au r\u00e9veil.<\/p>\n<div class=\"markdown prose w-full break-words dark:prose-invert light\">\n<p>En plus de ses bienfaits anti-\u00e2ge, la Dafna\u2019s Nutrition cr\u00e8me nourrissante cr\u00e9e une v\u00e9ritable barri\u00e8re protectrice qui am\u00e9liore la r\u00e9silience de la peau. En effet, sa texture velout\u00e9e enveloppe le visage d\u2019un confort imm\u00e9diat, procurant une sensation de bien-\u00eatre profond. Soigneusement formul\u00e9e sans ingr\u00e9dients d\u2019origine animale, ce soin nourrissant respecte les peaux les plus sensibles et convient parfaitement \u00e0 toutes les routines beaut\u00e9.<\/p>\n<h4><strong>Utilisation<\/strong><\/h4>\n<p>Pour r\u00e9sultats optimaux, appliquez cette cr\u00e8me nourrissante chaque soir sur une peau propre et s\u00e8che. Masser par l\u00e9gers mouvements circulaires pour favoriser la p\u00e9n\u00e9tration des actifs. Au fil des applications, vous constaterez un teint visiblement plus uniforme, \u00e9clatant de sant\u00e9, avec une peau douce, repulp\u00e9e et nourrie en profondeur. C\u2019est bien plus qu\u2019un hydratant, qu&rsquo;une cr\u00e8me; <a href=\"https:\/\/awesomegreenbeauty.com\/les-peaux-ternes-2\/\" target=\"_blank\" rel=\"noopener\">c\u2019est un rituel de soin complet<\/a>, une invitation \u00e0 red\u00e9couvrir une peau naturellement radieuse et revitalis\u00e9e. <a href=\"https:\/\/awesomegreenbeauty.com\/marques\/dafnas\/\" target=\"_blank\" rel=\"noopener\">D\u00e9couvrez d\u2019autres soins personnels de DAFNA&rsquo;S<\/a>.<\/p>\n<\/div>\n<\/div>\n<\/div>\n<\/div>\n","protected":false},"excerpt":{"rendered":"<p>It is a high-performance moisturizer, formulated with TenseUp technology, for deep skin regeneration and optimal results.<\/p>\n<p>Contains botanical extracts<\/p>\n<p><img decoding=\"async\" class=\"alignleft size-full wp-image-2441\" src=\"\/wp-content\/uploads\/2019\/09\/dafnas-ayurdevic-1-logo.png\" alt=\"\" width=\"100\" height=\"100\" srcset=\"https:\/\/awesomegreenbeauty.com\/wp-content\/uploads\/2019\/09\/dafnas-ayurdevic-1-logo.png 100w, https:\/\/awesomegreenbeauty.com\/wp-content\/uploads\/2019\/09\/dafnas-ayurdevic-1-logo-64x64.png 64w\" sizes=\"(max-width: 100px) 100vw, 100px\" \/> <img decoding=\"async\" class=\"alignleft size-full wp-image-2449\" src=\"\/wp-content\/uploads\/2019\/09\/dafnas-biotechnology-1-logo.png\" alt=\"\" width=\"101\" height=\"100\" srcset=\"https:\/\/awesomegreenbeauty.com\/wp-content\/uploads\/2019\/09\/dafnas-biotechnology-1-logo.png 101w, https:\/\/awesomegreenbeauty.com\/wp-content\/uploads\/2019\/09\/dafnas-biotechnology-1-logo-64x63.png 64w\" sizes=\"(max-width: 101px) 100vw, 101px\" \/> <img decoding=\"async\" class=\"alignleft size-full wp-image-2440\" src=\"\/wp-content\/uploads\/2019\/09\/dafnas-biocert-1-logo.png\" alt=\"\" width=\"100\" height=\"100\" srcset=\"https:\/\/awesomegreenbeauty.com\/wp-content\/uploads\/2019\/09\/dafnas-biocert-1-logo.png 100w, https:\/\/awesomegreenbeauty.com\/wp-content\/uploads\/2019\/09\/dafnas-biocert-1-logo-64x64.png 64w\" sizes=\"(max-width: 100px) 100vw, 100px\" \/><\/p>","protected":false},"featured_media":36894,"template":"","meta":{"ocean_post_layout":"","ocean_both_sidebars_style":"","ocean_both_sidebars_content_width":0,"ocean_both_sidebars_sidebars_width":0,"ocean_sidebar":"0","ocean_second_sidebar":"0","ocean_disable_margins":"enable","ocean_add_body_class":"","ocean_shortcode_before_top_bar":"","ocean_shortcode_after_top_bar":"","ocean_shortcode_before_header":"","ocean_shortcode_after_header":"","ocean_has_shortcode":"","ocean_shortcode_after_title":"","ocean_shortcode_before_footer_widgets":"","ocean_shortcode_after_footer_widgets":"","ocean_shortcode_before_footer_bottom":"","ocean_shortcode_after_footer_bottom":"","ocean_display_top_bar":"default","ocean_display_header":"default","ocean_header_style":"","ocean_center_header_left_menu":"0","ocean_custom_header_template":"0","ocean_custom_logo":0,"ocean_custom_retina_logo":0,"ocean_custom_logo_max_width":0,"ocean_custom_logo_tablet_max_width":0,"ocean_custom_logo_mobile_max_width":0,"ocean_custom_logo_max_height":0,"ocean_custom_logo_tablet_max_height":0,"ocean_custom_logo_mobile_max_height":0,"ocean_header_custom_menu":"0","ocean_menu_typo_font_family":"0","ocean_menu_typo_font_subset":"","ocean_menu_typo_font_size":0,"ocean_menu_typo_font_size_tablet":0,"ocean_menu_typo_font_size_mobile":0,"ocean_menu_typo_font_size_unit":"px","ocean_menu_typo_font_weight":"","ocean_menu_typo_font_weight_tablet":"","ocean_menu_typo_font_weight_mobile":"","ocean_menu_typo_transform":"","ocean_menu_typo_transform_tablet":"","ocean_menu_typo_transform_mobile":"","ocean_menu_typo_line_height":0,"ocean_menu_typo_line_height_tablet":0,"ocean_menu_typo_line_height_mobile":0,"ocean_menu_typo_line_height_unit":"","ocean_menu_typo_spacing":0,"ocean_menu_typo_spacing_tablet":0,"ocean_menu_typo_spacing_mobile":0,"ocean_menu_typo_spacing_unit":"","ocean_menu_link_color":"","ocean_menu_link_color_hover":"","ocean_menu_link_color_active":"","ocean_menu_link_background":"","ocean_menu_link_hover_background":"","ocean_menu_link_active_background":"","ocean_menu_social_links_bg":"","ocean_menu_social_hover_links_bg":"","ocean_menu_social_links_color":"","ocean_menu_social_hover_links_color":"","ocean_disable_title":"default","ocean_disable_heading":"default","ocean_post_title":"","ocean_post_subheading":"","ocean_post_title_style":"","ocean_post_title_background_color":"","ocean_post_title_background":0,"ocean_post_title_bg_image_position":"","ocean_post_title_bg_image_attachment":"","ocean_post_title_bg_image_repeat":"","ocean_post_title_bg_image_size":"","ocean_post_title_height":0,"ocean_post_title_bg_overlay":0.5,"ocean_post_title_bg_overlay_color":"","ocean_disable_breadcrumbs":"default","ocean_breadcrumbs_color":"","ocean_breadcrumbs_separator_color":"","ocean_breadcrumbs_links_color":"","ocean_breadcrumbs_links_hover_color":"","ocean_display_footer_widgets":"default","ocean_display_footer_bottom":"default","ocean_custom_footer_template":"0"},"product_cat":[79,87,90],"product_tag":[],"class_list":{"0":"post-581","1":"product","2":"type-product","3":"status-publish","4":"has-post-thumbnail","6":"product_brand-dafnas","7":"product_cat-hydratants-visage-aux-huiles-bio","8":"product_cat-peaux-matures","9":"product_cat-peaux-seches-deshydratees","11":"entry","12":"has-media","14":"first","15":"instock","16":"taxable","17":"shipping-taxable","18":"purchasable","19":"product-type-simple","20":"has-product-nav","21":"col","22":"span_1_of_4","23":"owp-content-center","24":"owp-thumbs-layout-horizontal","25":"owp-btn-normal","26":"owp-tabs-layout-horizontal"},"_links":{"self":[{"href":"https:\/\/awesomegreenbeauty.com\/en\/wp-json\/wp\/v2\/product\/581","targetHints":{"allow":["GET"]}}],"collection":[{"href":"https:\/\/awesomegreenbeauty.com\/en\/wp-json\/wp\/v2\/product"}],"about":[{"href":"https:\/\/awesomegreenbeauty.com\/en\/wp-json\/wp\/v2\/types\/product"}],"version-history":[{"count":0,"href":"https:\/\/awesomegreenbeauty.com\/en\/wp-json\/wp\/v2\/product\/581\/revisions"}],"wp:featuredmedia":[{"embeddable":true,"href":"https:\/\/awesomegreenbeauty.com\/en\/wp-json\/wp\/v2\/media\/36894"}],"wp:attachment":[{"href":"https:\/\/awesomegreenbeauty.com\/en\/wp-json\/wp\/v2\/media?parent=581"}],"wp:term":[{"taxonomy":"product_cat","embeddable":true,"href":"https:\/\/awesomegreenbeauty.com\/en\/wp-json\/wp\/v2\/product_cat?post=581"},{"taxonomy":"product_tag","embeddable":true,"href":"https:\/\/awesomegreenbeauty.com\/en\/wp-json\/wp\/v2\/product_tag?post=581"}],"curies":[{"name":"wp","href":"https:\/\/api.w.org\/{rel}","templated":true}]}}