{"id":5947,"date":"2023-03-30T12:28:04","date_gmt":"2023-03-30T10:28:04","guid":{"rendered":"https:\/\/mygreenbrands.com\/?post_type=product&#038;p=5947"},"modified":"2025-08-16T16:18:44","modified_gmt":"2025-08-16T14:18:44","slug":"ilia-illuminateur-sway","status":"publish","type":"product","link":"https:\/\/awesomegreenbeauty.com\/en\/product\/ilia-illuminateur-sway\/","title":{"rendered":"ILIA &#8211; Illuminateur Sway"},"content":{"rendered":"<p>ILIA &#8211; Illuminateur Sway est l&rsquo;alli\u00e9 id\u00e9al des peaux mates pour une bonne mine au naturel.<\/p>\n<p>Ce stick r\u00e9tractable multi-usage s&rsquo;applique en ombre \u00e0 paupi\u00e8re, en blush ou en contouring pour sculpter le visage. Il est compos\u00e9 d&rsquo;ingr\u00e9dients bio et a \u00e9galement une action hydratante et anti-\u00e2ge : huiles de ricin et s\u00e9same et beurres de karit\u00e9 et cacao.<\/p>\n<p><strong data-start=\"3\" data-end=\"25\"><a href=\"https:\/\/iliabeauty.com\/\" target=\"_blank\" rel=\"noopener\">L&rsquo;illuminateur ILIA<\/a><\/strong> est un produit polyvalent et cr\u00e9meux con\u00e7u pour offrir une touche de couleur modulable sur les joues et les l\u00e8vres.<\/p>\n<p>Le ILIA &#8211; Illuminateur Sway a un fini non-gras et <a href=\"https:\/\/awesomegreenbeauty.com\/en\/les-peaux-a-imperfections\/\" target=\"_blank\" rel=\"noopener\">convient parfaitement aux peaux mixtes \u00e0 grasses.<\/a> Ce fard-cr\u00e8me contient un m\u00e9lange de cires ainsi que du beurre de karit\u00e9 et de cacao pour hydrater, nourrir et illuminer le teint.<\/p>\n<ul>\n<li data-start=\"298\" data-end=\"410\"><strong data-start=\"300\" data-end=\"320\">Formule enrichie<\/strong> en beurre de karit\u00e9, huile d&rsquo;avocat, huile de ricin, huile de rose musqu\u00e9e et cire d\u2019orange pour hydrater et prot\u00e9ger la peau.<\/li>\n<li data-start=\"411\" data-end=\"510\"><strong data-start=\"413\" data-end=\"435\">Application facile<\/strong> : format stick r\u00e9tractable, \u00e0 estomper du bout des doigts ou au pinceau.<\/li>\n<li data-start=\"511\" data-end=\"597\"><strong data-start=\"513\" data-end=\"540\">Engagement clean beauty<\/strong> : sans ingr\u00e9dients nocifs, alliant maquillage et soin.<\/li>\n<\/ul>\n<p>The complexion is bright and fresh!<\/p>\n<p>ILIA s&rsquo;engage \u00e0 respecter les normes de beaut\u00e9 propres, en formulant des produits sans ingr\u00e9dients nocifs et en privil\u00e9giant les bienfaits pour la peau. Le Multi-Stick illustre cette philosophie en alliant maquillage et soin, offrant un produit qui sublime votre apparence tout en nourrissant votre peau.<\/p>","protected":false},"excerpt":{"rendered":"<p><strong>100% natural dye | Organic ingredients | Special for dark skin <\/strong><\/p>\n<p>Sway Illuminator is a bronze shade<strong> that will warm and illuminate dark skins. <\/strong>The secret to an even, luminous complexion without shine!<\/p>","protected":false},"featured_media":5948,"template":"","meta":{"ocean_post_layout":"","ocean_both_sidebars_style":"","ocean_both_sidebars_content_width":0,"ocean_both_sidebars_sidebars_width":0,"ocean_sidebar":"0","ocean_second_sidebar":"0","ocean_disable_margins":"enable","ocean_add_body_class":"","ocean_shortcode_before_top_bar":"","ocean_shortcode_after_top_bar":"","ocean_shortcode_before_header":"","ocean_shortcode_after_header":"","ocean_has_shortcode":"","ocean_shortcode_after_title":"","ocean_shortcode_before_footer_widgets":"","ocean_shortcode_after_footer_widgets":"","ocean_shortcode_before_footer_bottom":"","ocean_shortcode_after_footer_bottom":"","ocean_display_top_bar":"default","ocean_display_header":"default","ocean_header_style":"","ocean_center_header_left_menu":"0","ocean_custom_header_template":"0","ocean_custom_logo":0,"ocean_custom_retina_logo":0,"ocean_custom_logo_max_width":0,"ocean_custom_logo_tablet_max_width":0,"ocean_custom_logo_mobile_max_width":0,"ocean_custom_logo_max_height":0,"ocean_custom_logo_tablet_max_height":0,"ocean_custom_logo_mobile_max_height":0,"ocean_header_custom_menu":"0","ocean_menu_typo_font_family":"0","ocean_menu_typo_font_subset":"","ocean_menu_typo_font_size":0,"ocean_menu_typo_font_size_tablet":0,"ocean_menu_typo_font_size_mobile":0,"ocean_menu_typo_font_size_unit":"px","ocean_menu_typo_font_weight":"","ocean_menu_typo_font_weight_tablet":"","ocean_menu_typo_font_weight_mobile":"","ocean_menu_typo_transform":"","ocean_menu_typo_transform_tablet":"","ocean_menu_typo_transform_mobile":"","ocean_menu_typo_line_height":0,"ocean_menu_typo_line_height_tablet":0,"ocean_menu_typo_line_height_mobile":0,"ocean_menu_typo_line_height_unit":"","ocean_menu_typo_spacing":0,"ocean_menu_typo_spacing_tablet":0,"ocean_menu_typo_spacing_mobile":0,"ocean_menu_typo_spacing_unit":"","ocean_menu_link_color":"","ocean_menu_link_color_hover":"","ocean_menu_link_color_active":"","ocean_menu_link_background":"","ocean_menu_link_hover_background":"","ocean_menu_link_active_background":"","ocean_menu_social_links_bg":"","ocean_menu_social_hover_links_bg":"","ocean_menu_social_links_color":"","ocean_menu_social_hover_links_color":"","ocean_disable_title":"default","ocean_disable_heading":"default","ocean_post_title":"","ocean_post_subheading":"","ocean_post_title_style":"","ocean_post_title_background_color":"","ocean_post_title_background":0,"ocean_post_title_bg_image_position":"","ocean_post_title_bg_image_attachment":"","ocean_post_title_bg_image_repeat":"","ocean_post_title_bg_image_size":"","ocean_post_title_height":0,"ocean_post_title_bg_overlay":0.5,"ocean_post_title_bg_overlay_color":"","ocean_disable_breadcrumbs":"default","ocean_breadcrumbs_color":"","ocean_breadcrumbs_separator_color":"","ocean_breadcrumbs_links_color":"","ocean_breadcrumbs_links_hover_color":"","ocean_display_footer_widgets":"default","ocean_display_footer_bottom":"default","ocean_custom_footer_template":"0"},"product_cat":[116,23],"product_tag":[],"class_list":{"0":"post-5947","1":"product","2":"type-product","3":"status-publish","4":"has-post-thumbnail","6":"product_brand-ilia","7":"product_cat-illuminators","8":"product_cat-cosmetique","10":"entry","11":"has-media","13":"first","14":"instock","15":"taxable","16":"shipping-taxable","17":"purchasable","18":"product-type-simple","19":"has-product-nav","20":"col","21":"span_1_of_4","22":"owp-content-center","23":"owp-thumbs-layout-horizontal","24":"owp-btn-normal","25":"owp-tabs-layout-horizontal"},"_links":{"self":[{"href":"https:\/\/awesomegreenbeauty.com\/en\/wp-json\/wp\/v2\/product\/5947","targetHints":{"allow":["GET"]}}],"collection":[{"href":"https:\/\/awesomegreenbeauty.com\/en\/wp-json\/wp\/v2\/product"}],"about":[{"href":"https:\/\/awesomegreenbeauty.com\/en\/wp-json\/wp\/v2\/types\/product"}],"version-history":[{"count":0,"href":"https:\/\/awesomegreenbeauty.com\/en\/wp-json\/wp\/v2\/product\/5947\/revisions"}],"wp:featuredmedia":[{"embeddable":true,"href":"https:\/\/awesomegreenbeauty.com\/en\/wp-json\/wp\/v2\/media\/5948"}],"wp:attachment":[{"href":"https:\/\/awesomegreenbeauty.com\/en\/wp-json\/wp\/v2\/media?parent=5947"}],"wp:term":[{"taxonomy":"product_cat","embeddable":true,"href":"https:\/\/awesomegreenbeauty.com\/en\/wp-json\/wp\/v2\/product_cat?post=5947"},{"taxonomy":"product_tag","embeddable":true,"href":"https:\/\/awesomegreenbeauty.com\/en\/wp-json\/wp\/v2\/product_tag?post=5947"}],"curies":[{"name":"wp","href":"https:\/\/api.w.org\/{rel}","templated":true}]}}