{"id":666,"date":"2019-09-04T17:22:49","date_gmt":"2019-09-04T15:22:49","guid":{"rendered":"https:\/\/www.mygreenbrands.fr\/?post_type=product&#038;p=666"},"modified":"2025-12-19T10:27:58","modified_gmt":"2025-12-19T09:27:58","slug":"tabitha-james-kraan-golden-citrus-hair-shampoing","status":"publish","type":"product","link":"https:\/\/awesomegreenbeauty.com\/en\/product\/tabitha-james-kraan-golden-citrus-hair-shampoing\/","title":{"rendered":"TABITHA JAMES KRAAN \u2013 Golden Citrus Hair Cleanser \u2013 150 ml"},"content":{"rendered":"<p>100% Natural | 86% Organic | Vegan | Gluten free<\/p>\n<p>TABITHAJAMES KRAAN Organic Hair Cleanser GOLDEN CITRUS is a revolutionary 100% natural formulation that will cleanse, nourish, restore health and protect your hair whilst delivering incredible shine and body; correct cleansing is the foundation to any good hair care routine.<\/p>\n<p>Tabitha James Kraan est un des pionniers de la coiffure Bio depuis pr\u00e8s de 20 ans, il n&rsquo;eu de cesse de substituer aux produits chimiques nocifs des produits naturels efficaces. Depuis 1999, son salon de coiffure a int\u00e9gr\u00e9 des produits naturels utilisant des huiles essentielles certifi\u00e9es organiques Purest afin de r\u00e9pondre au mieux aux besoins de ses clientes qu&rsquo;il s&rsquo;agisse de cheveux color\u00e9s ou naturels. Ces produits sont fabriqu\u00e9s en Angleterre.<br \/>\nThe aluminum bottle is recyclable with pump dispenser. Use within 12 months of opening.<\/p>","protected":false},"excerpt":{"rendered":"<p><strong>100% Natural | 86% Organic | Vegan<\/strong>. This Golden Citrus shampoo is a revolutionary 100% natural formulation <strong>cleans, nourishes and protects your hair while providing exceptional shine.<\/strong> Divin !<\/p>\n<p>&nbsp;<\/p>","protected":false},"featured_media":5472,"template":"","meta":{"ocean_post_layout":"","ocean_both_sidebars_style":"","ocean_both_sidebars_content_width":0,"ocean_both_sidebars_sidebars_width":0,"ocean_sidebar":"0","ocean_second_sidebar":"0","ocean_disable_margins":"enable","ocean_add_body_class":"","ocean_shortcode_before_top_bar":"","ocean_shortcode_after_top_bar":"","ocean_shortcode_before_header":"","ocean_shortcode_after_header":"","ocean_has_shortcode":"","ocean_shortcode_after_title":"","ocean_shortcode_before_footer_widgets":"","ocean_shortcode_after_footer_widgets":"","ocean_shortcode_before_footer_bottom":"","ocean_shortcode_after_footer_bottom":"","ocean_display_top_bar":"default","ocean_display_header":"default","ocean_header_style":"","ocean_center_header_left_menu":"0","ocean_custom_header_template":"0","ocean_custom_logo":0,"ocean_custom_retina_logo":0,"ocean_custom_logo_max_width":0,"ocean_custom_logo_tablet_max_width":0,"ocean_custom_logo_mobile_max_width":0,"ocean_custom_logo_max_height":0,"ocean_custom_logo_tablet_max_height":0,"ocean_custom_logo_mobile_max_height":0,"ocean_header_custom_menu":"0","ocean_menu_typo_font_family":"0","ocean_menu_typo_font_subset":"","ocean_menu_typo_font_size":0,"ocean_menu_typo_font_size_tablet":0,"ocean_menu_typo_font_size_mobile":0,"ocean_menu_typo_font_size_unit":"px","ocean_menu_typo_font_weight":"","ocean_menu_typo_font_weight_tablet":"","ocean_menu_typo_font_weight_mobile":"","ocean_menu_typo_transform":"","ocean_menu_typo_transform_tablet":"","ocean_menu_typo_transform_mobile":"","ocean_menu_typo_line_height":0,"ocean_menu_typo_line_height_tablet":0,"ocean_menu_typo_line_height_mobile":0,"ocean_menu_typo_line_height_unit":"","ocean_menu_typo_spacing":0,"ocean_menu_typo_spacing_tablet":0,"ocean_menu_typo_spacing_mobile":0,"ocean_menu_typo_spacing_unit":"","ocean_menu_link_color":"","ocean_menu_link_color_hover":"","ocean_menu_link_color_active":"","ocean_menu_link_background":"","ocean_menu_link_hover_background":"","ocean_menu_link_active_background":"","ocean_menu_social_links_bg":"","ocean_menu_social_hover_links_bg":"","ocean_menu_social_links_color":"","ocean_menu_social_hover_links_color":"","ocean_disable_title":"default","ocean_disable_heading":"default","ocean_post_title":"","ocean_post_subheading":"","ocean_post_title_style":"","ocean_post_title_background_color":"","ocean_post_title_background":0,"ocean_post_title_bg_image_position":"","ocean_post_title_bg_image_attachment":"","ocean_post_title_bg_image_repeat":"","ocean_post_title_bg_image_size":"","ocean_post_title_height":0,"ocean_post_title_bg_overlay":0.5,"ocean_post_title_bg_overlay_color":"","ocean_disable_breadcrumbs":"default","ocean_breadcrumbs_color":"","ocean_breadcrumbs_separator_color":"","ocean_breadcrumbs_links_color":"","ocean_breadcrumbs_links_hover_color":"","ocean_display_footer_widgets":"default","ocean_display_footer_bottom":"default","ocean_custom_footer_template":"0"},"product_cat":[129,109,110,102,121],"product_tag":[],"class_list":{"0":"post-666","1":"product","2":"type-product","3":"status-publish","4":"has-post-thumbnail","6":"product_brand-tabitha-kraan","7":"product_cat-cheveux-clairs","8":"product_cat-cheveux-secs-abimes","9":"product_cat-cuirs-chevelus-sensibles","10":"product_cat-shampoing","11":"product_cat-soins-des-cheveux-pere","13":"entry","14":"has-media","16":"first","17":"onbackorder","18":"taxable","19":"shipping-taxable","20":"purchasable","21":"product-type-simple","22":"has-product-nav","23":"col","24":"span_1_of_4","25":"owp-content-center","26":"owp-thumbs-layout-horizontal","27":"owp-btn-normal","28":"owp-tabs-layout-horizontal"},"_links":{"self":[{"href":"https:\/\/awesomegreenbeauty.com\/en\/wp-json\/wp\/v2\/product\/666","targetHints":{"allow":["GET"]}}],"collection":[{"href":"https:\/\/awesomegreenbeauty.com\/en\/wp-json\/wp\/v2\/product"}],"about":[{"href":"https:\/\/awesomegreenbeauty.com\/en\/wp-json\/wp\/v2\/types\/product"}],"version-history":[{"count":0,"href":"https:\/\/awesomegreenbeauty.com\/en\/wp-json\/wp\/v2\/product\/666\/revisions"}],"wp:featuredmedia":[{"embeddable":true,"href":"https:\/\/awesomegreenbeauty.com\/en\/wp-json\/wp\/v2\/media\/5472"}],"wp:attachment":[{"href":"https:\/\/awesomegreenbeauty.com\/en\/wp-json\/wp\/v2\/media?parent=666"}],"wp:term":[{"taxonomy":"product_cat","embeddable":true,"href":"https:\/\/awesomegreenbeauty.com\/en\/wp-json\/wp\/v2\/product_cat?post=666"},{"taxonomy":"product_tag","embeddable":true,"href":"https:\/\/awesomegreenbeauty.com\/en\/wp-json\/wp\/v2\/product_tag?post=666"}],"curies":[{"name":"wp","href":"https:\/\/api.w.org\/{rel}","templated":true}]}}