{"id":669,"date":"2019-09-05T11:29:10","date_gmt":"2019-09-05T09:29:10","guid":{"rendered":"https:\/\/www.mygreenbrands.fr\/?post_type=product&#038;p=669"},"modified":"2025-09-21T00:04:07","modified_gmt":"2025-09-20T22:04:07","slug":"le-pure-baume-hydratant-intense","status":"publish","type":"product","link":"https:\/\/awesomegreenbeauty.com\/en\/product\/le-pure-baume-hydratant-intense\/","title":{"rendered":"LE PURE &#8211; Smooth Addiction &#8211; Baume Hydratant intense &#8211; 30 ml"},"content":{"rendered":"<p>Baume hydratant intense.\u00a0Le SMOOTH ADDICTION est un baume hydratant intense hautement efficace qui associe de puissants lipides dont<a href=\"https:\/\/www.elle.fr\/Beaute\/Soins\/Tendances\/Huile-de-figue-de-Barbarie-le-soin-anti-age-naturel-aux-bienfaits-precieux-3967456\" target=\"_blank\" rel=\"noopener\"><strong> la figue de barbarie<\/strong> <\/a>et des extraits de plantes. Sa forte concentration de nutriments v\u00e9g\u00e9taux permet la r\u00e9g\u00e9n\u00e9ration rapide des zones sensibles de la peau. Ce baume hydratant intense est particuli\u00e8rement adapt\u00e9 <a href=\"https:\/\/awesomegreenbeauty.com\/en\/les-peaux-matures-2\/\" target=\"_blank\" rel=\"noopener\"><strong>aux peaux s\u00e8ches et matures.<\/strong><\/a><br \/>\n+ Lisse instantan\u00e9ment les peaux s\u00e8ches et rugueuses<br \/>\n+ Am\u00e9liore visiblement les rides et lignes d\u2019expression<br \/>\n+ R\u00e9g\u00e9n\u00e8re et prot\u00e8ge du vieillissement pr\u00e9matur\u00e9<br \/>\n+ Traite efficacement le contour des yeux, les t\u00e2ches, la couperose et les peaux s\u00e8ches.<\/p>\n<p>Les acides gras de <a href=\"https:\/\/www.premiumbeautynews.com\/fr\/l-huile-de-pepins-de-figue-de%2C22835?utm_source\" target=\"_blank\" rel=\"noopener\"><strong>l\u2019huile de figue de Barbarie,<\/strong><\/a> HOW DOES THE ADVANCED TECHNOLOGY LED MASK WORK?<a href=\"https:\/\/centifoliabio.fr\/fr\/blog\/post\/les-bienfaits-insoupconnes-du-beurre-de-cacao-ici-devoiles-.html?srsltid=AfmBOooYyw6UAQJkySslKY8wfSoob1bj26w_bEOK_6HazKSGb5b6NX-h\" target=\"_blank\" rel=\"noopener\"><strong> cocoa butter<\/strong><\/a>,<a href=\"https:\/\/thetrustsociety.fr\/blogs\/la-vie-en-jaune\/quels-sont-les-bienfaits-du-beurre-de-karite\" target=\"_blank\" rel=\"noopener\"><strong> le beurre de karit\u00e9<\/strong><\/a> et l\u2019huile de coco permettent d\u2019hydrater au maximum la peau afin de maintenir son \u00e9lasticit\u00e9. Le baume prot\u00e8ge \u00e9galement la peau du froid, de la chaleur, du vent et de l\u2019humidit\u00e9.<br \/>\nL\u2019argousier procure \u00e0 la peau vitamines B et E, acides gras essentiels (Om\u00e9ga 3, 6 et 7), flavono\u00efdes et carot\u00e8ne. Ces \u00e9l\u00e9ments renforcent l\u2019action de l\u2019huile de figue de Barbarie et agissent en synergie avec l\u2019effet calmant du souci et l\u2019immortelle d\u2019Italie. Gr\u00e2ce \u00e0 sa composition puissante, Ce baume hydratant intense r\u00e9g\u00e9n\u00e8re la peau en profondeur et la prot\u00e8ge du vieillissement pr\u00e9matur\u00e9.<\/p>\n<p>100% Naturel | 100% Bio<\/p>","protected":false},"excerpt":{"rendered":"<p>1<strong>00% Naturel | 100% Bio |Tout type de peau<\/strong><\/p>\n<p>The SMOOTH ADDICTION is a <strong>baume d\u2019hydratation intense<\/strong> hautement efficace qui associe de puissants lipides et des extraits de plantes. A<strong>m\u00e9liore visiblement les rides et lignes d\u2019expression |R\u00e9g\u00e9n\u00e8re et prot\u00e8ge du vieillissement pr\u00e9matur\u00e9 |Traite efficacement le contour des yeux, les t\u00e2ches,\u00a0 et la couperose. <\/strong>Just effective !<\/p>\n<p>&nbsp;<\/p>","protected":false},"featured_media":4129,"template":"","meta":{"ocean_post_layout":"","ocean_both_sidebars_style":"","ocean_both_sidebars_content_width":0,"ocean_both_sidebars_sidebars_width":0,"ocean_sidebar":"0","ocean_second_sidebar":"0","ocean_disable_margins":"enable","ocean_add_body_class":"","ocean_shortcode_before_top_bar":"","ocean_shortcode_after_top_bar":"","ocean_shortcode_before_header":"","ocean_shortcode_after_header":"","ocean_has_shortcode":"","ocean_shortcode_after_title":"","ocean_shortcode_before_footer_widgets":"","ocean_shortcode_after_footer_widgets":"","ocean_shortcode_before_footer_bottom":"","ocean_shortcode_after_footer_bottom":"","ocean_display_top_bar":"default","ocean_display_header":"default","ocean_header_style":"","ocean_center_header_left_menu":"0","ocean_custom_header_template":"0","ocean_custom_logo":0,"ocean_custom_retina_logo":0,"ocean_custom_logo_max_width":0,"ocean_custom_logo_tablet_max_width":0,"ocean_custom_logo_mobile_max_width":0,"ocean_custom_logo_max_height":0,"ocean_custom_logo_tablet_max_height":0,"ocean_custom_logo_mobile_max_height":0,"ocean_header_custom_menu":"0","ocean_menu_typo_font_family":"0","ocean_menu_typo_font_subset":"","ocean_menu_typo_font_size":0,"ocean_menu_typo_font_size_tablet":0,"ocean_menu_typo_font_size_mobile":0,"ocean_menu_typo_font_size_unit":"px","ocean_menu_typo_font_weight":"","ocean_menu_typo_font_weight_tablet":"","ocean_menu_typo_font_weight_mobile":"","ocean_menu_typo_transform":"","ocean_menu_typo_transform_tablet":"","ocean_menu_typo_transform_mobile":"","ocean_menu_typo_line_height":0,"ocean_menu_typo_line_height_tablet":0,"ocean_menu_typo_line_height_mobile":0,"ocean_menu_typo_line_height_unit":"","ocean_menu_typo_spacing":0,"ocean_menu_typo_spacing_tablet":0,"ocean_menu_typo_spacing_mobile":0,"ocean_menu_typo_spacing_unit":"","ocean_menu_link_color":"","ocean_menu_link_color_hover":"","ocean_menu_link_color_active":"","ocean_menu_link_background":"","ocean_menu_link_hover_background":"","ocean_menu_link_active_background":"","ocean_menu_social_links_bg":"","ocean_menu_social_hover_links_bg":"","ocean_menu_social_links_color":"","ocean_menu_social_hover_links_color":"","ocean_disable_title":"default","ocean_disable_heading":"default","ocean_post_title":"","ocean_post_subheading":"","ocean_post_title_style":"","ocean_post_title_background_color":"","ocean_post_title_background":0,"ocean_post_title_bg_image_position":"","ocean_post_title_bg_image_attachment":"","ocean_post_title_bg_image_repeat":"","ocean_post_title_bg_image_size":"","ocean_post_title_height":0,"ocean_post_title_bg_overlay":0.5,"ocean_post_title_bg_overlay_color":"","ocean_disable_breadcrumbs":"default","ocean_breadcrumbs_color":"","ocean_breadcrumbs_separator_color":"","ocean_breadcrumbs_links_color":"","ocean_breadcrumbs_links_hover_color":"","ocean_display_footer_widgets":"default","ocean_display_footer_bottom":"default","ocean_custom_footer_template":"0"},"product_cat":[79,87,90,80],"product_tag":[],"class_list":{"0":"post-669","1":"product","2":"type-product","3":"status-publish","4":"has-post-thumbnail","6":"product_brand-le-pure","7":"product_cat-hydratants-visage-aux-huiles-bio","8":"product_cat-peaux-matures","9":"product_cat-peaux-seches-deshydratees","10":"product_cat-soins-des-yeux","12":"entry","13":"has-media","15":"first","16":"outofstock","17":"taxable","18":"shipping-taxable","19":"purchasable","20":"product-type-simple","21":"has-product-nav","22":"col","23":"span_1_of_4","24":"owp-content-center","25":"owp-thumbs-layout-horizontal","26":"owp-btn-normal","27":"owp-tabs-layout-horizontal","28":"has-no-thumbnails"},"_links":{"self":[{"href":"https:\/\/awesomegreenbeauty.com\/en\/wp-json\/wp\/v2\/product\/669","targetHints":{"allow":["GET"]}}],"collection":[{"href":"https:\/\/awesomegreenbeauty.com\/en\/wp-json\/wp\/v2\/product"}],"about":[{"href":"https:\/\/awesomegreenbeauty.com\/en\/wp-json\/wp\/v2\/types\/product"}],"version-history":[{"count":0,"href":"https:\/\/awesomegreenbeauty.com\/en\/wp-json\/wp\/v2\/product\/669\/revisions"}],"wp:featuredmedia":[{"embeddable":true,"href":"https:\/\/awesomegreenbeauty.com\/en\/wp-json\/wp\/v2\/media\/4129"}],"wp:attachment":[{"href":"https:\/\/awesomegreenbeauty.com\/en\/wp-json\/wp\/v2\/media?parent=669"}],"wp:term":[{"taxonomy":"product_cat","embeddable":true,"href":"https:\/\/awesomegreenbeauty.com\/en\/wp-json\/wp\/v2\/product_cat?post=669"},{"taxonomy":"product_tag","embeddable":true,"href":"https:\/\/awesomegreenbeauty.com\/en\/wp-json\/wp\/v2\/product_tag?post=669"}],"curies":[{"name":"wp","href":"https:\/\/api.w.org\/{rel}","templated":true}]}}