{"id":795,"date":"2019-09-05T11:54:55","date_gmt":"2019-09-05T09:54:55","guid":{"rendered":"https:\/\/www.mygreenbrands.fr\/?post_type=product&#038;p=795"},"modified":"2025-05-02T13:16:54","modified_gmt":"2025-05-02T11:16:54","slug":"le-pure-instant-liberation-masque-purifiant-thermo-actif","status":"publish","type":"product","link":"https:\/\/awesomegreenbeauty.com\/en\/product\/le-pure-instant-liberation-masque-purifiant-thermo-actif\/","title":{"rendered":"LE PURE &#8211; Instant Lib\u00e9ration &#8211; Masque Purifiant Thermo-actif  &#8211; 50ml"},"content":{"rendered":"<p>Un masque purifiant thermoactif formul\u00e9 \u00e0 base de plantes m\u00e9dicinales (La Cassia angustifolia) et d&rsquo;argiles tels que le Kaolin permettent de revitaliser la peau pendant la nuit. L\u2019action synergique des ingr\u00e9dients bio actifs prot\u00e8ge la peau des radicaux libres, \u00e0 l\u2019origine de son vieillissement pr\u00e9matur\u00e9,\u00a0 et pr\u00e9vient la formation de t\u00e2ches. Son usage r\u00e9gulier affine les pores et rend le teint plus net et plus lumineux. A int\u00e9grer dans <strong>la routine beaut\u00e9 recommand\u00e9e par Awesome pour <a href=\"https:\/\/awesomegreenbeauty.com\/en\/les-peaux-a-imperfections\/\" target=\"_blank\" rel=\"noopener\">les peaux \u00e0 imperfections<\/a> ainsi que celle pr\u00e9conis\u00e9e pour <a href=\"https:\/\/awesomegreenbeauty.com\/en\/routines-peaux-sensibles-reactives\/\" target=\"_blank\" rel=\"noopener\">les peaux sensible<\/a>s et <a href=\"https:\/\/awesomegreenbeauty.com\/en\/hyperpigmentation-taches-pigmentaires\/\" target=\"_blank\" rel=\"noopener\">pr\u00e9sentant des probl\u00e8mes d&rsquo;hyperpigmentation.<\/a><\/strong><\/p>\n<p>Selected plant nutrients and kaolin (medicinal clay) activate the skin's metabolism. The increase of the skin's temperature<\/p>\n<ul>\n<li>Removes impurities from the skin during the night<\/li>\n<li>Smoothes and refines pores<\/li>\n<li>Revitalizes the skin and creates a luminous complexion<\/li>\n<li>Corrects tasks, acne and milia<\/li>\n<\/ul>\n<h3>Masque Purifiant \u00e0 la Cassia Angustifolia<\/h3>\n<p>Ce masque purifiant thermoactif est formul\u00e9 \u00e0 base de Cassia angustifolia, une plante reconnue pour ses propri\u00e9t\u00e9s purifiantes et apaisantes. Ce masque agit en douceur pour nettoyer la peau en profondeur, \u00e9liminer les impuret\u00e9s et r\u00e9v\u00e9ler un teint frais et lumineux.<\/p>\n<h3>Caract\u00e9ristiques uniques de ce masque purifiant thermoactif<\/h3>\n<p><strong>&#8211; Exfoliation naturelle et douc<\/strong>e :La Cassia angustifolia aide \u00e0 \u00e9liminer les cellules mortes sans agresser la peau, favorisant un renouvellement cellulaire optimal.<br \/>\n&#8211; <strong>Propri\u00e9t\u00e9s anti-inflammatoire<\/strong>s : Apaise les rougeurs et irritations pour une peau calm\u00e9e et \u00e9quilibr\u00e9e.<br \/>\n&#8211; <strong>Effet purifiant intense :<\/strong>Nettoie les pores en profondeur, r\u00e9duisant l&rsquo;exc\u00e8s de s\u00e9bum et pr\u00e9venant l&rsquo;apparition des imperfections.<br \/>\n&#8211; <strong>Natural antioxidants<\/strong> : Prot\u00e8ge la peau contre les agressions ext\u00e9rieures et le vieillissement pr\u00e9matur\u00e9.<\/p>\n<p><strong>Suitable for sensitive skin<\/strong> :Formul\u00e9 pour minimiser les risques d&rsquo;irritation, il respecte l&rsquo;\u00e9quilibre naturel de la peau.<\/p>\n<h3>Directions for use<\/h3>\n<p>Appliquer une couche uniforme sur une peau propre et s\u00e8che. Laisser poser 10 \u00e0 15 minutes puis rincer \u00e0 l\u2019eau ti\u00e8de. Utiliser 1 \u00e0 2 fois par semaine pour un teint purifi\u00e9 et \u00e9clatant.<\/p>\n<p>Ingr\u00e9dients cl\u00e9s :<br \/>\nExtrait de Cassia angustifolia, agents hydratants naturels, extraits v\u00e9g\u00e9taux apaisants.<\/p>\n<p>Ideal for ALL skin types, especially for skin with pigmentation spots, impurities, uneven skin tone, fragile capillaries, acne-prone and flaccid skin.<\/p>","protected":false},"excerpt":{"rendered":"<p><strong>100% Natural | All skin types | Recommended for the treatment of pigment spots, enlarged pores and sagging skin<\/strong><\/p>\n<p>Un masque formul\u00e9 avec des plantes m\u00e9dicinales et d&rsquo;argiles qui revitalisent la peau pendant la nuit !<\/p>\n<ul>\n<li>Removes impurities from the skin during the night<\/li>\n<li>Smoothes the skin and refines the pores<\/li>\n<li>Revitalizes the skin and gives radiance to the complexion<\/li>\n<li>Corrects tasks, acne and milia<\/li>\n<\/ul>","protected":false},"featured_media":4126,"template":"","meta":{"ocean_post_layout":"","ocean_both_sidebars_style":"","ocean_both_sidebars_content_width":0,"ocean_both_sidebars_sidebars_width":0,"ocean_sidebar":"0","ocean_second_sidebar":"0","ocean_disable_margins":"enable","ocean_add_body_class":"","ocean_shortcode_before_top_bar":"","ocean_shortcode_after_top_bar":"","ocean_shortcode_before_header":"","ocean_shortcode_after_header":"","ocean_has_shortcode":"","ocean_shortcode_after_title":"","ocean_shortcode_before_footer_widgets":"","ocean_shortcode_after_footer_widgets":"","ocean_shortcode_before_footer_bottom":"","ocean_shortcode_after_footer_bottom":"","ocean_display_top_bar":"default","ocean_display_header":"default","ocean_header_style":"","ocean_center_header_left_menu":"0","ocean_custom_header_template":"0","ocean_custom_logo":0,"ocean_custom_retina_logo":0,"ocean_custom_logo_max_width":0,"ocean_custom_logo_tablet_max_width":0,"ocean_custom_logo_mobile_max_width":0,"ocean_custom_logo_max_height":0,"ocean_custom_logo_tablet_max_height":0,"ocean_custom_logo_mobile_max_height":0,"ocean_header_custom_menu":"0","ocean_menu_typo_font_family":"0","ocean_menu_typo_font_subset":"","ocean_menu_typo_font_size":0,"ocean_menu_typo_font_size_tablet":0,"ocean_menu_typo_font_size_mobile":0,"ocean_menu_typo_font_size_unit":"px","ocean_menu_typo_font_weight":"","ocean_menu_typo_font_weight_tablet":"","ocean_menu_typo_font_weight_mobile":"","ocean_menu_typo_transform":"","ocean_menu_typo_transform_tablet":"","ocean_menu_typo_transform_mobile":"","ocean_menu_typo_line_height":0,"ocean_menu_typo_line_height_tablet":0,"ocean_menu_typo_line_height_mobile":0,"ocean_menu_typo_line_height_unit":"","ocean_menu_typo_spacing":0,"ocean_menu_typo_spacing_tablet":0,"ocean_menu_typo_spacing_mobile":0,"ocean_menu_typo_spacing_unit":"","ocean_menu_link_color":"","ocean_menu_link_color_hover":"","ocean_menu_link_color_active":"","ocean_menu_link_background":"","ocean_menu_link_hover_background":"","ocean_menu_link_active_background":"","ocean_menu_social_links_bg":"","ocean_menu_social_hover_links_bg":"","ocean_menu_social_links_color":"","ocean_menu_social_hover_links_color":"","ocean_disable_title":"default","ocean_disable_heading":"default","ocean_post_title":"","ocean_post_subheading":"","ocean_post_title_style":"","ocean_post_title_background_color":"","ocean_post_title_background":0,"ocean_post_title_bg_image_position":"","ocean_post_title_bg_image_attachment":"","ocean_post_title_bg_image_repeat":"","ocean_post_title_bg_image_size":"","ocean_post_title_height":0,"ocean_post_title_bg_overlay":0.5,"ocean_post_title_bg_overlay_color":"","ocean_disable_breadcrumbs":"default","ocean_breadcrumbs_color":"","ocean_breadcrumbs_separator_color":"","ocean_breadcrumbs_links_color":"","ocean_breadcrumbs_links_hover_color":"","ocean_display_footer_widgets":"default","ocean_display_footer_bottom":"default","ocean_custom_footer_template":"0"},"product_cat":[34,410,76,89,87,91,119,20],"product_tag":[],"class_list":{"0":"post-795","1":"product","2":"type-product","3":"status-publish","4":"has-post-thumbnail","6":"product_brand-le-pure","7":"product_cat-pere","8":"product_cat-hyperpigmentation-taches-pigmentaires","9":"product_cat-masques-traitants-naturels-bio","10":"product_cat-peaux-grasses-mixtes","11":"product_cat-peaux-matures","12":"product_cat-tout-type-de-peau","13":"product_cat-soins-du-visage-pere","14":"product_cat-soins-du-visage","16":"entry","17":"has-media","19":"first","20":"instock","21":"taxable","22":"shipping-taxable","23":"purchasable","24":"product-type-simple","25":"has-product-nav","26":"col","27":"span_1_of_4","28":"owp-content-center","29":"owp-thumbs-layout-horizontal","30":"owp-btn-normal","31":"owp-tabs-layout-horizontal","32":"has-no-thumbnails"},"_links":{"self":[{"href":"https:\/\/awesomegreenbeauty.com\/en\/wp-json\/wp\/v2\/product\/795","targetHints":{"allow":["GET"]}}],"collection":[{"href":"https:\/\/awesomegreenbeauty.com\/en\/wp-json\/wp\/v2\/product"}],"about":[{"href":"https:\/\/awesomegreenbeauty.com\/en\/wp-json\/wp\/v2\/types\/product"}],"version-history":[{"count":0,"href":"https:\/\/awesomegreenbeauty.com\/en\/wp-json\/wp\/v2\/product\/795\/revisions"}],"wp:featuredmedia":[{"embeddable":true,"href":"https:\/\/awesomegreenbeauty.com\/en\/wp-json\/wp\/v2\/media\/4126"}],"wp:attachment":[{"href":"https:\/\/awesomegreenbeauty.com\/en\/wp-json\/wp\/v2\/media?parent=795"}],"wp:term":[{"taxonomy":"product_cat","embeddable":true,"href":"https:\/\/awesomegreenbeauty.com\/en\/wp-json\/wp\/v2\/product_cat?post=795"},{"taxonomy":"product_tag","embeddable":true,"href":"https:\/\/awesomegreenbeauty.com\/en\/wp-json\/wp\/v2\/product_tag?post=795"}],"curies":[{"name":"wp","href":"https:\/\/api.w.org\/{rel}","templated":true}]}}