{"id":801,"date":"2019-09-05T12:21:06","date_gmt":"2019-09-05T10:21:06","guid":{"rendered":"https:\/\/www.mygreenbrands.fr\/?post_type=product&#038;p=801"},"modified":"2025-04-16T20:05:30","modified_gmt":"2025-04-16T18:05:30","slug":"le-pure-velvet-hydratation-lotion-regenerante-et-antioxydante","status":"publish","type":"product","link":"https:\/\/awesomegreenbeauty.com\/en\/product\/le-pure-velvet-hydratation-lotion-regenerante-et-antioxydante\/","title":{"rendered":"LE PURE &#8211; Velvet Hydratation &#8211; Lotion R\u00e9g\u00e9n\u00e9rante &#038; Antioxydante  100 ml"},"content":{"rendered":"<p>Lotion R\u00e9g\u00e9n\u00e9rante &amp; Antioxydante Le Velvet Hydratation \u00e0 base <strong>d\u2019hibiscu<\/strong>s, de st\u00e9via et de figue de Barbarie.<a href=\"https:\/\/www.topsante.com\/beaute-soins\/belle-au-naturel\/les-ingredients-naturels\/l-hibiscus-la-plante-de-l-eclat-616252\" target=\"_blank\" rel=\"noopener\"><strong> L\u2019hibiscus<\/strong><\/a> est surnomm\u00e9 <strong data-start=\"403\" data-end=\"424\">\u00ab\u00a0la plante botox\u00a0\u00bb<\/strong> en cosm\u00e9tique naturelle, gr\u00e2ce \u00e0 sa richesse en acides de fruits (AHA) et antioxydants.<\/p>\n<p>Les huiles essentielles s\u00e9lectionn\u00e9es purifient, hydratent et renforcent le film hydrolipidique de la peau et permettent d\u2019att\u00e9nuer le vieillissement de la peau li\u00e9 au stress et \u00e0 la pollution.<\/p>\n<p>R\u00e9duit les tensions du visage ainsi que les lignes d\u2019expression et les rides. Fournit une hydratation intense pour un teint radieux.<br \/>\n<strong>+ Purifie et renforce le film hydrolipidique de la peau.<\/strong><br \/>\n<strong>-+Apaise et rafra\u00eechit la peau.<\/strong><br \/>\n<strong>-+Traite les cernes, poches, yeux gonfl\u00e9s.<\/strong><\/p>\n<p class=\"\" data-start=\"413\" data-end=\"753\">Cette lotion R\u00e9g\u00e9n\u00e9rante &amp; Antioxydante brume florale naturelle offre une vague de fra\u00eecheur et de lumi\u00e8re \u00e0 la peau. Lotion R\u00e9g\u00e9n\u00e9rante &amp; Antioxydante riche en <strong data-start=\"506\" data-end=\"541\">hydrolats et extraits de fleurs<\/strong> pr\u00e9cieuses, elle hydrate, apaise et ravive l\u2019\u00e9clat du teint en un seul geste. Son parfum subtil et sensoriel, enti\u00e8rement d\u2019origine naturelle, invite \u00e0 la d\u00e9tente tout en respectant les peaux les plus d\u00e9licates.<\/p>\n<p class=\"\" data-start=\"755\" data-end=\"956\">Cette <strong>lotion R\u00e9g\u00e9n\u00e9rante &amp; Antioxydante<\/strong> est id\u00e9ale en <strong data-start=\"765\" data-end=\"795\">tonique apr\u00e8s le nettoyage<\/strong>, en <strong data-start=\"800\" data-end=\"843\">rafra\u00eechissement au cours de la journ\u00e9e<\/strong> ou comme <strong data-start=\"853\" data-end=\"879\">fixateur de maquillage<\/strong>, cette brume devient un incontournable de toute routine clean et holistique.<\/p>\n<p>Id\u00e9ale pour tout type de peau y compris les peaux hypersensibles, r\u00e9actives, \u00e0\u00a0 tendance acn\u00e9ique, sujette \u00e0 la couperose, la rosac\u00e9e, l\u2019eczema o\u00f9 la dermatite.<\/p>","protected":false},"excerpt":{"rendered":"<p><strong>100% Natural | 100% organic. All skin type<\/strong> y compris les peaux hypersensibles, r\u00e9actives, \u00e0\u00a0 tendance acn\u00e9ique.<\/p>\n<p>Cette lotion r\u00e9g\u00e9n\u00e9rante et antioxydante riche en <strong>antioxydants tr\u00e8s puissants<\/strong> Preserves <strong>l\u2019hydratation et l\u2019\u00e9lasticit\u00e9 de la peau, purifie et r\u00e9duit les inflammations<\/strong>.<\/p>\n<p>T<strong>raite les cernes, poches et les yeux gonfl\u00e9s.<\/strong><\/p>","protected":false},"featured_media":4124,"template":"","meta":{"ocean_post_layout":"","ocean_both_sidebars_style":"","ocean_both_sidebars_content_width":0,"ocean_both_sidebars_sidebars_width":0,"ocean_sidebar":"0","ocean_second_sidebar":"0","ocean_disable_margins":"enable","ocean_add_body_class":"","ocean_shortcode_before_top_bar":"","ocean_shortcode_after_top_bar":"","ocean_shortcode_before_header":"","ocean_shortcode_after_header":"","ocean_has_shortcode":"","ocean_shortcode_after_title":"","ocean_shortcode_before_footer_widgets":"","ocean_shortcode_after_footer_widgets":"","ocean_shortcode_before_footer_bottom":"","ocean_shortcode_after_footer_bottom":"","ocean_display_top_bar":"default","ocean_display_header":"default","ocean_header_style":"","ocean_center_header_left_menu":"0","ocean_custom_header_template":"0","ocean_custom_logo":0,"ocean_custom_retina_logo":0,"ocean_custom_logo_max_width":0,"ocean_custom_logo_tablet_max_width":0,"ocean_custom_logo_mobile_max_width":0,"ocean_custom_logo_max_height":0,"ocean_custom_logo_tablet_max_height":0,"ocean_custom_logo_mobile_max_height":0,"ocean_header_custom_menu":"0","ocean_menu_typo_font_family":"0","ocean_menu_typo_font_subset":"","ocean_menu_typo_font_size":0,"ocean_menu_typo_font_size_tablet":0,"ocean_menu_typo_font_size_mobile":0,"ocean_menu_typo_font_size_unit":"px","ocean_menu_typo_font_weight":"","ocean_menu_typo_font_weight_tablet":"","ocean_menu_typo_font_weight_mobile":"","ocean_menu_typo_transform":"","ocean_menu_typo_transform_tablet":"","ocean_menu_typo_transform_mobile":"","ocean_menu_typo_line_height":0,"ocean_menu_typo_line_height_tablet":0,"ocean_menu_typo_line_height_mobile":0,"ocean_menu_typo_line_height_unit":"","ocean_menu_typo_spacing":0,"ocean_menu_typo_spacing_tablet":0,"ocean_menu_typo_spacing_mobile":0,"ocean_menu_typo_spacing_unit":"","ocean_menu_link_color":"","ocean_menu_link_color_hover":"","ocean_menu_link_color_active":"","ocean_menu_link_background":"","ocean_menu_link_hover_background":"","ocean_menu_link_active_background":"","ocean_menu_social_links_bg":"","ocean_menu_social_hover_links_bg":"","ocean_menu_social_links_color":"","ocean_menu_social_hover_links_color":"","ocean_disable_title":"default","ocean_disable_heading":"default","ocean_post_title":"","ocean_post_subheading":"","ocean_post_title_style":"","ocean_post_title_background_color":"","ocean_post_title_background":0,"ocean_post_title_bg_image_position":"","ocean_post_title_bg_image_attachment":"","ocean_post_title_bg_image_repeat":"","ocean_post_title_bg_image_size":"","ocean_post_title_height":0,"ocean_post_title_bg_overlay":0.5,"ocean_post_title_bg_overlay_color":"","ocean_disable_breadcrumbs":"default","ocean_breadcrumbs_color":"","ocean_breadcrumbs_separator_color":"","ocean_breadcrumbs_links_color":"","ocean_breadcrumbs_links_hover_color":"","ocean_display_footer_widgets":"default","ocean_display_footer_bottom":"default","ocean_custom_footer_template":"0"},"product_cat":[78,91,88,80],"product_tag":[],"class_list":{"0":"post-801","1":"product","2":"type-product","3":"status-publish","4":"has-post-thumbnail","6":"product_brand-le-pure","7":"product_cat-lotions-hydrolats-brumises-bio-naturelles","8":"product_cat-tout-type-de-peau","9":"product_cat-peaux-sensibles-reactives","10":"product_cat-soins-des-yeux","12":"entry","13":"has-media","15":"first","16":"instock","17":"taxable","18":"shipping-taxable","19":"purchasable","20":"product-type-simple","21":"has-product-nav","22":"col","23":"span_1_of_4","24":"owp-content-center","25":"owp-thumbs-layout-horizontal","26":"owp-btn-normal","27":"owp-tabs-layout-horizontal","28":"has-no-thumbnails"},"_links":{"self":[{"href":"https:\/\/awesomegreenbeauty.com\/en\/wp-json\/wp\/v2\/product\/801","targetHints":{"allow":["GET"]}}],"collection":[{"href":"https:\/\/awesomegreenbeauty.com\/en\/wp-json\/wp\/v2\/product"}],"about":[{"href":"https:\/\/awesomegreenbeauty.com\/en\/wp-json\/wp\/v2\/types\/product"}],"version-history":[{"count":0,"href":"https:\/\/awesomegreenbeauty.com\/en\/wp-json\/wp\/v2\/product\/801\/revisions"}],"wp:featuredmedia":[{"embeddable":true,"href":"https:\/\/awesomegreenbeauty.com\/en\/wp-json\/wp\/v2\/media\/4124"}],"wp:attachment":[{"href":"https:\/\/awesomegreenbeauty.com\/en\/wp-json\/wp\/v2\/media?parent=801"}],"wp:term":[{"taxonomy":"product_cat","embeddable":true,"href":"https:\/\/awesomegreenbeauty.com\/en\/wp-json\/wp\/v2\/product_cat?post=801"},{"taxonomy":"product_tag","embeddable":true,"href":"https:\/\/awesomegreenbeauty.com\/en\/wp-json\/wp\/v2\/product_tag?post=801"}],"curies":[{"name":"wp","href":"https:\/\/api.w.org\/{rel}","templated":true}]}}