{"id":99,"date":"2019-08-11T17:48:32","date_gmt":"2019-08-11T15:48:32","guid":{"rendered":"https:\/\/www.mygreenbrands.fr\/?post_type=product&#038;p=99"},"modified":"2026-04-17T18:27:44","modified_gmt":"2026-04-17T16:27:44","slug":"leahlani-skincare-huile-demaquillante-au-pamplemousse-100ml","status":"publish","type":"product","link":"https:\/\/awesomegreenbeauty.com\/en\/product\/leahlani-skincare-huile-demaquillante-au-pamplemousse-100ml\/","title":{"rendered":"LEAHLANI SKINCARE &#8211; Huile D\u00e9maquillante Exfoliante au Pamplemousse &#8211; 100 ml"},"content":{"rendered":"<p>Huile D\u00e9maquillante Exfoliante au Pamplemousse. Un cocktail d\u2019huiles riches divinement <strong>parfum\u00e9<\/strong> gr\u00e2ce aux ar\u00f4mes de <strong>pamplemousse<\/strong> rose et blanc, de\u00a0 <strong>vanille<\/strong> et de fleurs exotiques telles que le frangipanier. Un soin d\u2019exception qui \u00e9limine efficacement les impuret\u00e9s et le maquillage en douceur sans oublier son l\u00e9ger pouvoir exfoliant gr\u00e2ce aux enzymes de papaye et d\u2019ananas.<\/p>\n<p><strong>Tr\u00e8s agr\u00e9able \u00e0 utiliser\u00a0<\/strong>: l\u2019huile d\u00e9maquillante au pamplemousse <strong>se rince tout simplement \u00e0 l&rsquo;eau<\/strong> et laisse votre peau fra\u00eeche, douce, propre et repulp\u00e9e.<\/p>\n<h3 data-start=\"876\" data-end=\"906\"><strong data-start=\"882\" data-end=\"906\">Principaux b\u00e9n\u00e9fices de cette huile d\u00e9maquillante exfoliante au pamplemousse<\/strong><\/h3>\n<h4 data-start=\"876\" data-end=\"906\"><span class=\"relative -mx-px my-[-0.2rem] rounded px-px py-[0.2rem] transition-colors duration-100 ease-in-out\" style=\"font-size: 16px;\">Dissout maquillage tenace, y compris waterproof<\/span><span style=\"font-size: 16px;\">\u00a0<\/span><\/h4>\n<h4 data-start=\"993\" data-end=\"1074\"><span class=\"relative -mx-px my-[-0.2rem] rounded px-px py-[0.2rem] transition-colors duration-100 ease-in-out\">Respecte le film hydrolipidique cutan\u00e9 pour une peau douce et non dess\u00e9ch\u00e9e<\/span><\/h4>\n<h4 data-start=\"1077\" data-end=\"1158\"><span class=\"relative -mx-px my-[-0.2rem] rounded px-px py-[0.2rem] transition-colors duration-100 ease-in-out\">Pr\u00e9serve l\u2019\u00e9quilibre naturel cutan\u00e9 sans agresser la barri\u00e8re protectrice<\/span><\/h4>\n<h4 data-start=\"1161\" data-end=\"1200\"><span class=\"relative -mx-px my-[-0.2rem] rounded px-px py-[0.2rem] transition-colors duration-100 ease-in-out\">Double action : d\u00e9maquillage + exfoliation douce pour un teint \u00e9clatant<\/span><\/h4>\n","protected":false},"excerpt":{"rendered":"<p data-start=\"142\" data-end=\"179\"><span class=\"relative -mx-px my-[-0.2rem] rounded px-px py-[0.2rem] transition-colors duration-100 ease-in-out\">Huile d\u00e9maquillante \u00e0 98\u202f% d\u2019ingr\u00e9dients d\u2019origine naturelle, enrichie en huiles v\u00e9g\u00e9tales pr\u00e9cieuses et enzymes fruit\u00e9es. Se transforme en lait au contact de l\u2019eau pour un rin\u00e7age facile.<\/span><\/p>\n<p>Un cocktail d\u2019huiles d\u00e9maquillantes riches divinement <strong>parfum\u00e9<\/strong>\u00a0gr\u00e2ce aux ar\u00f4mes de\u00a0<strong>pamplemousse<\/strong> rose et blanc, de\u00a0<strong>vanille<\/strong> et de fleurs exotiques telles que le frangipanier.<\/p>\n","protected":false},"featured_media":100,"template":"","meta":{"ocean_post_layout":"","ocean_both_sidebars_style":"","ocean_both_sidebars_content_width":0,"ocean_both_sidebars_sidebars_width":0,"ocean_sidebar":"0","ocean_second_sidebar":"0","ocean_disable_margins":"enable","ocean_add_body_class":"","ocean_shortcode_before_top_bar":"","ocean_shortcode_after_top_bar":"","ocean_shortcode_before_header":"","ocean_shortcode_after_header":"","ocean_has_shortcode":"","ocean_shortcode_after_title":"","ocean_shortcode_before_footer_widgets":"","ocean_shortcode_after_footer_widgets":"","ocean_shortcode_before_footer_bottom":"","ocean_shortcode_after_footer_bottom":"","ocean_display_top_bar":"default","ocean_display_header":"default","ocean_header_style":"","ocean_center_header_left_menu":"0","ocean_custom_header_template":"0","ocean_custom_logo":0,"ocean_custom_retina_logo":0,"ocean_custom_logo_max_width":0,"ocean_custom_logo_tablet_max_width":0,"ocean_custom_logo_mobile_max_width":0,"ocean_custom_logo_max_height":0,"ocean_custom_logo_tablet_max_height":0,"ocean_custom_logo_mobile_max_height":0,"ocean_header_custom_menu":"0","ocean_menu_typo_font_family":"0","ocean_menu_typo_font_subset":"","ocean_menu_typo_font_size":0,"ocean_menu_typo_font_size_tablet":0,"ocean_menu_typo_font_size_mobile":0,"ocean_menu_typo_font_size_unit":"px","ocean_menu_typo_font_weight":"","ocean_menu_typo_font_weight_tablet":"","ocean_menu_typo_font_weight_mobile":"","ocean_menu_typo_transform":"","ocean_menu_typo_transform_tablet":"","ocean_menu_typo_transform_mobile":"","ocean_menu_typo_line_height":0,"ocean_menu_typo_line_height_tablet":0,"ocean_menu_typo_line_height_mobile":0,"ocean_menu_typo_line_height_unit":"","ocean_menu_typo_spacing":0,"ocean_menu_typo_spacing_tablet":0,"ocean_menu_typo_spacing_mobile":0,"ocean_menu_typo_spacing_unit":"","ocean_menu_link_color":"","ocean_menu_link_color_hover":"","ocean_menu_link_color_active":"","ocean_menu_link_background":"","ocean_menu_link_hover_background":"","ocean_menu_link_active_background":"","ocean_menu_social_links_bg":"","ocean_menu_social_hover_links_bg":"","ocean_menu_social_links_color":"","ocean_menu_social_hover_links_color":"","ocean_disable_title":"default","ocean_disable_heading":"default","ocean_post_title":"","ocean_post_subheading":"","ocean_post_title_style":"","ocean_post_title_background_color":"","ocean_post_title_background":0,"ocean_post_title_bg_image_position":"","ocean_post_title_bg_image_attachment":"","ocean_post_title_bg_image_repeat":"","ocean_post_title_bg_image_size":"","ocean_post_title_height":0,"ocean_post_title_bg_overlay":0.5,"ocean_post_title_bg_overlay_color":"","ocean_disable_breadcrumbs":"default","ocean_breadcrumbs_color":"","ocean_breadcrumbs_separator_color":"","ocean_breadcrumbs_links_color":"","ocean_breadcrumbs_links_hover_color":"","ocean_display_footer_widgets":"default","ocean_display_footer_bottom":"default","ocean_custom_footer_template":"0"},"product_cat":[36,91],"product_tag":[],"class_list":{"0":"post-99","1":"product","2":"type-product","3":"status-publish","4":"has-post-thumbnail","6":"product_brand-leahlani","7":"product_cat-nettoyants-visage-bio-naturels","8":"product_cat-tout-type-de-peau","10":"entry","11":"has-media","13":"first","14":"instock","15":"taxable","16":"shipping-taxable","17":"purchasable","18":"product-type-simple","19":"has-product-nav","20":"col","21":"span_1_of_4","22":"owp-content-center","23":"owp-thumbs-layout-horizontal","24":"owp-btn-normal","25":"owp-tabs-layout-horizontal"},"_links":{"self":[{"href":"https:\/\/awesomegreenbeauty.com\/en\/wp-json\/wp\/v2\/product\/99","targetHints":{"allow":["GET"]}}],"collection":[{"href":"https:\/\/awesomegreenbeauty.com\/en\/wp-json\/wp\/v2\/product"}],"about":[{"href":"https:\/\/awesomegreenbeauty.com\/en\/wp-json\/wp\/v2\/types\/product"}],"version-history":[{"count":0,"href":"https:\/\/awesomegreenbeauty.com\/en\/wp-json\/wp\/v2\/product\/99\/revisions"}],"wp:featuredmedia":[{"embeddable":true,"href":"https:\/\/awesomegreenbeauty.com\/en\/wp-json\/wp\/v2\/media\/100"}],"wp:attachment":[{"href":"https:\/\/awesomegreenbeauty.com\/en\/wp-json\/wp\/v2\/media?parent=99"}],"wp:term":[{"taxonomy":"product_cat","embeddable":true,"href":"https:\/\/awesomegreenbeauty.com\/en\/wp-json\/wp\/v2\/product_cat?post=99"},{"taxonomy":"product_tag","embeddable":true,"href":"https:\/\/awesomegreenbeauty.com\/en\/wp-json\/wp\/v2\/product_tag?post=99"}],"curies":[{"name":"wp","href":"https:\/\/api.w.org\/{rel}","templated":true}]}}