{"id":995,"date":"2019-09-07T16:55:38","date_gmt":"2019-09-07T14:55:38","guid":{"rendered":"https:\/\/www.mygreenbrands.fr\/?post_type=product&#038;p=995"},"modified":"2024-01-31T15:47:53","modified_gmt":"2024-01-31T14:47:53","slug":"mel-millis-set-de-voyage-mel-millis-re-energise-3-soins","status":"publish","type":"product","link":"https:\/\/awesomegreenbeauty.com\/en\/product\/mel-millis-set-de-voyage-mel-millis-re-energise-3-soins\/","title":{"rendered":"MEL MILLIS \u2013 Phytonutri Re Energise Daily Travel Trio Set"},"content":{"rendered":"<p>3 Treats<br \/>\nYour ideal travelling companions!\nMel Millis Phytonutri Daily Travel Trios are petite versions of their daily phytonutri must haves.\nMel Millis Phytonutri Re Energise Daily Travel Trio Contains :<br \/>\n1 x Phytonutri Daily Cleansing Oil, 30ml<br \/>\n1 x Phytonutri Neroli Hydrolate Mist Tonic, 30ml<br \/>\n1 x Phytonutri Neroli &amp; Baobab Re Energising Face Oil, 30ml<\/p>\n<p>Huile d\u00e9maquillante 100% naturelle | Bio | vegan | Sans gluten.<br \/>\nPhytonutri Daily Cleansing Oil - 30ml<br \/>\nMel Millis \u00e9limine en douceur la salet\u00e9, les impuret\u00e9s et l&rsquo;exc\u00e8s de s\u00e9bum qui obstrue les pores. Formul\u00e9e \u00e0 base d&rsquo;huiles d&rsquo;abricot, d&rsquo;avocat et de cam\u00e9lia, cette merveilleuse huile d\u00e9maquille impeccablement le visage et les yeux sans irriter. Son action astringente, anti-inflammatoire et antibact\u00e9rienne gr\u00e2ce la pr\u00e9sence d&rsquo;huiles essentielles d&rsquo;orange, de lavande et de camomille rend la peau parfaitement propre, nette, d\u00e9toxifi\u00e9e et apais\u00e9e.<br \/>\nSuitable for all skin types.<br \/>\nWith this oil, your skin is prepared to receive bioactive phytonutrients, which will be all the more effective.<\/p>\n<p>Neroli Hydration Tonic Lotion - 30 ml<br \/>\nMel Millis Alcohol-Free Neroli Hydrosol Tonic Lotion hydrates, refreshes and nourishes all skin types, even the most sensitive ones. It promotes the regeneration of new cells, stimulates those already present and protects the epidermis from external aggressions.<br \/>\nThe hydrolates are used after the skin cleansing process to eliminate toxins, rebalance the pH of the skin and optimize the absorption of future care. The skin is perfectly hydrated, soft, refreshed and refreshed!<br \/>\nThe hydrolates are extracted during the distillation process of essential oils. The neroli hydrolates, from the 10th century, are the first to have been created with rose and geranium. Phytonutri Mel Millis Tonic Lotions are 100% organic hydrosols and do not contain alcohol.<\/p>\n<p>Baobab &amp; neroli energizing beauty oil - 30 ml<br \/>\nThe bio-energizing baobab &amp; neroli oil from the Phytonutri Mel Millis range is an exceptional oil due to the ultra-pure quality of the bioactive phytonutrients used. Dedicated to mature skin, this oil with a delicate odor penetrates quickly to leave no greasy film on the face.<br \/>\nContaining an ultra-efficient combination of pumpkin, baobab, rose hip and sea buckthorn oils *, infused with precious immortelle and neroli oils, this wonderful 100% natural beauty oil smoothes the skin and fights signs age by promoting cell regeneration and increasing collagen production. The skin regains suppleness and vitality thanks to this unique combination of active ingredients that stimulates the lymphatic circulation and strengthens the epidermis.<br \/>\nMel Millis Phytonutri beauty oils are formulated with ultra-concentrated vegetable and essential oils to maximize protein and antioxidant intake for vital skin.<\/p>","protected":false},"excerpt":{"rendered":"<p><strong>100 % Naturel | Bio. Peaux matures et ternes<\/strong>.<strong> Le set de voyage Energisant <\/strong>\u00a0contains 3 essential treatments of 30 ml to pursue your beauty routine whereever you are.<\/p>\n<p>&nbsp;<\/p>","protected":false},"featured_media":997,"template":"","meta":{"ocean_post_layout":"","ocean_both_sidebars_style":"","ocean_both_sidebars_content_width":0,"ocean_both_sidebars_sidebars_width":0,"ocean_sidebar":"","ocean_second_sidebar":"","ocean_disable_margins":"enable","ocean_add_body_class":"","ocean_shortcode_before_top_bar":"","ocean_shortcode_after_top_bar":"","ocean_shortcode_before_header":"","ocean_shortcode_after_header":"","ocean_has_shortcode":"","ocean_shortcode_after_title":"","ocean_shortcode_before_footer_widgets":"","ocean_shortcode_after_footer_widgets":"","ocean_shortcode_before_footer_bottom":"","ocean_shortcode_after_footer_bottom":"","ocean_display_top_bar":"default","ocean_display_header":"default","ocean_header_style":"","ocean_center_header_left_menu":"","ocean_custom_header_template":"","ocean_custom_logo":0,"ocean_custom_retina_logo":0,"ocean_custom_logo_max_width":0,"ocean_custom_logo_tablet_max_width":0,"ocean_custom_logo_mobile_max_width":0,"ocean_custom_logo_max_height":0,"ocean_custom_logo_tablet_max_height":0,"ocean_custom_logo_mobile_max_height":0,"ocean_header_custom_menu":"","ocean_menu_typo_font_family":"","ocean_menu_typo_font_subset":"","ocean_menu_typo_font_size":0,"ocean_menu_typo_font_size_tablet":0,"ocean_menu_typo_font_size_mobile":0,"ocean_menu_typo_font_size_unit":"px","ocean_menu_typo_font_weight":"","ocean_menu_typo_font_weight_tablet":"","ocean_menu_typo_font_weight_mobile":"","ocean_menu_typo_transform":"","ocean_menu_typo_transform_tablet":"","ocean_menu_typo_transform_mobile":"","ocean_menu_typo_line_height":0,"ocean_menu_typo_line_height_tablet":0,"ocean_menu_typo_line_height_mobile":0,"ocean_menu_typo_line_height_unit":"","ocean_menu_typo_spacing":0,"ocean_menu_typo_spacing_tablet":0,"ocean_menu_typo_spacing_mobile":0,"ocean_menu_typo_spacing_unit":"","ocean_menu_link_color":"","ocean_menu_link_color_hover":"","ocean_menu_link_color_active":"","ocean_menu_link_background":"","ocean_menu_link_hover_background":"","ocean_menu_link_active_background":"","ocean_menu_social_links_bg":"","ocean_menu_social_hover_links_bg":"","ocean_menu_social_links_color":"","ocean_menu_social_hover_links_color":"","ocean_disable_title":"default","ocean_disable_heading":"default","ocean_post_title":"","ocean_post_subheading":"","ocean_post_title_style":"","ocean_post_title_background_color":"","ocean_post_title_background":0,"ocean_post_title_bg_image_position":"","ocean_post_title_bg_image_attachment":"","ocean_post_title_bg_image_repeat":"","ocean_post_title_bg_image_size":"","ocean_post_title_height":0,"ocean_post_title_bg_overlay":0.5,"ocean_post_title_bg_overlay_color":"","ocean_disable_breadcrumbs":"default","ocean_breadcrumbs_color":"","ocean_breadcrumbs_separator_color":"","ocean_breadcrumbs_links_color":"","ocean_breadcrumbs_links_hover_color":"","ocean_display_footer_widgets":"default","ocean_display_footer_bottom":"default","ocean_custom_footer_template":""},"product_cat":[83,91,82,20],"product_tag":[],"class_list":{"0":"post-995","1":"product","2":"type-product","3":"status-publish","4":"has-post-thumbnail","6":"product_brand-mel-millis","7":"product_cat-coffrets-cadeaux","8":"product_cat-tout-type-de-peau","9":"product_cat-sets-de-voyage","10":"product_cat-soins-du-visage","12":"entry","13":"has-media","15":"first","16":"outofstock","17":"taxable","18":"shipping-taxable","19":"purchasable","20":"product-type-simple","21":"has-product-nav","22":"col","23":"span_1_of_4","24":"owp-content-center","25":"owp-thumbs-layout-horizontal","26":"owp-btn-normal","27":"owp-tabs-layout-horizontal"},"_links":{"self":[{"href":"https:\/\/awesomegreenbeauty.com\/en\/wp-json\/wp\/v2\/product\/995","targetHints":{"allow":["GET"]}}],"collection":[{"href":"https:\/\/awesomegreenbeauty.com\/en\/wp-json\/wp\/v2\/product"}],"about":[{"href":"https:\/\/awesomegreenbeauty.com\/en\/wp-json\/wp\/v2\/types\/product"}],"version-history":[{"count":0,"href":"https:\/\/awesomegreenbeauty.com\/en\/wp-json\/wp\/v2\/product\/995\/revisions"}],"wp:featuredmedia":[{"embeddable":true,"href":"https:\/\/awesomegreenbeauty.com\/en\/wp-json\/wp\/v2\/media\/997"}],"wp:attachment":[{"href":"https:\/\/awesomegreenbeauty.com\/en\/wp-json\/wp\/v2\/media?parent=995"}],"wp:term":[{"taxonomy":"product_cat","embeddable":true,"href":"https:\/\/awesomegreenbeauty.com\/en\/wp-json\/wp\/v2\/product_cat?post=995"},{"taxonomy":"product_tag","embeddable":true,"href":"https:\/\/awesomegreenbeauty.com\/en\/wp-json\/wp\/v2\/product_tag?post=995"}],"curies":[{"name":"wp","href":"https:\/\/api.w.org\/{rel}","templated":true}]}}